{"id":20059,"date":"2020-12-16T12:21:00","date_gmt":"2020-12-16T11:21:00","guid":{"rendered":"http:\/\/13.36.35.205\/produit\/import-placeholder-for-2016873\/"},"modified":"2025-01-23T11:22:53","modified_gmt":"2025-01-23T10:22:53","slug":"aquariodubaimallunderwaterzoo","status":"publish","type":"product","link":"https:\/\/soldodubai.com\/pt\/p\/aquariodubaimallunderwaterzoo\/","title":{"rendered":"AQU\u00c1RIO DUBAI MALL OU COMBO NO TOPO BURJ KHALIFA &amp; AQU\u00c1RIO"},"content":{"rendered":"<p>Situado no cora\u00e7\u00e3o de um dos maiores centros comerciais do mundo, o magn\u00edfico aqu\u00e1rio do Dubai Mall \u00e9 o maior do mundo e alberga mais de 140 esp\u00e9cies marinhas. S\u00e3o 300 peixes e mam\u00edferos para contemplar, desde tubar\u00f5es a arraias. Aproveite para passear por este aqu\u00e1rio sozinho, com a fam\u00edlia ou amigos, e admirar a natureza de perto. O tempo p\u00e1ra por um momento, para que possa tirar todas as fotografias e v\u00eddeos que quiser.<\/p>\n<p>- Aberto todos os dias das 10h00 \u00e0s 22h00 (\u00faltima entrada \u00e0s 21h00)<br \/>\n- Gratuito para crian\u00e7as com menos de 3 anos<\/p>\n<p><strong>O que inclui a tarifa:<\/strong><br \/>\nEntrada ilimitada no aqu\u00e1rio<br \/>\nA sua entrada no Observat\u00f3rio 124 e 125 do Burj Khalifa, se escolhido<\/p>\n<p><strong>Localiza\u00e7\u00e3o:<\/strong> Centro do Dubai<\/p>","protected":false},"excerpt":{"rendered":"<p>Situado no cora\u00e7\u00e3o de um dos maiores centros comerciais do mundo, o magn\u00edfico aqu\u00e1rio do Dubai Mall \u00e9 o maior do mundo e alberga mais de 140 esp\u00e9cies marinhas. Existem 300 peixes e mam\u00edferos para admirar, desde tubar\u00f5es a raias...<\/p>","protected":false},"featured_media":19682,"template":"","meta":[],"product_brand":[],"product_cat":[138,552],"product_tag":[],"class_list":{"0":"post-20059","1":"product","2":"type-product","3":"status-publish","4":"has-post-thumbnail","6":"product_cat-activites-en-ville-parcs-dattractions","7":"product_cat-activite-enfant","9":"first","10":"instock","11":"shipping-taxable","12":"purchasable","13":"product-type-simple"},"_links":{"self":[{"href":"https:\/\/soldodubai.com\/pt\/wp-json\/wp\/v2\/product\/20059","targetHints":{"allow":["GET"]}}],"collection":[{"href":"https:\/\/soldodubai.com\/pt\/wp-json\/wp\/v2\/product"}],"about":[{"href":"https:\/\/soldodubai.com\/pt\/wp-json\/wp\/v2\/types\/product"}],"version-history":[{"count":0,"href":"https:\/\/soldodubai.com\/pt\/wp-json\/wp\/v2\/product\/20059\/revisions"}],"wp:featuredmedia":[{"embeddable":true,"href":"https:\/\/soldodubai.com\/pt\/wp-json\/wp\/v2\/media\/19682"}],"wp:attachment":[{"href":"https:\/\/soldodubai.com\/pt\/wp-json\/wp\/v2\/media?parent=20059"}],"wp:term":[{"taxonomy":"product_brand","embeddable":true,"href":"https:\/\/soldodubai.com\/pt\/wp-json\/wp\/v2\/product_brand?post=20059"},{"taxonomy":"product_cat","embeddable":true,"href":"https:\/\/soldodubai.com\/pt\/wp-json\/wp\/v2\/product_cat?post=20059"},{"taxonomy":"product_tag","embeddable":true,"href":"https:\/\/soldodubai.com\/pt\/wp-json\/wp\/v2\/product_tag?post=20059"}],"curies":[{"name":"wp","href":"https:\/\/api.w.org\/{rel}","templated":true}]}}