{"id":20061,"date":"2020-12-16T12:21:00","date_gmt":"2020-12-16T11:21:00","guid":{"rendered":"http:\/\/13.36.35.205\/produit\/import-placeholder-for-2016876\/"},"modified":"2024-08-02T16:37:55","modified_gmt":"2024-08-02T15:37:55","slug":"nadarcomgolfinhosdolphinarium","status":"publish","type":"product","link":"https:\/\/soldodubai.com\/pt\/p\/nadarcomgolfinhosdolphinarium\/","title":{"rendered":"NADAR COM GOLFINHOS A PRE\u00c7OS BAIXOS, DUBAI"},"content":{"rendered":"<p>Aproveite a oportunidade de partilhar um momento inesquec\u00edvel com estes mam\u00edferos marinhos. A experi\u00eancia de vinte minutos tem lugar numa piscina interior onde v\u00e1rios golfinhos o recebem.<br \/>\nOs funcion\u00e1rios simp\u00e1ticos gui\u00e1-lo-\u00e3o at\u00e9 aos balne\u00e1rios para homens e mulheres. \u00c9 fornecido um fato de mergulho, bem como chinelos de pl\u00e1stico, se o desejar. \u00c9 igualmente fornecida uma m\u00e1scara de nata\u00e7\u00e3o para que n\u00e3o perca um \u00fanico segundo do seu mergulho subaqu\u00e1tico com os golfinhos.<\/p>\n<p>Uma equipa especializada e apaixonada acompanh\u00e1-lo-\u00e1 durante toda a atividade. Eles partilhar\u00e3o consigo os seus conhecimentos sobre este incr\u00edvel mam\u00edfero. Como se trata de uma atividade indoor, a SDD recomenda este local para os amantes de actividades que se concentram apenas na experi\u00eancia e n\u00e3o na decora\u00e7\u00e3o. Esta particularidade tamb\u00e9m lhe permite fazer algumas poupan\u00e7as.<\/p>\n<p><strong>Nadadores a partir dos 8 anos.<\/strong> Todas as crian\u00e7as com idades compreendidas entre os 8 e os 12 anos devem ser acompanhadas por um adulto na piscina, cujo lugar na piscina est\u00e1 igualmente sujeito a uma taxa.<br \/>\n<strong>Para as crian\u00e7as a partir dos 5 anos interagirem<\/strong>. Todas as crian\u00e7as com idades compreendidas entre os 5 e os 8 anos devem ser acompanhadas por um adulto na piscina, cujo lugar na piscina est\u00e1 igualmente sujeito a uma taxa.<\/p>\n<p>- Pode tirar fotografias e fazer v\u00eddeos com a sua pr\u00f3pria c\u00e2mara<br \/>\n- <span class=\"woocommerce-Price-amount amount\"><bdi>7.00&nbsp;<span class=\"woocommerce-Price-currencySymbol\">$<\/span><\/bdi><\/span>\/pessoa de entrada no parque municipal onde se realiza a atividade<\/p>\n<p><strong>O que o pre\u00e7o inclui:<\/strong><br \/>\nO seu fato de mergulho<br \/>\nAcesso ao espet\u00e1culo dos golfinhos<br \/>\n1 foto e 1 v\u00eddeo de recorda\u00e7\u00e3o<br \/>\n1 bebida<br \/>\nA sua intera\u00e7\u00e3o ou sess\u00e3o de nata\u00e7\u00e3o com o golfinho<\/p>\n<p>&nbsp;<\/p>\n<p><strong>Localiza\u00e7\u00e3o:<\/strong> Dubai Creek<\/p>","protected":false},"excerpt":{"rendered":"<p>Aproveite a oportunidade de partilhar um momento inesquec\u00edvel com estes mam\u00edferos marinhos. A experi\u00eancia de vinte minutos tem lugar numa piscina interior onde v\u00e1rios golfinhos o recebem. Um pessoal simp\u00e1tico guia-o at\u00e9 aos balne\u00e1rios, onde os homens e as mulheres est\u00e3o separados. Um fato de mergulho \u00e9...<\/p>","protected":false},"featured_media":19685,"template":"","meta":[],"product_brand":[],"product_cat":[140,150],"product_tag":[],"class_list":{"0":"post-20061","1":"product","2":"type-product","3":"status-publish","4":"has-post-thumbnail","6":"product_cat-activites","7":"product_cat-parc-dattractions-aquatiques","9":"first","10":"instock","11":"shipping-taxable","12":"purchasable","13":"product-type-simple"},"_links":{"self":[{"href":"https:\/\/soldodubai.com\/pt\/wp-json\/wp\/v2\/product\/20061","targetHints":{"allow":["GET"]}}],"collection":[{"href":"https:\/\/soldodubai.com\/pt\/wp-json\/wp\/v2\/product"}],"about":[{"href":"https:\/\/soldodubai.com\/pt\/wp-json\/wp\/v2\/types\/product"}],"version-history":[{"count":0,"href":"https:\/\/soldodubai.com\/pt\/wp-json\/wp\/v2\/product\/20061\/revisions"}],"wp:featuredmedia":[{"embeddable":true,"href":"https:\/\/soldodubai.com\/pt\/wp-json\/wp\/v2\/media\/19685"}],"wp:attachment":[{"href":"https:\/\/soldodubai.com\/pt\/wp-json\/wp\/v2\/media?parent=20061"}],"wp:term":[{"taxonomy":"product_brand","embeddable":true,"href":"https:\/\/soldodubai.com\/pt\/wp-json\/wp\/v2\/product_brand?post=20061"},{"taxonomy":"product_cat","embeddable":true,"href":"https:\/\/soldodubai.com\/pt\/wp-json\/wp\/v2\/product_cat?post=20061"},{"taxonomy":"product_tag","embeddable":true,"href":"https:\/\/soldodubai.com\/pt\/wp-json\/wp\/v2\/product_tag?post=20061"}],"curies":[{"name":"wp","href":"https:\/\/api.w.org\/{rel}","templated":true}]}}