{"id":20063,"date":"2020-12-16T12:21:00","date_gmt":"2020-12-16T11:21:00","guid":{"rendered":"http:\/\/13.36.35.205\/produit\/import-placeholder-for-2016879\/"},"modified":"2024-08-02T16:36:17","modified_gmt":"2024-08-02T15:36:17","slug":"mergulho","status":"publish","type":"product","link":"https:\/\/soldodubai.com\/pt\/p\/mergulho\/","title":{"rendered":"MERGULHO, FUJAIRAH"},"content":{"rendered":"<p>Explore as profundezas dos Emirados \u00c1rabes Unidos, a 2 horas de carro do Dubai, no emirado vizinho de Fujairah. A melhor altura para mergulhar \u00e9 de manh\u00e3, quando o organizador da atividade o vai buscar ao seu hotel ao amanhecer.<\/p>\n<p>Ap\u00f3s 2 horas de viagem, embarcar\u00e1 num barco especialmente concebido para o mergulho, uma lancha r\u00e1pida que o levar\u00e1 aos melhores locais de mergulho.<br \/>\nOs mergulhadores certificados ou principiantes s\u00e3o todos acompanhados por um mergulhador profissional e apaixonado que o informar\u00e1 em ingl\u00eas (mas o v\u00eddeo est\u00e1 dispon\u00edvel em todas as outras l\u00ednguas) e lhe mostrar\u00e1 o caminho a seguir nas profundezas do oceano.<br \/>\nTamb\u00e9m se encarregar\u00e3o da sua sess\u00e3o fotogr\u00e1fica subaqu\u00e1tica, que lhe enviar\u00e3o no final do dia pelo meio que escolher (e-mail ou telefone).<\/p>\n<p>Os mergulhadores certificados mergulham mais tempo e mais fundo do que os principiantes. 40 a 50 minutos em compara\u00e7\u00e3o com 30 a 40 minutos. Ter\u00e1 todo o equipamento necess\u00e1rio no local e at\u00e9 snorkels para se manter \u00e0 superf\u00edcie.<\/p>\n<p>Durante este mergulho, \u00e9 poss\u00edvel encontrar pequenos peixes, bem como raias, tartarugas marinhas e pequenos tubar\u00f5es inofensivos. Dado que esta atividade se realiza em mar aberto, n\u00e3o podemos garantir que os tubar\u00f5es estejam presentes nesse dia.<br \/>\nA dura\u00e7\u00e3o da visita \u00e9 de cerca de 6 horas.<\/p>\n<p>- N\u00e3o adequado para mulheres gr\u00e1vidas<br \/>\n- N\u00e3o \u00e9 adequado para pessoas com historial m\u00e9dico ou pessoas com tend\u00eancia para se sentirem indispostas<br \/>\n- N\u00e3o voar 18 horas ap\u00f3s a atividade<br \/>\n- Trazer o passaporte original e uma pasta<br \/>\n- A partir dos 12 anos<br \/>\n- N\u00e3o planear actividades no mesmo dia<\/p>\n<p><strong>O que inclui a tarifa:<\/strong><br \/>\nTransporte de e para o seu hotel<br \/>\nO seu mergulho acompanhado por um guia<br \/>\nO equipamento<br \/>\nFotografias subaqu\u00e1ticas<\/p>\n<p><strong>Localiza\u00e7\u00e3o:<\/strong> Fujairah<\/p>","protected":false},"excerpt":{"rendered":"<p>Explore as profundezas dos Emirados \u00c1rabes Unidos, a 2 horas de carro do Dubai, no Emirado vizinho de Fujairah... A melhor altura para mergulhar \u00e9 de manh\u00e3, quando o organizador da atividade o vai buscar ao seu local de mergulho ao amanhecer.<\/p>","protected":false},"featured_media":19687,"template":"","meta":[],"product_brand":[],"product_cat":[150,553],"product_tag":[],"class_list":{"0":"post-20063","1":"product","2":"type-product","3":"status-publish","4":"has-post-thumbnail","6":"product_cat-parc-dattractions-aquatiques","7":"product_cat-activite-couple","9":"first","10":"instock","11":"shipping-taxable","12":"purchasable","13":"product-type-simple"},"_links":{"self":[{"href":"https:\/\/soldodubai.com\/pt\/wp-json\/wp\/v2\/product\/20063","targetHints":{"allow":["GET"]}}],"collection":[{"href":"https:\/\/soldodubai.com\/pt\/wp-json\/wp\/v2\/product"}],"about":[{"href":"https:\/\/soldodubai.com\/pt\/wp-json\/wp\/v2\/types\/product"}],"version-history":[{"count":0,"href":"https:\/\/soldodubai.com\/pt\/wp-json\/wp\/v2\/product\/20063\/revisions"}],"wp:featuredmedia":[{"embeddable":true,"href":"https:\/\/soldodubai.com\/pt\/wp-json\/wp\/v2\/media\/19687"}],"wp:attachment":[{"href":"https:\/\/soldodubai.com\/pt\/wp-json\/wp\/v2\/media?parent=20063"}],"wp:term":[{"taxonomy":"product_brand","embeddable":true,"href":"https:\/\/soldodubai.com\/pt\/wp-json\/wp\/v2\/product_brand?post=20063"},{"taxonomy":"product_cat","embeddable":true,"href":"https:\/\/soldodubai.com\/pt\/wp-json\/wp\/v2\/product_cat?post=20063"},{"taxonomy":"product_tag","embeddable":true,"href":"https:\/\/soldodubai.com\/pt\/wp-json\/wp\/v2\/product_tag?post=20063"}],"curies":[{"name":"wp","href":"https:\/\/api.w.org\/{rel}","templated":true}]}}