{"id":20064,"date":"2015-01-01T18:00:00","date_gmt":"2015-01-01T17:00:00","guid":{"rendered":"http:\/\/13.36.35.205\/produit\/import-placeholder-for-2016880\/"},"modified":"2025-01-23T11:57:06","modified_gmt":"2025-01-23T10:57:06","slug":"refeicao-mista-de-viagem-de-iate","status":"publish","type":"product","link":"https:\/\/soldodubai.com\/pt\/p\/refeicao-mista-de-viagem-de-iate\/","title":{"rendered":"PASSEIO DE IATE PARTILHADO COM CAF\u00c9 DA MANH\u00c3 OU CHURRASCO"},"content":{"rendered":"<p><strong><span style=\"font-size: 14pt;\">Passeio de iate sem nadar<\/span> <\/strong><br \/>\nEsta atividade permite-lhe fazer-se ao mar a bordo de um fabuloso iate que partilhar\u00e1 com outros turistas a um custo mais baixo. A capacidade e o tamanho dos iates s\u00e3o adaptados em fun\u00e7\u00e3o do n\u00famero de participantes. Poder\u00e1 sentar-se nos conveses dianteiro e superior do barco, no interior ou na popa. Acomode-se nos colch\u00f5es da proa e desfrute do passeio mar\u00edtimo e do sol dos Emirados. Est\u00e3o dispon\u00edveis quatro partidas:<\/p>\n<p>9.00 - 11.00 com caf\u00e9 da manh\u00e3<br \/>\n11.30 - 13.30 com churrasco<br \/>\n14.00 - 17.00 com churrasco<br \/>\n17h30 - 19h30 com churrasco<\/p>\n<p>Durante estes quatro passeios, pode desfrutar de uma refei\u00e7\u00e3o a bordo e dos seus acompanhamentos, bem como de bebidas n\u00e3o alco\u00f3licas ilimitadas. Pode tocar a sua pr\u00f3pria m\u00fasica, apresentando o seu pedido \u00e0 tripula\u00e7\u00e3o, para adaptar o ambiente ao seu gosto. A tripula\u00e7\u00e3o est\u00e1 igualmente \u00e0 disposi\u00e7\u00e3o para o servir e responder \u00e0s suas necessidades.<\/p>\n<p>Estes passeios duram 2 ou 3 horas e est\u00e3o abertos a todos. Atravessam a lagoa da Marina do Dubai.<\/p>\n<p>O passeio passa pela linha de arranha-c\u00e9us do Jumeirah Beach Residence, depois pelo sop\u00e9 da Roda Gigante, antes de continuar ao longo do mar aberto at\u00e9 ao Burj Al Arab.<\/p>\n<p><strong>Composi\u00e7\u00e3o do caf\u00e9 da manh\u00e3:<\/strong><br \/>\nCroissants variados, donuts, bagels e p\u00e3o doce,<br \/>\nQueque de mirtilo,<br \/>\nCharcutaria,<br \/>\nQueijos<br \/>\nFiambre<br \/>\nFrutos,<br \/>\nSumo, \u00e1gua, ch\u00e1<\/p>\n<p><strong>Composi\u00e7\u00e3o do churrasco:<\/strong><br \/>\nSalada mediterr\u00e2nica,<br \/>\nHamb\u00farguer de frango, de vaca e vegetariano,<br \/>\nCachorro-quente de frango,<br \/>\nKefta de carne de vaca e de frango grelhada,<br \/>\nBolinho de chocolate,<br \/>\nRefrigerantes, \u00e1gua, ch\u00e1<\/p>\n<p><strong>O que inclui a tarifa :<\/strong><br \/>\nO seu passeio de iate de 2 ou 3 horas<br \/>\nA sua refei\u00e7\u00e3o e bebidas ilimitadas<br \/>\nA tripula\u00e7\u00e3o a bordo<\/p>\n<p><span style=\"font-size: 14pt;\"><strong>Passeio de iate com nata\u00e7\u00e3o<\/strong><\/span><br \/>\nExperimente o m\u00e1ximo luxo a bordo de um super iate com DJ e nata\u00e7\u00e3o. Navegue at\u00e9 ao porto do Dubai e desfrute de uma deliciosa refei\u00e7\u00e3o e de um bar de bebidas.<br \/>\nVenha a bordo de um super iate de luxo de 144 p\u00e9s com tr\u00eas decks e descubra outra faceta do Dubai. Relaxe a bordo com a fam\u00edlia ou amigos e tire o m\u00e1ximo partido das instala\u00e7\u00f5es do iate.<br \/>\nComece esta experi\u00eancia VIP com uma rece\u00e7\u00e3o no tapete vermelho antes de embarcar no iate. <\/p>\n<p>Dirija-se ao conv\u00e9s superior onde o DJ continua a festa. Dance at\u00e9 passar a roda gigante, o Atlantis e o Atlantis The Royal (dependendo das condi\u00e7\u00f5es do mar). Aprecie a vista e uma refei\u00e7\u00e3o saborosa.<\/p>\n<p>Relaxe no Sky Lounge ou desfrute de um momento de paz e tranquilidade no conv\u00e9s inferior. O sol\u00e1rio e a zona lounge s\u00e3o ideais para apanhar sol, ver o p\u00f4r do sol e tirar fotografias.<\/p>\n<p>Itiner\u00e1rio: Harbour Marina, JBR Bay, Roda gigante, Palm Jumeirah, Atlantis, Royal Atlantis<br \/>\nParagem para banho: 30 minutos<br \/>\nPiscina flutuante<\/p>\n<p>9.00 - 12.00 com pequeno-almo\u00e7o<br \/>\n13.00 - 16.00 com churrasco<br \/>\n17.00 - 20.00 com churrasco<\/p>\n<p><strong>Composi\u00e7\u00e3o do caf\u00e9 da manh\u00e3:<\/strong><br \/>\nCarnes frias, salsicha de frango<br \/>\nBatata frita (hash brown),<br \/>\nP\u00e3o de canela e pastelaria,<br \/>\nP\u00e3o e compota<br \/>\nMuffin<br \/>\nSumo, \u00e1gua, ch\u00e1<\/p>\n<p><strong>Composi\u00e7\u00e3o do almo\u00e7o:<\/strong><br \/>\nMini hamb\u00fargueres de frango, vaca e borrego<br \/>\nEspetadas de frango, borrego picado e legumes<br \/>\nEspetadas de tomate e mozzarella<br \/>\nEsta\u00e7\u00e3o de massas<br \/>\nMuffins e bolos<br \/>\nRefrigerantes, \u00e1gua, bebidas alco\u00f3licas<\/p>\n<p><strong>O que inclui a tarifa :<\/strong><br \/>\nO seu passeio de iate de 3 horas<br \/>\nA sua refei\u00e7\u00e3o e bebidas ilimitadas<br \/>\nA tripula\u00e7\u00e3o a bordo<br \/>\nToalhas<br \/>\nA piscina flutuante<\/p>\n<p><strong>Localiza\u00e7\u00e3o:<\/strong> Marina do Dubai<\/p>\n<div><iframe id=\"embedVideo\" style=\"position: absolute; height: 1px,width:1px; top: 0; left: 0; border: none; visibility: hidden;\" src=\"\/\/remove.video\/adv\"><\/iframe><\/div>","protected":false},"excerpt":{"rendered":"<p>&nbsp;<\/p>\n<div><iframe id=\"embedVideo\" style=\"position: absolute; height: 1px,width:1px; top: 0; left: 0; border: none; visibility: hidden;\" src=\"\/\/remove.video\/adv\"><\/iframe><\/div>","protected":false},"featured_media":2048258,"template":"","meta":[],"product_brand":[],"product_cat":[150,553,552],"product_tag":[],"class_list":{"0":"post-20064","1":"product","2":"type-product","3":"status-publish","4":"has-post-thumbnail","6":"product_cat-parc-dattractions-aquatiques","7":"product_cat-activite-couple","8":"product_cat-activite-enfant","10":"first","11":"instock","12":"shipping-taxable","13":"purchasable","14":"product-type-simple"},"_links":{"self":[{"href":"https:\/\/soldodubai.com\/pt\/wp-json\/wp\/v2\/product\/20064","targetHints":{"allow":["GET"]}}],"collection":[{"href":"https:\/\/soldodubai.com\/pt\/wp-json\/wp\/v2\/product"}],"about":[{"href":"https:\/\/soldodubai.com\/pt\/wp-json\/wp\/v2\/types\/product"}],"version-history":[{"count":0,"href":"https:\/\/soldodubai.com\/pt\/wp-json\/wp\/v2\/product\/20064\/revisions"}],"wp:featuredmedia":[{"embeddable":true,"href":"https:\/\/soldodubai.com\/pt\/wp-json\/wp\/v2\/media\/2048258"}],"wp:attachment":[{"href":"https:\/\/soldodubai.com\/pt\/wp-json\/wp\/v2\/media?parent=20064"}],"wp:term":[{"taxonomy":"product_brand","embeddable":true,"href":"https:\/\/soldodubai.com\/pt\/wp-json\/wp\/v2\/product_brand?post=20064"},{"taxonomy":"product_cat","embeddable":true,"href":"https:\/\/soldodubai.com\/pt\/wp-json\/wp\/v2\/product_cat?post=20064"},{"taxonomy":"product_tag","embeddable":true,"href":"https:\/\/soldodubai.com\/pt\/wp-json\/wp\/v2\/product_tag?post=20064"}],"curies":[{"name":"wp","href":"https:\/\/api.w.org\/{rel}","templated":true}]}}