{"id":20065,"date":"2020-12-16T12:21:00","date_gmt":"2020-12-16T11:21:00","guid":{"rendered":"http:\/\/13.36.35.205\/produit\/import-placeholder-for-2016881\/"},"modified":"2024-08-02T16:33:36","modified_gmt":"2024-08-02T15:33:36","slug":"passeiodelancharapida","status":"publish","type":"product","link":"https:\/\/soldodubai.com\/pt\/p\/passeiodelancharapida\/","title":{"rendered":"PASSEIO DE LANCHA R\u00c1PIDA, DUBAI"},"content":{"rendered":"<p>O Speed Boat Tour \u00e9 um cruzeiro de 90 minutos no Mar do Golfo, que passa pelos bairros da Marina, Jumeirah Beach Residence e Palm Jumeirah, bem como pelos majestosos hot\u00e9is Atlantis e Burj Al Arab.<br \/>\nA beleza arquitet\u00f3nica da cidade vai deix\u00e1-lo boquiaberto, quer esteja com amigos, em fam\u00edlia ou apenas a dois.<br \/>\nA velocidade de navega\u00e7\u00e3o \u00e9 bastante elevada, o que aumenta a divers\u00e3o da atividade, e o skipper tamb\u00e9m gosta de fazer alguns truques com o barco para aumentar a emo\u00e7\u00e3o.<br \/>\nEste passeio inclui tr\u00eas paragens para fotografias: a primeira em frente aos arranha-c\u00e9us da Marina, a segunda ao p\u00e9 do Atlantis e a \u00faltima em frente ao Burj Al Arab.<\/p>\n<p>No regresso, o barco aproxima-se da costa, proporcionando-lhe uma bela vista dos pal\u00e1cios de 5 estrelas da Palmeira e da ilha privada da fam\u00edlia real do Dubai.<br \/>\n- Sa\u00eddas de hora a hora, das 9 \u00e0s 17 horas.<br \/>\n- Se ficar enjoado, \u00e9 melhor fazer uma excurs\u00e3o de manh\u00e3. O mar est\u00e1 muito mais calmo.<br \/>\n- N\u00e3o \u00e9 adequado para crian\u00e7as com menos de 4 anos.<\/p>\n<p><strong>O que inclui a tarifa<\/strong><br \/>\nA sua visita guiada de 90 minutos com a tripula\u00e7\u00e3o<\/p>\n<p><strong>Localiza\u00e7\u00e3o:<\/strong> Marina do Dubai<\/p>","protected":false},"excerpt":{"rendered":"<p>&nbsp;<\/p>\n<div id=\"ypm-extension\" class=\"ypm-extension\"><\/div>","protected":false},"featured_media":2026847,"template":"","meta":[],"product_brand":[],"product_cat":[140,150],"product_tag":[],"class_list":{"0":"post-20065","1":"product","2":"type-product","3":"status-publish","4":"has-post-thumbnail","6":"product_cat-activites","7":"product_cat-parc-dattractions-aquatiques","9":"first","10":"instock","11":"virtual","12":"purchasable","13":"product-type-simple"},"_links":{"self":[{"href":"https:\/\/soldodubai.com\/pt\/wp-json\/wp\/v2\/product\/20065","targetHints":{"allow":["GET"]}}],"collection":[{"href":"https:\/\/soldodubai.com\/pt\/wp-json\/wp\/v2\/product"}],"about":[{"href":"https:\/\/soldodubai.com\/pt\/wp-json\/wp\/v2\/types\/product"}],"version-history":[{"count":0,"href":"https:\/\/soldodubai.com\/pt\/wp-json\/wp\/v2\/product\/20065\/revisions"}],"wp:featuredmedia":[{"embeddable":true,"href":"https:\/\/soldodubai.com\/pt\/wp-json\/wp\/v2\/media\/2026847"}],"wp:attachment":[{"href":"https:\/\/soldodubai.com\/pt\/wp-json\/wp\/v2\/media?parent=20065"}],"wp:term":[{"taxonomy":"product_brand","embeddable":true,"href":"https:\/\/soldodubai.com\/pt\/wp-json\/wp\/v2\/product_brand?post=20065"},{"taxonomy":"product_cat","embeddable":true,"href":"https:\/\/soldodubai.com\/pt\/wp-json\/wp\/v2\/product_cat?post=20065"},{"taxonomy":"product_tag","embeddable":true,"href":"https:\/\/soldodubai.com\/pt\/wp-json\/wp\/v2\/product_tag?post=20065"}],"curies":[{"name":"wp","href":"https:\/\/api.w.org\/{rel}","templated":true}]}}