{"id":20097,"date":"2020-12-16T12:21:00","date_gmt":"2020-12-16T11:21:00","guid":{"rendered":"http:\/\/13.36.35.205\/produit\/import-placeholder-for-2016884\/"},"modified":"2024-08-02T16:32:04","modified_gmt":"2024-08-02T15:32:04","slug":"flyboard-jetpack-jetovator-water-hoverboard-jbr-dubai-2","status":"publish","type":"product","link":"https:\/\/soldodubai.com\/pt\/p\/flyboard-jetpack-jetovator-water-hoverboard-jbr-dubai-2\/","title":{"rendered":"FLYBOARD, JETPACK, JETOVATOR, DUBAI"},"content":{"rendered":"<div>\n<p style=\"text-align: justify;\">At\u00e9 ent\u00e3o, voar era um sonho e um dom concedido aos p\u00e1ssaros. Foi ent\u00e3o que Deus criou o Sr. Zapata. Cria\u00e7\u00f5es futuristas, cada uma mais elaborada do que a outra, todas dispon\u00edveis no nosso parceiro de confian\u00e7a, um campe\u00e3o mundial destes desportos. Situado no famoso bairro de Palm Jumeirah, oferecemos-lhe experi\u00eancias incr\u00edveis aos comandos de novos equipamentos de desportos aqu\u00e1ticos.<\/p>\n<p style=\"text-align: justify;\">Ver a gama abaixo:<\/p>\n<p style=\"text-align: justify;\"><strong>JETPACK<\/strong><br \/>\nO Jet Pack partilha o mesmo princ\u00edpio que o Flyboard, com a diferen\u00e7a de que o reator se encontra na parte de tr\u00e1s. Esta m\u00e1quina permite-te descolar de uma altura de v\u00e1rios metros, dando-te a impress\u00e3o de voar. Os teus bra\u00e7os guiam-te na dire\u00e7\u00e3o do Jetpack.<br \/>\nCondi\u00e7\u00f5es de utiliza\u00e7\u00e3o: pesar menos de 90 kg; ter pelo menos 17 anos de idade; n\u00e3o ter sido submetido a qualquer opera\u00e7\u00e3o nos \u00faltimos 6 meses.<\/p>\n<p style=\"text-align: justify;\"><strong>JETOVATOR<\/strong><br \/>\nO Jetovator \u00e9 a primeira bicicleta voadora movida a \u00e1gua. Este novo aparelho vai levar algum tempo a habituar-se, mas uma vez apanhado o jeito, o instrutor vai ajud\u00e1-lo a aprender novas t\u00e9cnicas, como mover-se para a esquerda e para a direita enquanto faz ondas, bem como o flip lateral.<br \/>\nCondi\u00e7\u00f5es de utiliza\u00e7\u00e3o: pesar menos de 90 kg; ter pelo menos 17 anos de idade; n\u00e3o ter sido submetido a qualquer opera\u00e7\u00e3o nos \u00faltimos 6 meses.<\/p>\n<p><strong>O que inclui a tarifa:<\/strong><br \/>\nA sess\u00e3o da atividade escolhida<\/p>\n<p><strong>Localiza\u00e7\u00e3o:<\/strong> Palm Jumeirah<\/p>\n<\/div>\n<div id=\"ypm-extension\" class=\"ypm-extension\"><\/div>","protected":false},"excerpt":{"rendered":"<p>At\u00e9 ent\u00e3o, voar era um sonho e um dom concedido aos p\u00e1ssaros. Foi ent\u00e3o que Deus criou o Sr. Zapata. Cria\u00e7\u00f5es futuristas, cada uma mais elaborada do que a outra, todas dispon\u00edveis no nosso parceiro de confian\u00e7a, um campe\u00e3o mundial destes desportos. Situado no famoso...<\/p>","protected":false},"featured_media":19703,"template":"","meta":[],"product_brand":[],"product_cat":[140,150],"product_tag":[],"class_list":{"0":"post-20097","1":"product","2":"type-product","3":"status-publish","4":"has-post-thumbnail","6":"product_cat-activites","7":"product_cat-parc-dattractions-aquatiques","9":"first","10":"instock","11":"virtual","12":"purchasable","13":"product-type-simple"},"_links":{"self":[{"href":"https:\/\/soldodubai.com\/pt\/wp-json\/wp\/v2\/product\/20097","targetHints":{"allow":["GET"]}}],"collection":[{"href":"https:\/\/soldodubai.com\/pt\/wp-json\/wp\/v2\/product"}],"about":[{"href":"https:\/\/soldodubai.com\/pt\/wp-json\/wp\/v2\/types\/product"}],"version-history":[{"count":0,"href":"https:\/\/soldodubai.com\/pt\/wp-json\/wp\/v2\/product\/20097\/revisions"}],"wp:featuredmedia":[{"embeddable":true,"href":"https:\/\/soldodubai.com\/pt\/wp-json\/wp\/v2\/media\/19703"}],"wp:attachment":[{"href":"https:\/\/soldodubai.com\/pt\/wp-json\/wp\/v2\/media?parent=20097"}],"wp:term":[{"taxonomy":"product_brand","embeddable":true,"href":"https:\/\/soldodubai.com\/pt\/wp-json\/wp\/v2\/product_brand?post=20097"},{"taxonomy":"product_cat","embeddable":true,"href":"https:\/\/soldodubai.com\/pt\/wp-json\/wp\/v2\/product_cat?post=20097"},{"taxonomy":"product_tag","embeddable":true,"href":"https:\/\/soldodubai.com\/pt\/wp-json\/wp\/v2\/product_tag?post=20097"}],"curies":[{"name":"wp","href":"https:\/\/api.w.org\/{rel}","templated":true}]}}