{"id":20100,"date":"2020-12-16T12:21:00","date_gmt":"2020-12-16T11:21:00","guid":{"rendered":"http:\/\/13.36.35.205\/produit\/import-placeholder-for-2016895\/"},"modified":"2025-01-27T03:39:20","modified_gmt":"2025-01-27T02:39:20","slug":"moto4ebuggycomjantarbeduino","status":"publish","type":"product","link":"https:\/\/soldodubai.com\/pt\/p\/moto4ebuggycomjantarbeduino\/","title":{"rendered":"MOTO 4 E\/OU BUGGY COM JANTAR BEDU\u00cdNO"},"content":{"rendered":"<p>Acompanhado por um guia, desfrute da sua sess\u00e3o de moto 4 e\/ou buggy no meio do deserto, atrav\u00e9s das dunas, num pequeno grupo e a bordo de uma m\u00e1quina autom\u00e1tica (moto 4 grizzly 350cc ou buggy Polaris 1000cc e Can-Am 900cc turbo) ou de uma m\u00e1quina manual (moto 4 Yamaha Raptor 700cc).<br \/>\nDes\u00e7a as dunas do deserto ao seu pr\u00f3prio ritmo, adaptando a excurs\u00e3o ao seu gosto. Em seguida, ser\u00e1 conduzido ao acampamento bedu\u00edno, onde o esperam um jantar, bebidas e um espet\u00e1culo.<br \/>\n\u00c0 entrada, ser\u00e1 recebido por uma manada de camelos, que poder\u00e1 montar para um pequeno passeio como presente de boas-vindas.<\/p>\n<p style=\"text-align: justify;\">O jantar termina ao in\u00edcio da noite, pelo que o regresso ao hotel est\u00e1 previsto para as 20h00 ou 22h00, consoante a \u00e9poca.<\/p>\n<p>- Atividade adequada para mulheres gr\u00e1vidas a conselho do seu m\u00e9dico (moto 4\/buggy)<br \/>\n- Adequado para crian\u00e7as pequenas (a partir de 1 ano de idade) apenas no carrinho, colocando-as ao colo<br \/>\n- Dura\u00e7\u00e3o da atividade com tudo inclu\u00eddo, cerca de 6 horas<br \/>\n- N\u00e3o \u00e9 necess\u00e1ria uma autoriza\u00e7\u00e3o<\/p>\n<p><strong>Composi\u00e7\u00e3o do jantar:<\/strong><br \/>\nSaladas libanesas Fattoush e Tabbouleh<br \/>\nCreme de h\u00famus e creme de beringela<br \/>\nFalafel com molho tahini<br \/>\nFrango, borrego e carne de vaca grelhados<br \/>\nArroz com especiarias<br \/>\nMacarr\u00e3o<br \/>\nLegumes em molho<br \/>\nFruta<br \/>\nFritos dos Emirados<br \/>\n\u00c1gua, refrigerantes, ch\u00e1<\/p>\n<p><strong>Numa viatura partilhada, que est\u00e1 inclu\u00eddo no pre\u00e7o:<\/strong> (Das 15.00\/16.00 \u00e0s 20.30\/22.00, consoante a \u00e9poca, 5 horas no total, incluindo a viagem)<br \/>\nViagem de ida e volta do seu hotel num ve\u00edculo 4X4 com ar condicionado<br \/>\nPasseio guiado de quadriciclo\/buggy no cora\u00e7\u00e3o do deserto<br \/>\nJantar buffet \u00e0 discri\u00e7\u00e3o, refrigerantes e \u00e1gua (as bebidas alco\u00f3licas s\u00e3o cobradas \u00e0 parte, consoante a bebida)<br \/>\nO espet\u00e1culo oriental e o comedor de fogo<br \/>\nO pequeno passeio de camelo, que pode ser repetido quantas vezes quiser (gratuito)<br \/>\nChicha com sabor a ma\u00e7\u00e3 gratuita no sal\u00e3o dedicado (oferecido)<br \/>\nTatuagem de hena (gr\u00e1tis)<\/p>\n<p><strong>Localiza\u00e7\u00e3o:<\/strong> Deserto Al Senhora<\/p>\n<div id=\"ypm-extension\" class=\"ypm-extension\"><\/div>","protected":false},"excerpt":{"rendered":"<p>Acompanhado por um guia, desfrute da sua sess\u00e3o de quadriciclo e\/ou buggy em pleno deserto, atrav\u00e9s das dunas, num pequeno grupo e a bordo de uma m\u00e1quina autom\u00e1tica (quadriciclo grizzly 350cc ou buggy Polaris 1000cc e Can-Am 900cc turbo) ou de uma m\u00e1quina manual (quadriciclo Yamaha Raptor 700cc). Descer a colina a...<\/p>","protected":false},"featured_media":2047220,"template":"","meta":[],"product_brand":[],"product_cat":[437],"product_tag":[],"class_list":{"0":"post-20100","1":"product","2":"type-product","3":"status-publish","4":"has-post-thumbnail","6":"product_cat-activites-dans-le-desert-activites","8":"first","9":"instock","10":"virtual","11":"purchasable","12":"product-type-simple"},"_links":{"self":[{"href":"https:\/\/soldodubai.com\/pt\/wp-json\/wp\/v2\/product\/20100","targetHints":{"allow":["GET"]}}],"collection":[{"href":"https:\/\/soldodubai.com\/pt\/wp-json\/wp\/v2\/product"}],"about":[{"href":"https:\/\/soldodubai.com\/pt\/wp-json\/wp\/v2\/types\/product"}],"version-history":[{"count":0,"href":"https:\/\/soldodubai.com\/pt\/wp-json\/wp\/v2\/product\/20100\/revisions"}],"wp:featuredmedia":[{"embeddable":true,"href":"https:\/\/soldodubai.com\/pt\/wp-json\/wp\/v2\/media\/2047220"}],"wp:attachment":[{"href":"https:\/\/soldodubai.com\/pt\/wp-json\/wp\/v2\/media?parent=20100"}],"wp:term":[{"taxonomy":"product_brand","embeddable":true,"href":"https:\/\/soldodubai.com\/pt\/wp-json\/wp\/v2\/product_brand?post=20100"},{"taxonomy":"product_cat","embeddable":true,"href":"https:\/\/soldodubai.com\/pt\/wp-json\/wp\/v2\/product_cat?post=20100"},{"taxonomy":"product_tag","embeddable":true,"href":"https:\/\/soldodubai.com\/pt\/wp-json\/wp\/v2\/product_tag?post=20100"}],"curies":[{"name":"wp","href":"https:\/\/api.w.org\/{rel}","templated":true}]}}