{"id":20101,"date":"2020-12-16T12:21:00","date_gmt":"2020-12-16T11:21:00","guid":{"rendered":"http:\/\/13.36.35.205\/produit\/import-placeholder-for-2016898\/"},"modified":"2024-08-02T16:25:26","modified_gmt":"2024-08-02T15:25:26","slug":"passeiodehelicoptero","status":"publish","type":"product","link":"https:\/\/soldodubai.com\/pt\/p\/passeiodehelicoptero\/","title":{"rendered":"PASSEIO DE HELIC\u00d3PTERO, DUBAI"},"content":{"rendered":"<p>Um passeio de helic\u00f3ptero d\u00e1-lhe a oportunidade de descobrir o Dubai de um \u00e2ngulo totalmente novo, enquanto desfruta da incr\u00edvel sensa\u00e7\u00e3o de voar.  Todas as obras-primas da cidade esperam por si para um voo que ficar\u00e1 gravado nas suas mem\u00f3rias para sempre. Ter\u00e1 a oportunidade de sobrevoar a Palm Jumeirah, o hotel de 7 estrelas Burj Al Arab, a gigantesca torre Burj Khalifa e o incr\u00edvel arquip\u00e9lago The World, que, como o seu nome indica, \u00e9 uma representa\u00e7\u00e3o real do mapa-mundo.<\/p>\n<p>\u00c0 chegada, ser\u00e1 recebido por uma equipa de profissionais que lhe explicar\u00e1 todas as instru\u00e7\u00f5es de seguran\u00e7a. Os helic\u00f3pteros podem acolher at\u00e9 6 pessoas. Antes de ser colocado nos helic\u00f3pteros, ser\u00e1 pesado para sabermos como coloc\u00e1-lo no aparelho. Depois de se instalar no helic\u00f3ptero, o seu piloto dar-lhe-\u00e1 um briefing sobre a teoria do voo. Visto de cima, compreender\u00e1 rapidamente porque \u00e9 que o Dubai \u00e9 um dos destinos tur\u00edsticos mais populares do mundo. Ficar\u00e1 maravilhado com a arquitetura, que o seu piloto lhe explicar\u00e1. Confortavelmente sentado no cockpit, s\u00f3 tem de contemplar este panorama excecional.<\/p>\n<p>Autorizado para mulheres gr\u00e1vidas com menos de 32 semanas de gesta\u00e7\u00e3o<br \/>\nA partir de 2 anos<\/p>\n<p>As torres:<br \/>\nVisita de 12 minutos: Atlantis + Burj Al Arab + The World Island + Burj Khalifa (\u00e0 dist\u00e2ncia)<br \/>\nVisita de 15 minutos: Atlantis + Burj Al Arab + The World Island + Burj Khalifa<br \/>\nExcurs\u00e3o de 25 minutos: Atlantis + Burj Al Arab + The World Island + Burj Khalifa + Dubai antigo<\/p>\n<p><strong>O que inclui a tarifa:<\/strong><\/p>\n<p>O seu voo de helic\u00f3ptero durante a dura\u00e7\u00e3o que escolher<\/p>\n<p><strong>Localiza\u00e7\u00e3o:<\/strong> Palm Jumeirah<\/p>","protected":false},"excerpt":{"rendered":"<p>Um passeio de helic\u00f3ptero d\u00e1-lhe a oportunidade de descobrir o Dubai de um \u00e2ngulo totalmente novo, enquanto desfruta da incr\u00edvel sensa\u00e7\u00e3o de voar.  Todas as obras-primas da cidade esperam por si para um voo que ficar\u00e1 gravado nas suas mem\u00f3rias para sempre. Ter\u00e1 a oportunidade de sobrevoar o...<\/p>","protected":false},"featured_media":19709,"template":"","meta":[],"product_brand":[],"product_cat":[138,553],"product_tag":[],"class_list":{"0":"post-20101","1":"product","2":"type-product","3":"status-publish","4":"has-post-thumbnail","6":"product_cat-activites-en-ville-parcs-dattractions","7":"product_cat-activite-couple","9":"first","10":"instock","11":"shipping-taxable","12":"purchasable","13":"product-type-simple"},"_links":{"self":[{"href":"https:\/\/soldodubai.com\/pt\/wp-json\/wp\/v2\/product\/20101","targetHints":{"allow":["GET"]}}],"collection":[{"href":"https:\/\/soldodubai.com\/pt\/wp-json\/wp\/v2\/product"}],"about":[{"href":"https:\/\/soldodubai.com\/pt\/wp-json\/wp\/v2\/types\/product"}],"version-history":[{"count":0,"href":"https:\/\/soldodubai.com\/pt\/wp-json\/wp\/v2\/product\/20101\/revisions"}],"wp:featuredmedia":[{"embeddable":true,"href":"https:\/\/soldodubai.com\/pt\/wp-json\/wp\/v2\/media\/19709"}],"wp:attachment":[{"href":"https:\/\/soldodubai.com\/pt\/wp-json\/wp\/v2\/media?parent=20101"}],"wp:term":[{"taxonomy":"product_brand","embeddable":true,"href":"https:\/\/soldodubai.com\/pt\/wp-json\/wp\/v2\/product_brand?post=20101"},{"taxonomy":"product_cat","embeddable":true,"href":"https:\/\/soldodubai.com\/pt\/wp-json\/wp\/v2\/product_cat?post=20101"},{"taxonomy":"product_tag","embeddable":true,"href":"https:\/\/soldodubai.com\/pt\/wp-json\/wp\/v2\/product_tag?post=20101"}],"curies":[{"name":"wp","href":"https:\/\/api.w.org\/{rel}","templated":true}]}}