{"id":20103,"date":"2019-12-23T12:21:00","date_gmt":"2019-12-23T11:21:00","guid":{"rendered":"http:\/\/13.36.35.205\/produit\/import-placeholder-for-2016900\/"},"modified":"2025-01-23T11:48:25","modified_gmt":"2025-01-23T10:48:25","slug":"sessaoprivadadequadriciclobuggymotocross","status":"publish","type":"product","link":"https:\/\/soldodubai.com\/pt\/p\/sessaoprivadadequadriciclobuggymotocross\/","title":{"rendered":"SESS\u00c3O PRIVADA DE QUADRICICLO \/ BUGGY \/ MOTOCROSS, OP\u00c7\u00c3O DE SURF NA AREIA, DUBAI"},"content":{"rendered":"<div class=\"elementor-element elementor-element-e3869be elementor-widget elementor-widget-wl-single-product-description\" data-id=\"e3869be\" data-element_type=\"widget\" data-widget_type=\"wl-single-product-description.default\">\n<div class=\"elementor-widget-container\">\n<div class=\"woocommerce_product_description\">\n<div>Bem-vindo \u00e0 derradeira aventura no cora\u00e7\u00e3o do deserto do Dubai, onde a emo\u00e7\u00e3o e a descoberta o esperam a cada esquina. Os nossos passeios de moto 4 e buggy oferecem uma experi\u00eancia inesquec\u00edvel, com a op\u00e7\u00e3o de ter um guia a acompanh\u00e1-lo ao longo do caminho.<\/div>\n<div>A atividade tem lugar nas altas dunas do famoso Deserto Vermelho do Dubai, a cerca de 50 minutos do centro da cidade.<\/div>\n<div>\u00c0 chegada, uma equipa simp\u00e1tica dar-lhe-\u00e1 as boas-vindas e ajud\u00e1-lo-\u00e1 a familiarizar-se com as medidas de seguran\u00e7a.<\/div>\n<div><\/div>\n<div>\n<p>Para al\u00e9m da aventura emocionante, o local oferece uma s\u00e9rie de actividades para todas as idades. H\u00e1 um campo de futebol, mesa de bilhar, t\u00e9nis de mesa, cinema e PlayStation no grande ecr\u00e3. H\u00e1 chuveiros e casas de banho para se refrescar. Todas estas instala\u00e7\u00f5es s\u00e3o gratuitas.<\/p>\n<p>Se quiser prolongar o seu dia depois do passeio, est\u00e1 dispon\u00edvel uma piscina aquecida e uma villa para alugar para uma escapadela de dia ou de noite, com op\u00e7\u00f5es de refei\u00e7\u00f5es durante todo o dia. O sal\u00e3o tamb\u00e9m pode ser alugado aos h\u00f3spedes da villa a partir das 23h.<i><br \/>\n<\/i><\/p>\n<\/div>\n<div>\n<p>Finalmente, para uma aventura extraordin\u00e1ria, opte por caminhadas ao nascer do sol ou nocturnas at\u00e9 \u00e0s 2 da manh\u00e3. Para uma experi\u00eancia ainda mais memor\u00e1vel, explore os nossos pacotes de churrasco no deserto, acrescentando um toque culin\u00e1rio \u00e0 sua aventura inesquec\u00edvel.<\/p>\n<div>\n<p>Moto 4 para crian\u00e7as em terreno plano<br \/>\nMoto 4 no deserto a partir dos 12 anos para conduzir e dos 10 anos como passageiro<br \/>\nPasseios de buggy a partir dos 14 anos de idade para conduzir e dos 5 anos de idade como passageiro (cadeira de crian\u00e7a dispon\u00edvel)<br \/>\nSess\u00f5es de Motocross para pilotos com 16 anos ou mais e apenas para pilotos experientes<br \/>\nBuggy com Bluetooth para ligar a sua m\u00fasica.<\/p>\n<\/div>\n<div><\/div>\n<div><strong>Moto 4 de 1 e 2 lugares com encosto:<\/strong><br \/>\nCondu\u00e7\u00e3o a partir dos 12 anos<br \/>\nGuia em portugu\u00eas ou ingles mediante pedido<br \/>\nPassageiros com mais de 10 anos<br \/>\nMoto 4 para crian\u00e7as dispon\u00edvel para terrenos planos<\/div>\n<div>N\u00e3o \u00e9 necess\u00e1ria uma autoriza\u00e7\u00e3o<\/div>\n<div><\/div>\n<div><strong>Buggies de 2 e 4 lugares:<\/strong><br \/>\nCondu\u00e7\u00e3o a partir dos 14 anos.<\/div>\n<div>\u00a0Equipamento Bluetooth<br \/>\nCadeira de beb\u00e9 dispon\u00edvel a partir dos 5 anos<\/div>\n<div>N\u00e3o \u00e9 necess\u00e1ria uma autoriza\u00e7\u00e3o<\/div>\n<p><strong>Motocross 1 lugar, YZF 450, 4 tempos:<\/strong><br \/>\nCondu\u00e7\u00e3o a partir dos 16 anos, apenas para condutores experientes<br \/>\nN\u00e3o \u00e9 necess\u00e1ria uma autoriza\u00e7\u00e3o<br \/>\nGuia em portugu\u00eas ou ingles mediante pedido<br \/>\nEquipamento fornecido (fato de trabalho, luvas, capacete com viseira, prote\u00e7\u00e3o do tronco, ombros e cotovelos)<\/p>\n<div><strong>No local:<\/strong><\/div>\n<div>Campo de futebol 5<br \/>\nMesa de bilhar<br \/>\nT\u00e9nis de mesa.<br \/>\nCinema e PlayStation.<br \/>\nDuche e casa de banho.<\/div>\n<div>Espa\u00e7o l\u00fadico vigiado para crian\u00e7as a partir dos 6 anos.<br \/>\nPiscina aquecida (suplemento)<\/div>\n<div>\u00a0Villa privada com piscina aquecida (suplemento)<\/div>\n<div>Equipamento para churrasco dispon\u00edvel<\/div>\n<div>Caminhada ao nascer do sol e \u00e0 noite at\u00e9 \u00e0s 2h.<\/div>\n<p><strong>O que inclui a tarifa:<\/strong><br \/>\nO seu passeio privado de moto 4 e\/ou buggy e\/ou a op\u00e7\u00e3o escolhida no formul\u00e1rio de reserva<br \/>\nO seu guia designado<br \/>\nAcesso ao cinema, sala de jogos de v\u00eddeo, t\u00e9nis de mesa, bilhar - sujeito a disponibilidade.<\/p>\n<p><strong>Localiza\u00e7\u00e3o:<\/strong> Al Madam Desert<\/p>\n<\/div>\n<\/div>\n<\/div>\n<\/div>","protected":false},"excerpt":{"rendered":"<p>Bem-vindo \u00e0 derradeira aventura no cora\u00e7\u00e3o do deserto do Dubai, onde a emo\u00e7\u00e3o e a descoberta o esperam a cada passo. Os nossos passeios de quadriciclo e buggy oferecem uma experi\u00eancia inesquec\u00edvel, com a op\u00e7\u00e3o de ter um guia que fala ingl\u00eas a acompanh\u00e1-lo durante todo o...<\/p>","protected":false},"featured_media":19711,"template":"","meta":[],"product_brand":[],"product_cat":[437,553,552],"product_tag":[],"class_list":{"0":"post-20103","1":"product","2":"type-product","3":"status-publish","4":"has-post-thumbnail","6":"product_cat-activites-dans-le-desert-activites","7":"product_cat-activite-couple","8":"product_cat-activite-enfant","10":"first","11":"instock","12":"shipping-taxable","13":"purchasable","14":"product-type-simple"},"_links":{"self":[{"href":"https:\/\/soldodubai.com\/pt\/wp-json\/wp\/v2\/product\/20103","targetHints":{"allow":["GET"]}}],"collection":[{"href":"https:\/\/soldodubai.com\/pt\/wp-json\/wp\/v2\/product"}],"about":[{"href":"https:\/\/soldodubai.com\/pt\/wp-json\/wp\/v2\/types\/product"}],"version-history":[{"count":0,"href":"https:\/\/soldodubai.com\/pt\/wp-json\/wp\/v2\/product\/20103\/revisions"}],"wp:featuredmedia":[{"embeddable":true,"href":"https:\/\/soldodubai.com\/pt\/wp-json\/wp\/v2\/media\/19711"}],"wp:attachment":[{"href":"https:\/\/soldodubai.com\/pt\/wp-json\/wp\/v2\/media?parent=20103"}],"wp:term":[{"taxonomy":"product_brand","embeddable":true,"href":"https:\/\/soldodubai.com\/pt\/wp-json\/wp\/v2\/product_brand?post=20103"},{"taxonomy":"product_cat","embeddable":true,"href":"https:\/\/soldodubai.com\/pt\/wp-json\/wp\/v2\/product_cat?post=20103"},{"taxonomy":"product_tag","embeddable":true,"href":"https:\/\/soldodubai.com\/pt\/wp-json\/wp\/v2\/product_tag?post=20103"}],"curies":[{"name":"wp","href":"https:\/\/api.w.org\/{rel}","templated":true}]}}