{"id":20104,"date":"2020-12-16T12:21:00","date_gmt":"2020-12-16T11:21:00","guid":{"rendered":"http:\/\/13.36.35.205\/produit\/import-placeholder-for-2016901\/"},"modified":"2024-08-02T16:24:43","modified_gmt":"2024-08-02T15:24:43","slug":"skidubai","status":"publish","type":"product","link":"https:\/\/soldodubai.com\/pt\/p\/skidubai\/","title":{"rendered":"ESQUIAR NO DUBAI E\/OU CONHECER OS PINGUINS"},"content":{"rendered":"<p>Situado na primeira est\u00e2ncia de esqui coberta do M\u00e9dio Oriente, o Ski Dubai \u00e9 um magn\u00edfico para\u00edso de neve com 3000 metros quadrados. Calce as suas botas de neve e venha descobrir as pistas de bobsleigh Twin Track, uma caverna de neve repleta de experi\u00eancias interactivas e as colinas de escorregas. Dirija-se \u00e0 esta\u00e7\u00e3o de nivelamento para um passeio emocionante ou salte para o telef\u00e9rico para alcan\u00e7ar o ponto mais alto da est\u00e2ncia artificial. Divertido para toda a fam\u00edlia, o maior parque de neve coberto do mundo \u00e9 tamb\u00e9m o lar de pinguins que pode conhecer.<\/p>\n<p>- Aberto todos os dias das 10h \u00e0s 23h<br \/>\n- Proibido para crian\u00e7as com menos de 3 anos<br \/>\n- \u00c9 necess\u00e1rio saber esquiar, caso contr\u00e1rio a dire\u00e7\u00e3o do Ski Dubai poder\u00e1 recusar-lhe o acesso e a sua reserva n\u00e3o ser\u00e1 reembolsada.<br \/>\n- A partir dos 21 anos de idade,  n\u00e3o necessita de \nacompanhante<\/p>\n<p><strong>O que inclui a tarifa:<\/strong><br \/>\nA sua sess\u00e3o Ski Dubai e\/ou a atividade escolhida<br \/>\nEquipamento adequado equipamento adequado (fato, esquis e luvas)<\/p>\n<p><strong>Localiza\u00e7\u00e3o:<\/strong> Centro comercial Mall of Emirates, Al Barsha<\/p>","protected":false},"excerpt":{"rendered":"<p>Localizado na primeira est\u00e2ncia de esqui coberta do M\u00e9dio Oriente, o Ski Dubai \u00e9 um magn\u00edfico pa\u00eds das maravilhas da neve com 3000 metros quadrados. Calce as suas botas de neve e venha descobrir as pistas de bobsleigh Twin Track, uma caverna de neve cheia de experi\u00eancias interactivas e...<\/p>","protected":false},"featured_media":19724,"template":"","meta":[],"product_brand":[],"product_cat":[138,552],"product_tag":[],"class_list":{"0":"post-20104","1":"product","2":"type-product","3":"status-publish","4":"has-post-thumbnail","6":"product_cat-activites-en-ville-parcs-dattractions","7":"product_cat-activite-enfant","9":"first","10":"instock","11":"shipping-taxable","12":"purchasable","13":"product-type-simple"},"_links":{"self":[{"href":"https:\/\/soldodubai.com\/pt\/wp-json\/wp\/v2\/product\/20104","targetHints":{"allow":["GET"]}}],"collection":[{"href":"https:\/\/soldodubai.com\/pt\/wp-json\/wp\/v2\/product"}],"about":[{"href":"https:\/\/soldodubai.com\/pt\/wp-json\/wp\/v2\/types\/product"}],"version-history":[{"count":0,"href":"https:\/\/soldodubai.com\/pt\/wp-json\/wp\/v2\/product\/20104\/revisions"}],"wp:featuredmedia":[{"embeddable":true,"href":"https:\/\/soldodubai.com\/pt\/wp-json\/wp\/v2\/media\/19724"}],"wp:attachment":[{"href":"https:\/\/soldodubai.com\/pt\/wp-json\/wp\/v2\/media?parent=20104"}],"wp:term":[{"taxonomy":"product_brand","embeddable":true,"href":"https:\/\/soldodubai.com\/pt\/wp-json\/wp\/v2\/product_brand?post=20104"},{"taxonomy":"product_cat","embeddable":true,"href":"https:\/\/soldodubai.com\/pt\/wp-json\/wp\/v2\/product_cat?post=20104"},{"taxonomy":"product_tag","embeddable":true,"href":"https:\/\/soldodubai.com\/pt\/wp-json\/wp\/v2\/product_tag?post=20104"}],"curies":[{"name":"wp","href":"https:\/\/api.w.org\/{rel}","templated":true}]}}