{"id":20107,"date":"2020-12-16T12:21:00","date_gmt":"2020-12-16T11:21:00","guid":{"rendered":"http:\/\/13.36.35.205\/produit\/import-placeholder-for-2016905\/"},"modified":"2024-08-02T16:24:04","modified_gmt":"2024-08-02T15:24:04","slug":"dinner-in-the-sky","status":"publish","type":"product","link":"https:\/\/soldodubai.com\/pt\/p\/dinner-in-the-sky\/","title":{"rendered":"ALMO\u00c7O OU JANTAR NO AR, DUBAI"},"content":{"rendered":"<p>Este \u00e9 um conceito excecional que pode ser visto nas maiores cidades do mundo. Trata-se de um restaurante suspenso no ar a 50 metros do solo, o equivalente a um edif\u00edcio de 8 andares. Durante esta atividade, estar\u00e1 sentado \u00e0 volta de uma mesa que pode acomodar uma d\u00fazia de convidados durante cerca de 1h30.<\/p>\n<p>Este restaurante no ar abre duas vezes por dia para almo\u00e7o e jantar.<\/p>\n<p>Est\u00e1 localizado \u00e0 entrada da Marina do Dubai.<\/p>\n<p>- A partir de 135 cms<br \/>\n- As crian\u00e7as devem ser acompanhadas por um adulto, que tamb\u00e9m ter\u00e1 o seu pr\u00f3prio lugar.<br \/>\n- N\u00e3o adequado para mulheres gr\u00e1vidas<\/p>\n<p><strong>O que inclui a tarifa:<\/strong><br \/>\nA sua refei\u00e7\u00e3o de 90 minutos no ar<br \/>\nA sua refei\u00e7\u00e3o com entrada - prato principal - sobremesa e bebidas + \u00e1gua<\/p>\n<p><strong>Localiza\u00e7\u00e3o:<\/strong> Marina do Dubai<\/p>","protected":false},"excerpt":{"rendered":"<p>Este \u00e9 um conceito excecional que pode ser visto nas maiores cidades do mundo. Trata-se de um restaurante suspenso no ar a 50 metros do solo, o equivalente a um edif\u00edcio de 8 andares. Durante esta atividade, estar\u00e1 sentado \u00e0 volta de uma mesa...<\/p>","protected":false},"featured_media":19727,"template":"","meta":[],"product_brand":[],"product_cat":[140,138,553],"product_tag":[],"class_list":{"0":"post-20107","1":"product","2":"type-product","3":"status-publish","4":"has-post-thumbnail","6":"product_cat-activites","7":"product_cat-activites-en-ville-parcs-dattractions","8":"product_cat-activite-couple","10":"first","11":"instock","12":"shipping-taxable","13":"purchasable","14":"product-type-simple"},"_links":{"self":[{"href":"https:\/\/soldodubai.com\/pt\/wp-json\/wp\/v2\/product\/20107","targetHints":{"allow":["GET"]}}],"collection":[{"href":"https:\/\/soldodubai.com\/pt\/wp-json\/wp\/v2\/product"}],"about":[{"href":"https:\/\/soldodubai.com\/pt\/wp-json\/wp\/v2\/types\/product"}],"version-history":[{"count":0,"href":"https:\/\/soldodubai.com\/pt\/wp-json\/wp\/v2\/product\/20107\/revisions"}],"wp:featuredmedia":[{"embeddable":true,"href":"https:\/\/soldodubai.com\/pt\/wp-json\/wp\/v2\/media\/19727"}],"wp:attachment":[{"href":"https:\/\/soldodubai.com\/pt\/wp-json\/wp\/v2\/media?parent=20107"}],"wp:term":[{"taxonomy":"product_brand","embeddable":true,"href":"https:\/\/soldodubai.com\/pt\/wp-json\/wp\/v2\/product_brand?post=20107"},{"taxonomy":"product_cat","embeddable":true,"href":"https:\/\/soldodubai.com\/pt\/wp-json\/wp\/v2\/product_cat?post=20107"},{"taxonomy":"product_tag","embeddable":true,"href":"https:\/\/soldodubai.com\/pt\/wp-json\/wp\/v2\/product_tag?post=20107"}],"curies":[{"name":"wp","href":"https:\/\/api.w.org\/{rel}","templated":true}]}}