{"id":20113,"date":"2020-12-16T12:21:00","date_gmt":"2020-12-16T11:21:00","guid":{"rendered":"http:\/\/13.36.35.205\/produit\/import-placeholder-for-2017633\/"},"modified":"2024-08-02T16:21:47","modified_gmt":"2024-08-02T15:21:47","slug":"warner-bros","status":"publish","type":"product","link":"https:\/\/soldodubai.com\/pt\/p\/warner-bros\/","title":{"rendered":"WARNER BROS"},"content":{"rendered":"<p>O Warners Bros \u00e9 um parque tem\u00e1tico interior situado em Abu Dhabi,1 hora e 30 minutos de carro do Dubai<br \/>\nEste parque tem\u00e1tico apresenta jogos e comboios sensacionais baseados nas cria\u00e7\u00f5es da produ\u00e7\u00e3o da Warners.<br \/>\nEncontrar\u00e1 jogos inspirados nas s\u00e9ries Super-Homem, Batman, Mulher Maravilha, Tweety e muitas outras.<br \/>\nH\u00e1 tamb\u00e9m uma s\u00e9rie de restaurantes e caf\u00e9s no local.<\/p>\n<p>- Parque aberto todos os dias - o hor\u00e1rio de abertura varia consoante a \u00e9poca, entre as 10h\/11h e as 18h\/7h<br \/>\n- Gratuito para crian\u00e7as com menos de 3 anos<\/p>\n<p><strong>O que inclui a tarifa :<\/strong><br \/>\nA sua entrada no parque e o acesso a todos os jogos de acordo com as suas regras (tamanho, peso, etc.)<\/p>\n<p><strong>Localiza\u00e7\u00e3o:<\/strong> Ilha de Yas<\/p>","protected":false},"excerpt":{"rendered":"<p>O Warners Bros \u00e9 um parque tem\u00e1tico interior situado em Abu Dhabi, a 1h30 de carro do Dubai. Este parque tem\u00e1tico abrange jogos e comboios sensacionais constru\u00eddos em torno do tema das cria\u00e7\u00f5es da produ\u00e7\u00e3o Warners. Encontrar\u00e1 jogos inspirados em...<\/p>","protected":false},"featured_media":19742,"template":"","meta":[],"product_brand":[],"product_cat":[138],"product_tag":[],"class_list":{"0":"post-20113","1":"product","2":"type-product","3":"status-publish","4":"has-post-thumbnail","6":"product_cat-activites-en-ville-parcs-dattractions","8":"first","9":"instock","10":"virtual","11":"purchasable","12":"product-type-simple"},"_links":{"self":[{"href":"https:\/\/soldodubai.com\/pt\/wp-json\/wp\/v2\/product\/20113","targetHints":{"allow":["GET"]}}],"collection":[{"href":"https:\/\/soldodubai.com\/pt\/wp-json\/wp\/v2\/product"}],"about":[{"href":"https:\/\/soldodubai.com\/pt\/wp-json\/wp\/v2\/types\/product"}],"version-history":[{"count":0,"href":"https:\/\/soldodubai.com\/pt\/wp-json\/wp\/v2\/product\/20113\/revisions"}],"wp:featuredmedia":[{"embeddable":true,"href":"https:\/\/soldodubai.com\/pt\/wp-json\/wp\/v2\/media\/19742"}],"wp:attachment":[{"href":"https:\/\/soldodubai.com\/pt\/wp-json\/wp\/v2\/media?parent=20113"}],"wp:term":[{"taxonomy":"product_brand","embeddable":true,"href":"https:\/\/soldodubai.com\/pt\/wp-json\/wp\/v2\/product_brand?post=20113"},{"taxonomy":"product_cat","embeddable":true,"href":"https:\/\/soldodubai.com\/pt\/wp-json\/wp\/v2\/product_cat?post=20113"},{"taxonomy":"product_tag","embeddable":true,"href":"https:\/\/soldodubai.com\/pt\/wp-json\/wp\/v2\/product_tag?post=20113"}],"curies":[{"name":"wp","href":"https:\/\/api.w.org\/{rel}","templated":true}]}}