{"id":20225,"date":"2020-12-16T12:22:00","date_gmt":"2020-12-16T11:22:00","guid":{"rendered":"http:\/\/13.36.35.205\/produit\/import-placeholder-for-2020600\/"},"modified":"2024-08-02T16:16:56","modified_gmt":"2024-08-02T15:16:56","slug":"museodolouvre","status":"publish","type":"product","link":"https:\/\/soldodubai.com\/pt\/p\/museodolouvre\/","title":{"rendered":"MUSEU DO LOUVRE E VISITA A ABU DHABI"},"content":{"rendered":"<p>Descubra os locais mais bonitos de Abu Dhabi e aproveite esta excurs\u00e3o para visitar a segunda sucursal do museu parisiense, o Louvre. Este museu altamente sofisticado, futurista e meticulosamente decorado alberga algumas das mais belas pe\u00e7as da hist\u00f3ria da arte emprestadas pelo museu parisiense, mas tamb\u00e9m apresenta outros artistas ainda pouco conhecidos do grande p\u00fablico ou da regi\u00e3o do M\u00e9dio Oriente. Uma rota\u00e7\u00e3o perp\u00e9tua de exposi\u00e7\u00f5es d\u00e1 aos visitantes uma nova raz\u00e3o para regressar.<br \/>\nNesta excurs\u00e3o, o seu motorista privado pode tamb\u00e9m lev\u00e1-lo ao Pal\u00e1cio dos Emirados, \u00e0 Grande Mesquita do Xeque Zayed, \u00e0s Torres Etihad e a todos os outros locais que gostaria de visitar. Ele poder\u00e1 cumprir o seu programa por medida se nos indicar num coment\u00e1rio, antes de validar a sua encomenda, os locais de Abu Dhabi que gostaria de visitar.<\/p>\n<p>- Museu gratuito para menores de 13 anos<br \/>\n- Museu fechado \u00e0s segundas-feiras<br \/>\n- Museu aberto de ter\u00e7a a domingo, das 10h00 \u00e0s 20h00<br \/>\n- Grande mesquita aberta todos os dias das 9h \u00e0s 21h30<br \/>\n- Quando visitar o Emirates Palace, por favor vista-se adequadamente, pois o hotel reserva-se o direito de recusar a entrada se estiver vestido de forma inadequada.<br \/>\n- Para ir \u00e0 mesquita, as mulheres devem usar roupas largas e que cubram o corpo. Os homens devem usar bermudas, cal\u00e7as e uma t-shirt ou camisola. Caso contr\u00e1rio, o vestu\u00e1rio tradicional \u00e9 vendido no local.<\/p>\n<p><strong>O que inclui a tarifa:<\/strong><br \/>\nVisita ilimitada ao Museu do Louvre<br \/>\nUma visita ilimitada ao pal\u00e1cio presidencial, se assim o desejar<br \/>\nVisita gratuita \u00e0 mesquita, se o desejar<br \/>\nDisponibiliza\u00e7\u00e3o de um motorista privado durante 10 horas, se escolhido<\/p>\n<p><strong>Localiza\u00e7\u00e3o do Louvre:<\/strong> Ilha de Yas<\/p>","protected":false},"excerpt":{"rendered":"<p>Descubra os lugares mais bonitos de Abu Dhabi e aproveite esta excurs\u00e3o para visitar a segunda filial do museu parisiense, o Louvre. Este museu altamente sofisticado, futurista e meticulosamente decorado abriga algumas das mais belas pe\u00e7as da hist\u00f3ria da arte emprestadas pelo Louvre...<\/p>","protected":false},"featured_media":19793,"template":"","meta":[],"product_brand":[],"product_cat":[138],"product_tag":[],"class_list":{"0":"post-20225","1":"product","2":"type-product","3":"status-publish","4":"has-post-thumbnail","6":"product_cat-activites-en-ville-parcs-dattractions","8":"first","9":"instock","10":"shipping-taxable","11":"purchasable","12":"product-type-simple"},"_links":{"self":[{"href":"https:\/\/soldodubai.com\/pt\/wp-json\/wp\/v2\/product\/20225","targetHints":{"allow":["GET"]}}],"collection":[{"href":"https:\/\/soldodubai.com\/pt\/wp-json\/wp\/v2\/product"}],"about":[{"href":"https:\/\/soldodubai.com\/pt\/wp-json\/wp\/v2\/types\/product"}],"version-history":[{"count":0,"href":"https:\/\/soldodubai.com\/pt\/wp-json\/wp\/v2\/product\/20225\/revisions"}],"wp:featuredmedia":[{"embeddable":true,"href":"https:\/\/soldodubai.com\/pt\/wp-json\/wp\/v2\/media\/19793"}],"wp:attachment":[{"href":"https:\/\/soldodubai.com\/pt\/wp-json\/wp\/v2\/media?parent=20225"}],"wp:term":[{"taxonomy":"product_brand","embeddable":true,"href":"https:\/\/soldodubai.com\/pt\/wp-json\/wp\/v2\/product_brand?post=20225"},{"taxonomy":"product_cat","embeddable":true,"href":"https:\/\/soldodubai.com\/pt\/wp-json\/wp\/v2\/product_cat?post=20225"},{"taxonomy":"product_tag","embeddable":true,"href":"https:\/\/soldodubai.com\/pt\/wp-json\/wp\/v2\/product_tag?post=20225"}],"curies":[{"name":"wp","href":"https:\/\/api.w.org\/{rel}","templated":true}]}}