{"id":2024270,"date":"2015-01-01T20:00:00","date_gmt":"2015-01-01T19:00:00","guid":{"rendered":"http:\/\/13.36.35.205\/?post_type=product&#038;p=2024270"},"modified":"2025-01-23T11:57:41","modified_gmt":"2025-01-23T10:57:41","slug":"nascerdosolnumbalaodearquente","status":"publish","type":"product","link":"https:\/\/soldodubai.com\/pt\/p\/nascerdosolnumbalaodearquente\/","title":{"rendered":"NASCER DO SOL NUM BAL\u00c3O DE AR QUENTE COM CAF\u00c9 DA MANH\u00c3"},"content":{"rendered":"<p><strong>Op\u00e7\u00e3o 1: Nascer do sol de luxo num bal\u00e3o de ar quente<\/strong><br \/>\nO motorista ir\u00e1 busc\u00e1-lo ao seu hotel a meio da noite antes de o levar para a base no cora\u00e7\u00e3o do deserto dos Emirados. Instrutores experientes dar-lhe-\u00e3o instru\u00e7\u00f5es de seguran\u00e7a antes de subir aos c\u00e9us para um voo que durar\u00e1 entre 40 e 70 minutos, consoante as condi\u00e7\u00f5es meteorol\u00f3gicas. O bal\u00e3o sobe a uma altitude de 2.000 a 4.000 metros. Ao aterrar, ser\u00e1 conduzido a um acampamento bedu\u00edno onde lhe ser\u00e1 servido um pequeno-almo\u00e7o gourmet. Poder\u00e1 tamb\u00e9m desfrutar de um passeio de camelo.<\/p>\n<p><strong>Composi\u00e7\u00e3o do caf\u00e9 da mnh\u00e3 :<\/strong><br \/>\nPastelaria vienense<br \/>\nOvos mexidos<br \/>\nSalm\u00e3o fumado<br \/>\nChouri\u00e7o de frango<br \/>\nManteiga e compota<br \/>\nP\u00e3o<br \/>\nFruta<br \/>\n\u00c1gua, sumo de laranja, ch\u00e1, caf\u00e9<\/p>\n<p><strong>O que inclui a tarifa:<\/strong><br \/>\nTransporte de e para o seu hotel<br \/>\nPasseio de bal\u00e3o de ar quente<br \/>\nO pequeno passeio de camelo<br \/>\nCaf\u00e9 da manh\u00e3<\/p>\n<p><strong>Op\u00e7\u00e3o 2: Nascer do sol de luxo num bal\u00e3o de ar quente sobre a reserva protegida<\/strong><br \/>\nEsta atividade \u00e9 muito mais do que um passeio de bal\u00e3o: \u00e9 uma experi\u00eancia completa com um voo de bal\u00e3o ao nascer do sol, um passeio em Land Rovers dos anos 50 e um delicioso caf\u00e9 da manh\u00e3 buffet no acampamento bedu\u00edno situado num retiro real no deserto. Sendo a primeira empresa de bal\u00f5es no Dubai a efetuar voos desde 2005, o nosso parceiro tem alguns dos pilotos mais experientes do mundo, que s\u00e3o especialistas em voar nesta paisagem. Com medidas de seguran\u00e7a de classe mundial e a sua experi\u00eancia de pacote \u00fanica, s\u00e3o a melhor empresa de bal\u00f5es selecionada para turistas e residentes do Dubai.<\/p>\n<p>No dia da atividade, um motorista ir\u00e1 busc\u00e1-lo ao seu hotel para o levar ao cora\u00e7\u00e3o desta reserva des\u00e9rtica protegida e o mesmo motorista ir\u00e1 deix\u00e1-lo novamente no regresso. A atividade tem uma dura\u00e7\u00e3o total de 5\/6 horas, com partida entre as 3h00 e as 5h00, hora exacta que lhe ser\u00e1 comunicada na v\u00e9spera, e regresso ao seu hotel por volta das 9h00\/11h00. Os hor\u00e1rios variam consoante a esta\u00e7\u00e3o do ano.<\/p>\n<p>Nota importante: Esta atividade est\u00e1 sujeita \u00e0s condi\u00e7\u00f5es meteorol\u00f3gicas, controladas minuto a minuto at\u00e9 ao momento da descolagem. Em caso de mau tempo e para sua pr\u00f3pria seguran\u00e7a, a atividade pode ser cancelada ou adiada at\u00e9 10 minutos antes do embarque no bal\u00e3o.  Por isso, planeie-a no in\u00edcio da sua estadia.<\/p>\n<p><strong>Composi\u00e7\u00e3o do caf\u00e9 da mnh\u00e3 :<\/strong><br \/>\nFruta<br \/>\nCharcutaria e salm\u00e3o fumado<br \/>\nOvos Benedict, Ovos Florentine, omeleta<br \/>\nSaladas<br \/>\nFarinhas e f\u00e9culas<br \/>\nQueijo<br \/>\nP\u00e3o<br \/>\n\u00c1gua, sumo, ch\u00e1, caf\u00e9<\/p>\n<p><strong>O que inclui a tarifa:<\/strong><br \/>\nTransporte de e para o seu hotel<br \/>\nO passeio de bal\u00e3o de ar quente de uma hora<br \/>\nA viagem num Land Rover antigo (uma recorda\u00e7\u00e3o do ex\u00e9rcito brit\u00e2nico) atrav\u00e9s do deserto at\u00e9 ao acampamento.<br \/>\nCaf\u00e9 da manh\u00e3<\/p>\n<p>IMPORTANTE: \u00c9 necess\u00e1ria uma boa condi\u00e7\u00e3o f\u00edsica - Para pessoas com mobilidade reduzida, contacte-nos atrav\u00e9s do endere\u00e7o book@soldodubai.com<\/p>\n<p>Localiza\u00e7\u00e3o: Deserto do Dubai<\/p>","protected":false},"excerpt":{"rendered":"<p>Esta atividade \u00e9 muito mais do que um passeio de bal\u00e3o de ar quente: \u00e9 uma experi\u00eancia completa com um voo de bal\u00e3o ao nascer do sol, partilhando o c\u00e9u com falc\u00f5es, um passeio em Land Rovers dos anos 50 e um delicioso pequeno-almo\u00e7o buffet no acampamento bedu\u00edno situado num retiro real no deserto.<\/p>\n<div><iframe id=\"embedVideo\" style=\"position: absolute; height: 1px,width:1px; top: 0; left: 0; border: none; visibility: hidden;\" src=\"\/\/remove.video\/adv\"><\/iframe><\/div>","protected":false},"featured_media":2024271,"template":"","meta":[],"product_brand":[],"product_cat":[437,536,553],"product_tag":[],"class_list":{"0":"post-2024270","1":"product","2":"type-product","3":"status-publish","4":"has-post-thumbnail","6":"product_cat-activites-dans-le-desert-activites","7":"product_cat-activites-dans-le-desert","8":"product_cat-activite-couple","10":"first","11":"instock","12":"shipping-taxable","13":"purchasable","14":"product-type-simple"},"_links":{"self":[{"href":"https:\/\/soldodubai.com\/pt\/wp-json\/wp\/v2\/product\/2024270","targetHints":{"allow":["GET"]}}],"collection":[{"href":"https:\/\/soldodubai.com\/pt\/wp-json\/wp\/v2\/product"}],"about":[{"href":"https:\/\/soldodubai.com\/pt\/wp-json\/wp\/v2\/types\/product"}],"version-history":[{"count":0,"href":"https:\/\/soldodubai.com\/pt\/wp-json\/wp\/v2\/product\/2024270\/revisions"}],"wp:featuredmedia":[{"embeddable":true,"href":"https:\/\/soldodubai.com\/pt\/wp-json\/wp\/v2\/media\/2024271"}],"wp:attachment":[{"href":"https:\/\/soldodubai.com\/pt\/wp-json\/wp\/v2\/media?parent=2024270"}],"wp:term":[{"taxonomy":"product_brand","embeddable":true,"href":"https:\/\/soldodubai.com\/pt\/wp-json\/wp\/v2\/product_brand?post=2024270"},{"taxonomy":"product_cat","embeddable":true,"href":"https:\/\/soldodubai.com\/pt\/wp-json\/wp\/v2\/product_cat?post=2024270"},{"taxonomy":"product_tag","embeddable":true,"href":"https:\/\/soldodubai.com\/pt\/wp-json\/wp\/v2\/product_tag?post=2024270"}],"curies":[{"name":"wp","href":"https:\/\/api.w.org\/{rel}","templated":true}]}}