{"id":2028334,"date":"2015-01-01T17:00:00","date_gmt":"2015-01-01T16:00:00","guid":{"rendered":"http:\/\/13.36.131.153\/?post_type=product&#038;p=2028334"},"modified":"2025-01-23T11:55:37","modified_gmt":"2025-01-23T10:55:37","slug":"acampamentosonara","status":"publish","type":"product","link":"https:\/\/soldodubai.com\/pt\/p\/acampamentosonara\/","title":{"rendered":"ACAMPAMENTO SONARA"},"content":{"rendered":"<p>Sonara \u00e9 um acampamento privado situado no cora\u00e7\u00e3o do deserto protegido, onde se pode desfrutar de uma experi\u00eancia m\u00e1gica (gastron\u00f3mica e ecol\u00f3gica). H\u00e1 muitas maneiras de descobrir este lugar fabuloso:<\/p>\n<p><strong>O sal\u00e3o ao p\u00f4r do sol<\/strong> - A experi\u00eancia come\u00e7a entre as 16h00 e as 17h30, consoante a esta\u00e7\u00e3o do ano.<br \/>\nNo lounge, ser\u00e1 recebido por uma equipa simp\u00e1tica e por uma m\u00fasica oriental, enquanto desfruta de um aperitivo saboroso ao p\u00f4r do sol. Durante esta experi\u00eancia, s\u00e3o propostas in\u00fameras actividades, inclu\u00eddas no pre\u00e7o, destinadas a fam\u00edlias, casais e grupos de amigos.<br \/>\nEncontrar\u00e1 um stand de tiro com arco, um baloi\u00e7o (perfeito para fotografias fant\u00e1sticas), uma pista de sandboard, passeios de camelo, um campo de voleibol, minifutebol, um bar-lounge e, sobretudo, uma zona de conv\u00edvio onde poder\u00e1 realmente relaxar.<\/p>\n<p><strong>O que inclui a tarifa :<\/strong><br \/>\nUm passeio de 4\u00d74 pelo deserto desde o ponto de encontro at\u00e9 ao acampamento<br \/>\nUm menu sazonal preparado por um chef gourmet, incluindo tapas e snacks<br \/>\nRefrigerantes, \u00e1gua, ch\u00e1 e caf\u00e9<br \/>\nPasseio de camelo no interior do acampamento<br \/>\nVoleibol, mini-futebol, tiro com arco e sandboard<br \/>\nEspet\u00e1culo interativo de falc\u00f5es<\/p>\n<p><strong>Jantar gourmet com anima\u00e7\u00e3o ao vivo<\/strong> - A experi\u00eancia come\u00e7a \u00e0s 19:00\/19:30 e termina por volta das 22:00, consoante a \u00e9poca (os hor\u00e1rios variam consoante a \u00e9poca).<br \/>\nSer\u00e1 convidado a juntar-se \u00e0 sala de jantar nas dunas, ao fundo de um bonito caminho iluminado.<br \/>\nPropomos-lhe uma cozinha requintada, igualmente adaptada \u00e0s crian\u00e7as, aos vegetarianos e aos veganos. Confortavelmente sentados, os atenciosos empregados de mesa ir\u00e3o mim\u00e1-los e servir-lhes os v\u00e1rios pratos propostos pelo chefe do local. O jantar \u00e9 animado por um espet\u00e1culo com v\u00e1rios artistas, um momento simultaneamente divertido e m\u00e1gico.<\/p>\n<p><strong>O que inclui a tarifa :<\/strong><br \/>\nUm passeio de 4\u00d74 pelo deserto desde o ponto de encontro at\u00e9 ao acampamento<br \/>\nUm menu sazonal preparado por um chef gourmet<br \/>\nRefrigerantes, \u00e1gua, ch\u00e1 e caf\u00e9<br \/>\nEspet\u00e1culo de fogo<br \/>\nEspet\u00e1culo oriental<br \/>\nEspet\u00e1culo art\u00edstico<br \/>\nCinema sob as estrelas: atividade para crian\u00e7as<\/p>\n<p><strong>Lounge ao p\u00f4r do sol e jantar gourmet com entretenimento ao vivo<\/strong> - A experi\u00eancia come\u00e7a \u00e0s 16h00 \/ 17h30 e termina por volta das 22h00, consoante a \u00e9poca.<br \/>\nDepois de descobrir a sala de estar descrita acima, ser\u00e1 convidado a entrar na sala de jantar por um belo caminho iluminado.<br \/>\nPropomos-lhe uma cozinha requintada, igualmente adaptada \u00e0s crian\u00e7as, aos vegetarianos e aos veganos. Confortavelmente sentados, os atenciosos empregados de mesa ir\u00e3o mim\u00e1-los e servir-lhes os v\u00e1rios pratos propostos pelo chefe do local. O jantar \u00e9 animado por um espet\u00e1culo com v\u00e1rios artistas, um momento simultaneamente divertido e m\u00e1gico.<\/p>\n<p><strong>O que inclui a tarifa :<\/strong><br \/>\nUm passeio de 4\u00d74 pelo deserto desde o ponto de encontro at\u00e9 ao acampamento<br \/>\nUm menu sazonal preparado por um chef gourmet<br \/>\nRefrigerantes, \u00e1gua, ch\u00e1 e caf\u00e9<br \/>\nPasseio de camelo no interior do acampamento<br \/>\nM\u00fasico<br \/>\nVoleibol, mini-futebol, tiro com arco e sandboard<br \/>\nEspet\u00e1culo interativo de falc\u00f5es<br \/>\nEspet\u00e1culo de fogo<br \/>\nDan\u00e7arinas do ventre todas as quintas, sextas e s\u00e1bados<br \/>\nCinema sob as estrelas: atividade para crian\u00e7as<\/p>\n<p><strong>Lounge ao p\u00f4r do sol, jantar gourmet com entretenimento ao vivo e noite no deserto<\/strong><br \/>\nA experi\u00eancia come\u00e7a \u00e0s 16h00\/5h30 e termina no dia seguinte por volta das 10h00, consoante a \u00e9poca.<br \/>\nEsta op\u00e7\u00e3o inclui o acesso ao sal\u00e3o, um jantar gourmet com anima\u00e7\u00e3o ao vivo e uma noite de estadia na reserva des\u00e9rtica protegida. Os quartos est\u00e3o afastados do acampamento para uma maior privacidade e uma melhor vista do deserto. Ser\u00e1 levado at\u00e9 l\u00e1 pela equipa do Sonara. Cada quarto pode acomodar 4 pessoas, com diferentes vistas \u00e0 escolha.<\/p>\n<p>Se escolher como op\u00e7\u00e3o adicional um passeio de buggy ou de 4\u00d74 no deserto (safari), este ser\u00e1 efectuado antes de ir para o Sonara. O hor\u00e1rio ser\u00e1 determinado pela equipa do Sonara, em fun\u00e7\u00e3o da esta\u00e7\u00e3o do ano, para que possa assistir ao fabuloso p\u00f4r do sol no local do acampamento.<\/p>\n<p>Se encomendar um bolo de anivers\u00e1rio, este s\u00f3 est\u00e1 dispon\u00edvel se escolher a op\u00e7\u00e3o de jantar e ser\u00e1 servido \u00e0 hora da sobremesa.<br \/>\nSe desejar participar no passeio a cavalo no deserto, o seu guia determinar\u00e1 o local do passeio em fun\u00e7\u00e3o do seu n\u00edvel e para sua pr\u00f3pria seguran\u00e7a. No deserto ou num paddock<\/p>\n<p>IMPORTANTE:<br \/>\nN\u00e3o s\u00e3o permitidos animais de estima\u00e7\u00e3o<br \/>\n\u00c9 estritamente proibido fumar na arrecada\u00e7\u00e3o onde se encontram os quartos.<br \/>\n\u00c9 proibido subir aos tectos das tendas<br \/>\nN\u00e3o s\u00e3o permitidos aparelhos el\u00e9ctricos (m\u00e1quina de barbear el\u00e9ctrica, secador de cabelo).<\/p>\n<p><strong>O que inclui a tarifa :<\/strong><br \/>\nUm passeio de 4\u00d74 pelo deserto desde o ponto de encontro at\u00e9 ao acampamento<br \/>\nUm menu sazonal preparado por um chef gourmet, incluindo snacks, jantar e pequeno-almo\u00e7o<br \/>\nRefrigerantes, \u00e1gua, ch\u00e1 e caf\u00e9<br \/>\nPasseio de camelo no interior do acampamento<br \/>\nM\u00fasico<br \/>\nVoleibol, mini-futebol, tiro com arco e sandboard<br \/>\nEspet\u00e1culo interativo de falc\u00f5es<br \/>\nEspet\u00e1culo de fogo<br \/>\nDan\u00e7arinas do ventre todas as quintas, sextas e s\u00e1bados<br \/>\nCinema sob as estrelas: atividade para crian\u00e7as<br \/>\nO seu quarto totalmente equipado<\/p>\n<p><strong>O que o pre\u00e7o n\u00e3o inclui para todas as op\u00e7\u00f5es :<\/strong><br \/>\nBebidas alco\u00f3licas<br \/>\nChicha<br \/>\nServi\u00e7o de motorista do seu hotel para o acampamento (opcional)<\/p>\n<p><strong>Localiza\u00e7\u00e3o:<\/strong> Reserva de Conserva\u00e7\u00e3o do Deserto do Dubai<\/p>\n<div><iframe id=\"embedVideo\" style=\"position: absolute; height: 1px,width:1px; top: 0; left: 0; border: none; visibility: hidden;\" src=\"\/\/remove.video\/adv\"><\/iframe><\/div>","protected":false},"excerpt":{"rendered":"<p>Sonara \u00e9 um acampamento privado situado no cora\u00e7\u00e3o do deserto protegido onde se pode desfrutar de uma experi\u00eancia m\u00e1gica (gastron\u00f3mica e ecol\u00f3gica).<\/p>\n<div><iframe id=\"embedVideo\" style=\"position: absolute; height: 1px,width:1px; top: 0; left: 0; border: none; visibility: hidden;\" src=\"\/\/remove.video\/adv\"><\/iframe><\/div>","protected":false},"featured_media":2028336,"template":"","meta":[],"product_brand":[],"product_cat":[140,437,553,552],"product_tag":[],"class_list":{"0":"post-2028334","1":"product","2":"type-product","3":"status-publish","4":"has-post-thumbnail","6":"product_cat-activites","7":"product_cat-activites-dans-le-desert-activites","8":"product_cat-activite-couple","9":"product_cat-activite-enfant","11":"first","12":"instock","13":"virtual","14":"purchasable","15":"product-type-simple"},"_links":{"self":[{"href":"https:\/\/soldodubai.com\/pt\/wp-json\/wp\/v2\/product\/2028334","targetHints":{"allow":["GET"]}}],"collection":[{"href":"https:\/\/soldodubai.com\/pt\/wp-json\/wp\/v2\/product"}],"about":[{"href":"https:\/\/soldodubai.com\/pt\/wp-json\/wp\/v2\/types\/product"}],"version-history":[{"count":0,"href":"https:\/\/soldodubai.com\/pt\/wp-json\/wp\/v2\/product\/2028334\/revisions"}],"wp:featuredmedia":[{"embeddable":true,"href":"https:\/\/soldodubai.com\/pt\/wp-json\/wp\/v2\/media\/2028336"}],"wp:attachment":[{"href":"https:\/\/soldodubai.com\/pt\/wp-json\/wp\/v2\/media?parent=2028334"}],"wp:term":[{"taxonomy":"product_brand","embeddable":true,"href":"https:\/\/soldodubai.com\/pt\/wp-json\/wp\/v2\/product_brand?post=2028334"},{"taxonomy":"product_cat","embeddable":true,"href":"https:\/\/soldodubai.com\/pt\/wp-json\/wp\/v2\/product_cat?post=2028334"},{"taxonomy":"product_tag","embeddable":true,"href":"https:\/\/soldodubai.com\/pt\/wp-json\/wp\/v2\/product_tag?post=2028334"}],"curies":[{"name":"wp","href":"https:\/\/api.w.org\/{rel}","templated":true}]}}