{"id":2030449,"date":"2021-10-28T18:17:00","date_gmt":"2021-10-28T17:17:00","guid":{"rendered":"http:\/\/13.36.131.153\/p\/ain-dubai-copy\/"},"modified":"2025-01-27T03:40:53","modified_gmt":"2025-01-27T02:40:53","slug":"sessaofotograficaemdubai","status":"publish","type":"product","link":"https:\/\/soldodubai.com\/pt\/p\/sessaofotograficaemdubai\/","title":{"rendered":"SESS\u00c3O FOTOGR\u00c1FICA EM DUBAI"},"content":{"rendered":"<p>Imortalize a sua estadia no Dubai com um fot\u00f3grafo profissional.<br \/>\nPose a solo, em casal, com a fam\u00edlia ou amigos no local da sua escolha. Crie uma recorda\u00e7\u00e3o duradoura durante esta sess\u00e3o fotogr\u00e1fica.<\/p>\n<p><strong>O que inclui o pre\u00e7o do pacote standard:<\/strong><br \/>\nToda a sess\u00e3o fotogr\u00e1fica em formato digital para utiliza\u00e7\u00e3o na Internet e impress\u00e3o<br \/>\n10 fotografias a selecionar e retocar pelo fot\u00f3grafo<br \/>\nSess\u00e3o fotogr\u00e1fica de 1 hora<br \/>\nSe quiser faz\u00ea-lo na nossa parte do deserto chamada Al Badayer (deserto laranja\/vermelho), o buggy que o levar\u00e1 at\u00e9 \u00e0 duna tamb\u00e9m est\u00e1 inclu\u00eddo.<br \/>\n+ quaisquer op\u00e7\u00f5es adicionais que acrescente<\/p>\n<p>Informa\u00e7\u00e3o: Por raz\u00f5es de propriedade privada ou de direitos de imagem, o fot\u00f3grafo necessitar\u00e1 de uma autoriza\u00e7\u00e3o que ter\u00e1 de obter previamente para efetuar esta sess\u00e3o fotogr\u00e1fica. Por exemplo, se quiser fazer a sess\u00e3o fotogr\u00e1fica no seu hotel ou num hotel espec\u00edfico, se quiser fazer a sess\u00e3o fotogr\u00e1fica perto do Burj Khalifa (muito dif\u00edcil de obter para este \u00faltimo).<br \/>\nNo entanto, alguns locais n\u00e3o necessitam de autoriza\u00e7\u00e3o, por exemplo: o deserto, o crescente de palmeiras de Jumeirah, a Dubai Marina e o Dubai Skydive.<\/p>","protected":false},"excerpt":{"rendered":"<p>Pose a solo, em casal, com a fam\u00edlia ou amigos no local da sua escolha. Crie uma recorda\u00e7\u00e3o duradoura durante esta sess\u00e3o fotogr\u00e1fica<\/p>","protected":false},"featured_media":2032439,"template":"","meta":[],"product_brand":[],"product_cat":[437,150,138],"product_tag":[],"class_list":{"0":"post-2030449","1":"product","2":"type-product","3":"status-publish","4":"has-post-thumbnail","6":"product_cat-activites-dans-le-desert-activites","7":"product_cat-parc-dattractions-aquatiques","8":"product_cat-activites-en-ville-parcs-dattractions","10":"first","11":"instock","12":"virtual","13":"purchasable","14":"product-type-simple"},"_links":{"self":[{"href":"https:\/\/soldodubai.com\/pt\/wp-json\/wp\/v2\/product\/2030449","targetHints":{"allow":["GET"]}}],"collection":[{"href":"https:\/\/soldodubai.com\/pt\/wp-json\/wp\/v2\/product"}],"about":[{"href":"https:\/\/soldodubai.com\/pt\/wp-json\/wp\/v2\/types\/product"}],"version-history":[{"count":0,"href":"https:\/\/soldodubai.com\/pt\/wp-json\/wp\/v2\/product\/2030449\/revisions"}],"wp:featuredmedia":[{"embeddable":true,"href":"https:\/\/soldodubai.com\/pt\/wp-json\/wp\/v2\/media\/2032439"}],"wp:attachment":[{"href":"https:\/\/soldodubai.com\/pt\/wp-json\/wp\/v2\/media?parent=2030449"}],"wp:term":[{"taxonomy":"product_brand","embeddable":true,"href":"https:\/\/soldodubai.com\/pt\/wp-json\/wp\/v2\/product_brand?post=2030449"},{"taxonomy":"product_cat","embeddable":true,"href":"https:\/\/soldodubai.com\/pt\/wp-json\/wp\/v2\/product_cat?post=2030449"},{"taxonomy":"product_tag","embeddable":true,"href":"https:\/\/soldodubai.com\/pt\/wp-json\/wp\/v2\/product_tag?post=2030449"}],"curies":[{"name":"wp","href":"https:\/\/api.w.org\/{rel}","templated":true}]}}