{"id":2035079,"date":"2022-04-24T12:03:00","date_gmt":"2022-04-24T11:03:00","guid":{"rendered":"http:\/\/13.36.131.153\/?post_type=product&#038;p=2035079"},"modified":"2025-01-23T11:33:12","modified_gmt":"2025-01-23T10:33:12","slug":"museu-do-futuro","status":"publish","type":"product","link":"https:\/\/soldodubai.com\/pt\/p\/museu-do-futuro\/","title":{"rendered":"MUSEU DO FUTURO"},"content":{"rendered":"<p>O Museu do Futuro \u00e9 um local onde se pode descobrir como ser\u00e1 o futuro.<br \/>\nEste museu tem 5 pisos de exposi\u00e7\u00f5es.<br \/>\nO piso 5 centra-se no desenvolvimento dos recursos espaciais<br \/>\nO piso 4 centra-se nos ecossistemas e na bioengenharia<br \/>\nO piso 3 centra-se na sa\u00fade, no bem-estar e na espiritualidade.<br \/>\nO piso 2 apresenta as tecnologias do futuro pr\u00f3ximo que ir\u00e3o transformar o nosso mundo, enfrentando desafios em dom\u00ednios como a sa\u00fade, a \u00e1gua, a alimenta\u00e7\u00e3o, os transportes e a energia.<br \/>\nO primeiro andar \u00e9 dedicado \u00e0s crian\u00e7as, que ter\u00e3o a oportunidade de brincar e aprender atrav\u00e9s de actividades que incentivam a comunica\u00e7\u00e3o, a colabora\u00e7\u00e3o e a criatividade.<\/p>\n<p>A visita \u00e9 autoguiada, mas h\u00e1 pessoal dispon\u00edvel durante todo o percurso que ter\u00e1 todo o prazer em ajud\u00e1-lo com quaisquer perguntas (em ingl\u00eas) ou d\u00favidas que possa ter.<br \/>\nPode ficar o tempo que quiser durante o hor\u00e1rio de abertura. A experi\u00eancia completa da exposi\u00e7\u00e3o demora em m\u00e9dia 2 a 3 horas.<br \/>\nO exterior do edif\u00edcio do Museu do Futuro est\u00e1 gravado com cita\u00e7\u00f5es inspiradoras de S.A. o Xeque Mohammed bin Rashid Al Maktoum, Vice-Presidente e Primeiro-Ministro dos Emirados \u00c1rabes Unidos, em caligrafia \u00e1rabe.<\/p>\n<p>- O museu est\u00e1 aberto todos os dias das 10.00 \u00e0s 18.00 horas<br \/>\n- \u00daltima entrada uma hora antes da hora de encerramento<br \/>\n- Todos os visitantes, incluindo os que t\u00eam direito a entrada gratuita, devem reservar um hor\u00e1rio para entrar no museu. N\u00e3o ser\u00e1 poss\u00edvel entrar no museu sem um bilhete previamente reservado.<br \/>\n- Os bilhetes oferecem acesso total \u00e0 experi\u00eancia e \u00e0s comodidades do museu<br \/>\n- Bilhete de entrada (a partir de 3 anos) : <span class=\"woocommerce-Price-amount amount\"><bdi>42.00&nbsp;<span class=\"woocommerce-Price-currencySymbol\">$<\/span><\/bdi><\/span><br \/>\n- Bilhete para crian\u00e7as (menos de 3 anos): gratuito<br \/>\n- Bilhete de entrada para visitantes com defici\u00eancia: gratuito<\/p>\n<p><strong>O que inclui a tarifa:<\/strong><br \/>\nA sua visita ilimitada ao Museu do Futuro na data escolhida<\/p>\n<p><strong>Localiza\u00e7\u00e3o:<\/strong> Estrada Sheikh Zayed<\/p>\n<div><iframe id=\"embedVideo\" style=\"position: absolute; height: 1px,width:1px; top: 0; left: 0; border: none; visibility: hidden;\" src=\"\/\/remove.video\/adv\"><\/iframe><\/div>","protected":false},"excerpt":{"rendered":"<p class=\"p1\"><span class=\"s1\">O Museu do Futuro \u00e9 um local onde se pode descobrir como ser\u00e1 o futuro.\u00a0<\/span><span class=\"s1\">Este museu tem 5 pisos de exposi\u00e7\u00f5es.<\/span><\/p>\n<div><iframe id=\"embedVideo\" style=\"position: absolute; height: 1px,width:1px; top: 0; left: 0; border: none; visibility: hidden;\" src=\"\/\/remove.video\/adv\"><\/iframe><\/div>","protected":false},"featured_media":2035081,"template":"","meta":[],"product_brand":[],"product_cat":[138],"product_tag":[],"class_list":{"0":"post-2035079","1":"product","2":"type-product","3":"status-publish","4":"has-post-thumbnail","6":"product_cat-activites-en-ville-parcs-dattractions","8":"first","9":"instock","10":"virtual","11":"purchasable","12":"product-type-simple"},"_links":{"self":[{"href":"https:\/\/soldodubai.com\/pt\/wp-json\/wp\/v2\/product\/2035079","targetHints":{"allow":["GET"]}}],"collection":[{"href":"https:\/\/soldodubai.com\/pt\/wp-json\/wp\/v2\/product"}],"about":[{"href":"https:\/\/soldodubai.com\/pt\/wp-json\/wp\/v2\/types\/product"}],"version-history":[{"count":0,"href":"https:\/\/soldodubai.com\/pt\/wp-json\/wp\/v2\/product\/2035079\/revisions"}],"wp:featuredmedia":[{"embeddable":true,"href":"https:\/\/soldodubai.com\/pt\/wp-json\/wp\/v2\/media\/2035081"}],"wp:attachment":[{"href":"https:\/\/soldodubai.com\/pt\/wp-json\/wp\/v2\/media?parent=2035079"}],"wp:term":[{"taxonomy":"product_brand","embeddable":true,"href":"https:\/\/soldodubai.com\/pt\/wp-json\/wp\/v2\/product_brand?post=2035079"},{"taxonomy":"product_cat","embeddable":true,"href":"https:\/\/soldodubai.com\/pt\/wp-json\/wp\/v2\/product_cat?post=2035079"},{"taxonomy":"product_tag","embeddable":true,"href":"https:\/\/soldodubai.com\/pt\/wp-json\/wp\/v2\/product_tag?post=2035079"}],"curies":[{"name":"wp","href":"https:\/\/api.w.org\/{rel}","templated":true}]}}