{"id":2036460,"date":"2022-07-27T12:46:00","date_gmt":"2022-07-27T11:46:00","guid":{"rendered":"http:\/\/13.36.131.153\/?post_type=product&#038;p=2036460"},"modified":"2024-08-02T16:14:29","modified_gmt":"2024-08-02T15:14:29","slug":"descobertadastradicoesbeduinas","status":"publish","type":"product","link":"https:\/\/soldodubai.com\/pt\/p\/descobertadastradicoesbeduinas\/","title":{"rendered":"DESCOBERTA DAS TRADI\u00c7\u00d5ES BEDU\u00cdNAS COM CAFE DA MANH\u00c3"},"content":{"rendered":"<p>Atravesse a reserva protegida do deserto num camelo como um verdadeiro n\u00f3mada, onde ter\u00e1 a oportunidade de conhecer os seus habitantes (gazela, \u00f3rix). O camelo foi o principal meio de locomo\u00e7\u00e3o na Pen\u00ednsula Ar\u00e1bica durante muitos s\u00e9culos e at\u00e9 aos anos 50 no M\u00e9dio Oriente.<br \/>\nEsta travessia ser\u00e1 marcada por uma pausa durante a qual descobrir\u00e1 o fiel companheiro de ca\u00e7a do homem dos Emirados da \u00e9poca, o galgo afeg\u00e3o, conhecido como Slogy, bem como o emblema nacional dos Emirados \u00c1rabes Unidos, o falc\u00e3o. Haver\u00e1 uma demonstra\u00e7\u00e3o de ca\u00e7a do falc\u00e3o e ser\u00e1 poss\u00edvel admirar e medir a sua impressionante velocidade m\u00e1xima.<br \/>\nA excurs\u00e3o continua no cora\u00e7\u00e3o do deserto at\u00e9 um t\u00edpico acampamento bedu\u00edno, uma r\u00e9plica perfeita das tribos de outrora.<br \/>\nSer\u00e1 recebido por calorosos anfitri\u00f5es dos Emirados que ter\u00e3o todo o prazer em mostrar-lhe como preparar um Caf\u00e9 da manh\u00e3 de pratos t\u00edpicos dos Emirados, bem como como cozer p\u00e3o.<br \/>\n\u00c0 volta de uma mesa e de assentos no ch\u00e3o, descobrir\u00e1 os sabores dos Emirados acompanhados pelos seus anfitri\u00f5es dos Emirados, que animar\u00e3o este momento caloroso com dan\u00e7as e can\u00e7\u00f5es tradicionais.<br \/>\nAp\u00f3s este momento de partilha, continuar\u00e1 a excurs\u00e3o com um safari num Land Rover antigo para explorar ainda mais a reserva do deserto antes de regressar \u00e0 cidade.<\/p>\n<p>-Excurs\u00e3o para crian\u00e7as a partir dos 5 anos<br \/>\n-N\u00e3o autorizado para crian\u00e7as com menos de 5 anos e mulheres gr\u00e1vidas<br \/>\n-Partida entre as 5h30 e as 7h00, consoante a esta\u00e7\u00e3o do ano<br \/>\n-Regresso entre as 10h30 e as 12h00, consoante a \u00e9poca<\/p>\n<p><strong>Composi\u00e7\u00e3o do caf\u00e9 da manh\u00e3<\/strong> :<br \/>\nCabelo de anjo com cardamomo<br \/>\nFeij\u00e3o com azeite e lim\u00e3o<br \/>\nQueijo de leite de vaca fermentado com t\u00e2mara<br \/>\nPanqueca com xarope de t\u00e2maras e mel<br \/>\nP\u00e3o tradicional com leite e mel<br \/>\n\u00c1gua, ch\u00e1 e caf\u00e9<\/p>\n<p><strong>O que inclui a tarifa :<\/strong><br \/>\nTransferes de e para o seu hotel<br \/>\nPasseio de camelo ( 20 minutos )<br \/>\nDemonstra\u00e7\u00e3o de ca\u00e7a do falc\u00e3o<br \/>\nApresenta\u00e7\u00e3o do seu companheiro de ca\u00e7a (slogy)<br \/>\nCaf\u00e9 da manh\u00e3 t\u00edpico dos Emirados<br \/>\nSafari num Land Rover antigo (60 minutos)<\/p>\n<p>De cortesia:<br \/>\nCachecol<br \/>\nFrasco<br \/>\nTatuagem de hena<br \/>\nSaco de palha<\/p>\n<p><strong>Localiza\u00e7\u00e3o:<\/strong> Reserva de conserva\u00e7\u00e3o do deserto do Dubai<\/p>","protected":false},"excerpt":{"rendered":"<p>Atravesse a reserva des\u00e9rtica protegida como um verdadeiro n\u00f3mada a bordo de um camelo, onde ter\u00e1 a oportunidade de conhecer os seus habitantes (gazela, \u00f3rix). O camelo foi o principal meio de locomo\u00e7\u00e3o na Pen\u00ednsula Ar\u00e1bica durante muitos s\u00e9culos, e at\u00e9 aos anos 50 da Idade M\u00e9dia...<\/p>","protected":false},"featured_media":2036462,"template":"","meta":[],"product_brand":[],"product_cat":[140,437,553],"product_tag":[],"class_list":{"0":"post-2036460","1":"product","2":"type-product","3":"status-publish","4":"has-post-thumbnail","6":"product_cat-activites","7":"product_cat-activites-dans-le-desert-activites","8":"product_cat-activite-couple","10":"first","11":"instock","12":"virtual","13":"purchasable","14":"product-type-simple"},"_links":{"self":[{"href":"https:\/\/soldodubai.com\/pt\/wp-json\/wp\/v2\/product\/2036460","targetHints":{"allow":["GET"]}}],"collection":[{"href":"https:\/\/soldodubai.com\/pt\/wp-json\/wp\/v2\/product"}],"about":[{"href":"https:\/\/soldodubai.com\/pt\/wp-json\/wp\/v2\/types\/product"}],"version-history":[{"count":0,"href":"https:\/\/soldodubai.com\/pt\/wp-json\/wp\/v2\/product\/2036460\/revisions"}],"wp:featuredmedia":[{"embeddable":true,"href":"https:\/\/soldodubai.com\/pt\/wp-json\/wp\/v2\/media\/2036462"}],"wp:attachment":[{"href":"https:\/\/soldodubai.com\/pt\/wp-json\/wp\/v2\/media?parent=2036460"}],"wp:term":[{"taxonomy":"product_brand","embeddable":true,"href":"https:\/\/soldodubai.com\/pt\/wp-json\/wp\/v2\/product_brand?post=2036460"},{"taxonomy":"product_cat","embeddable":true,"href":"https:\/\/soldodubai.com\/pt\/wp-json\/wp\/v2\/product_cat?post=2036460"},{"taxonomy":"product_tag","embeddable":true,"href":"https:\/\/soldodubai.com\/pt\/wp-json\/wp\/v2\/product_tag?post=2036460"}],"curies":[{"name":"wp","href":"https:\/\/api.w.org\/{rel}","templated":true}]}}