{"id":2036589,"date":"2022-08-08T08:37:00","date_gmt":"2022-08-08T07:37:00","guid":{"rendered":"http:\/\/13.36.131.153\/p\/musee-du-futur-copy-2\/"},"modified":"2024-08-02T16:13:48","modified_gmt":"2024-08-02T15:13:48","slug":"observatorioskyviews","status":"publish","type":"product","link":"https:\/\/soldodubai.com\/pt\/p\/observatorioskyviews\/","title":{"rendered":"OBSERVAT\u00d3RIO SKYVIEWS"},"content":{"rendered":"<p><strong>Observat\u00f3rio Skyviews:<\/strong><br \/>\nLocalizado nos pisos 52 e 53 do Address Sky View Hotel, o observat\u00f3rio oferece uma experi\u00eancia inesquec\u00edvel aos residentes e visitantes do Dubai. O elevador panor\u00e2mico em vidro eleva-o a mais de 219,5 metros para chegar \u00e0 atividade.<br \/>\nNo 52\u00ba andar, descobrir\u00e1 um passadi\u00e7o de vidro de 46 metros rodeado por grandes janelas que oferecem vistas espectaculares do fabuloso horizonte e da cintilante cidade do Dubai.<br \/>\nMais do que uma simples plataforma de observa\u00e7\u00e3o, o observat\u00f3rio Sky Views \u00e9 uma atra\u00e7\u00e3o \u00fanica.<\/p>\n<p>- Aberto todos os dias das 10h00 \u00e0s 22h00<br \/>\n- \u00daltima entrada uma hora antes da hora de encerramento<br \/>\n- N\u00e3o usar saltos altos, chinelos de dedo ou chinelos de dedo<\/p>\n<p><strong>O que inclui a tarifa:<\/strong><br \/>\nA sua visita ilimitada ao Observat\u00f3rio Skyviews na data da sua escolha<br \/>\nAcesso ao passadi\u00e7o de vidro sobre o vazio<\/p>\n<p><strong>Observat\u00f3rio Skyviews &amp; Caminhada Vertiginosa<\/strong><br \/>\nPara al\u00e9m da visita ao observat\u00f3rio acima descrita, pode desfrutar de uma vista a\u00e9rea da cidade e do Burj Khalifa.<br \/>\nO Vertiginous Walk \u00e9 uma das atrac\u00e7\u00f5es mais excitantes do Dubai e a primeira do seu g\u00e9nero na regi\u00e3o. \u00c9 o passeio mais alto da cidade, numa sali\u00eancia em torno do topo da g\u00f4ndola principal da torre, a mais de 219,5 metros acima do solo - sem janelas ou outras barreiras de prote\u00e7\u00e3o, mas seguro por um arn\u00eas.<\/p>\n<p>- Autorizado para pessoas com idades compreendidas entre os 12 e os 65 anos<br \/>\n- \u00c9 necess\u00e1ria uma boa condi\u00e7\u00e3o f\u00edsica<br \/>\n- Formadores obrigat\u00f3rios<br \/>\n- N\u00e3o adequado para mulheres gr\u00e1vidas<br \/>\n- N\u00e3o \u00e9 adequado para pessoas com tend\u00eancia para o desconforto<br \/>\n- Peso entre 30 e 120 kg<br \/>\n- Medida entre 135cms e 200cms<br \/>\n- Esta atividade est\u00e1 sujeita \u00e0s condi\u00e7\u00f5es meteorol\u00f3gicas e pode ser cancelada ou adiada em caso de mau tempo.<br \/>\n- Atividade dispon\u00edvel das 12.00 \u00e0s 20.30<\/p>\n<p><strong>O que inclui a tarifa:<\/strong><br \/>\nA sua visita ilimitada ao Observat\u00f3rio Skyviews na data da sua escolha<br \/>\nAcesso ao passadi\u00e7o de vidro sobre o vazio<br \/>\nO passeio na g\u00f4ndola acompanhado por um instrutor, cerca de 20 minutos<br \/>\nO seu equipamento de seguran\u00e7a<br \/>\nEstacionamento gratuito<\/p>\n<p><strong>Skyviews Observatory &amp; Burj Khalifa\u00a0<\/strong><br \/>\nPara esta combina\u00e7\u00e3o, o Skyview ser\u00e1 visitado depois do Burj Khalifa.<br \/>\nPara uma descri\u00e7\u00e3o da visita aos observat\u00f3rios do Burj Khalifa (pisos 124, 125 e 148), consultar <a href=\"https:\/\/soldodubai.com\/pt\/p\/at-the-top-burj-khalifa-combo-aquarium-underwater-zoo\/\">clicando aqui<\/a><\/p>\n<p><strong>Localiza\u00e7\u00e3o:<\/strong> Endere\u00e7o Skyview Hotel<br \/>\nEsta atividade pode ser acedida atrav\u00e9s da esta\u00e7\u00e3o de metro do Dubai Mall, do centro comercial Dubai Mall e do lado da resid\u00eancia do hotel Skyview (entrada da resid\u00eancia, n\u00e3o do hotel).<\/p>","protected":false},"excerpt":{"rendered":"<p class=\"p1\"><span class=\"s1\">Um magn\u00edfico panorama do centro do Dubai a partir do observat\u00f3rio Skyviews.\u00a0<\/span><\/p>","protected":false},"featured_media":2036591,"template":"","meta":[],"product_brand":[],"product_cat":[140,138],"product_tag":[],"class_list":{"0":"post-2036589","1":"product","2":"type-product","3":"status-publish","4":"has-post-thumbnail","6":"product_cat-activites","7":"product_cat-activites-en-ville-parcs-dattractions","9":"first","10":"instock","11":"virtual","12":"purchasable","13":"product-type-simple"},"_links":{"self":[{"href":"https:\/\/soldodubai.com\/pt\/wp-json\/wp\/v2\/product\/2036589","targetHints":{"allow":["GET"]}}],"collection":[{"href":"https:\/\/soldodubai.com\/pt\/wp-json\/wp\/v2\/product"}],"about":[{"href":"https:\/\/soldodubai.com\/pt\/wp-json\/wp\/v2\/types\/product"}],"version-history":[{"count":0,"href":"https:\/\/soldodubai.com\/pt\/wp-json\/wp\/v2\/product\/2036589\/revisions"}],"wp:featuredmedia":[{"embeddable":true,"href":"https:\/\/soldodubai.com\/pt\/wp-json\/wp\/v2\/media\/2036591"}],"wp:attachment":[{"href":"https:\/\/soldodubai.com\/pt\/wp-json\/wp\/v2\/media?parent=2036589"}],"wp:term":[{"taxonomy":"product_brand","embeddable":true,"href":"https:\/\/soldodubai.com\/pt\/wp-json\/wp\/v2\/product_brand?post=2036589"},{"taxonomy":"product_cat","embeddable":true,"href":"https:\/\/soldodubai.com\/pt\/wp-json\/wp\/v2\/product_cat?post=2036589"},{"taxonomy":"product_tag","embeddable":true,"href":"https:\/\/soldodubai.com\/pt\/wp-json\/wp\/v2\/product_tag?post=2036589"}],"curies":[{"name":"wp","href":"https:\/\/api.w.org\/{rel}","templated":true}]}}