{"id":2036749,"date":"2022-08-17T15:16:00","date_gmt":"2022-08-17T14:16:00","guid":{"rendered":"http:\/\/13.36.131.153\/p\/observatoire-skyviews-copy\/"},"modified":"2024-08-02T16:12:10","modified_gmt":"2024-08-02T15:12:10","slug":"visitaaoburjalarab","status":"publish","type":"product","link":"https:\/\/soldodubai.com\/pt\/p\/visitaaoburjalarab\/","title":{"rendered":"VISITA AO BURJ AL ARAB"},"content":{"rendered":"<p>Fa\u00e7a uma visita imersiva a este marco do Dubai.<br \/>\nQuando chegar ao ponto de encontro perto do hotel Jumeirah Beach, uma equipa simp\u00e1tica dar-lhe-\u00e1 as boas-vindas num lounge antes de o encaminhar para um carrinho de golfe que o levar\u00e1 at\u00e9 aos port\u00f5es do Burj Al Arab.<\/p>\n<p>No caminho para esta maravilha arquitet\u00f3nica, pode fazer uma pausa para tirar algumas fotografias com o Burj Al Arab como pano de fundo.<br \/>\nQuanto mais se dirige para este hotel, mais se apercebe da sua dimens\u00e3o impressionante.<br \/>\nQuando chegar \u00e0 rece\u00e7\u00e3o para esta visita, ser\u00e1 guiado atrav\u00e9s do \u00e1trio da rece\u00e7\u00e3o, passando pelo aqu\u00e1rio antes de chegar ao elevador de vidro que o levar\u00e1 quase at\u00e9 ao topo, no 25\u00ba andar.<\/p>\n<p>Na primeira sala, pode descobrir todos os segredos do Burj Al Arab, a sua hist\u00f3ria e os acontecimentos ligados a este estabelecimento.<br \/>\nSer\u00e1 oferecida uma sess\u00e3o fotogr\u00e1fica divertida e ser\u00e1 poss\u00edvel comprar estas fotografias originais mediante um suplemento.<\/p>\n<p>O passeio continua com uma visita \u00e0 fabulosa e luxuosa suite presidencial aut\u00eantica, onde Nelson Mandela, Cristiano Ronaldo, David Beckham e Justin Bieber, para citar apenas alguns, ficaram hospedados.<br \/>\nAs caracter\u00edsticas distintivas desta suite s\u00e3o os elementos decorativos, a televis\u00e3o e a casa de banho, todos feitos de ouro de 24 quilates. Desfrutar\u00e1 do m\u00e1ximo luxo, com uma sala de estar, sala de reuni\u00f5es, quarto de vestir, sala de jantar, quarto Queen com jacuzzi em m\u00e1rmore e quarto principal com cama girat\u00f3ria.<\/p>\n<p>Pode terminar a sua visita com uma op\u00e7\u00e3o que lhe permite desfrutar do sal\u00e3o e saborear uma bebida quente (incluindo o famoso caf\u00e9 com ouro) ou fria; ou como segunda op\u00e7\u00e3o, jantar no local.<\/p>\n<p>Dura\u00e7\u00e3o da visita 90 minutos<br \/>\nC\u00f3digo de vestu\u00e1rio: n\u00e3o usar cal\u00e7\u00f5es ou roupa de praia<br \/>\nAs excurs\u00f5es s\u00e3o para grupos de 12 pessoas no m\u00e1ximo<br \/>\nGratuito para crian\u00e7as com menos de 4 anos<\/p>\n<p><strong>O que incluem as tarifas :<br \/>\nVisita ao Burj Al Arab<\/strong><br \/>\nVisita guiada ao Burj Al Arab<br \/>\nAcesso \u00e0 suite presidencial<\/p>\n<p><strong>Visita ao Burj Al Arab &amp; Drink<\/strong><br \/>\nVisita guiada ao Burj Al Arab<br \/>\nAcesso \u00e0 suite presidencial<br \/>\nAcesso ao lounge Uma<br \/>\n1 refrigerante ou caf\u00e9<\/p>\n<p><strong>Visita ao Burj Al Arab e Cappucino de Ouro\u00a0<\/strong><br \/>\nVisita guiada ao Burj Al Arab<br \/>\nAcesso \u00e0 suite presidencial<br \/>\nAcesso ao lounge Uma<br \/>\n1 Cappuccino dourado<\/p>\n<p><strong>Visita ao Burj Al Arab e jantar<\/strong><br \/>\nVisita guiada ao Burj Al Arab<br \/>\nAcesso \u00e0 suite presidencial<br \/>\nAcesso ao restaurante Al Iwan, aberto das 19h00 \u00e0 meia-noite<br \/>\nJantar - entrada e prato principal ou prato principal e sobremesa<\/p>\n<p><strong>Localiza\u00e7\u00e3o:<\/strong> Hotel Burj Al Arab<\/p>","protected":false},"excerpt":{"rendered":"<p class=\"p1\"><span class=\"s1\">Descubra o ponto de refer\u00eancia do Dubai, o hotel de 7 estrelas, o famoso Burj Al Arab.\u00a0<\/span><\/p>","protected":false},"featured_media":2036751,"template":"","meta":[],"product_brand":[],"product_cat":[140,138],"product_tag":[],"class_list":{"0":"post-2036749","1":"product","2":"type-product","3":"status-publish","4":"has-post-thumbnail","6":"product_cat-activites","7":"product_cat-activites-en-ville-parcs-dattractions","9":"first","10":"instock","11":"virtual","12":"purchasable","13":"product-type-simple"},"_links":{"self":[{"href":"https:\/\/soldodubai.com\/pt\/wp-json\/wp\/v2\/product\/2036749","targetHints":{"allow":["GET"]}}],"collection":[{"href":"https:\/\/soldodubai.com\/pt\/wp-json\/wp\/v2\/product"}],"about":[{"href":"https:\/\/soldodubai.com\/pt\/wp-json\/wp\/v2\/types\/product"}],"version-history":[{"count":0,"href":"https:\/\/soldodubai.com\/pt\/wp-json\/wp\/v2\/product\/2036749\/revisions"}],"wp:featuredmedia":[{"embeddable":true,"href":"https:\/\/soldodubai.com\/pt\/wp-json\/wp\/v2\/media\/2036751"}],"wp:attachment":[{"href":"https:\/\/soldodubai.com\/pt\/wp-json\/wp\/v2\/media?parent=2036749"}],"wp:term":[{"taxonomy":"product_brand","embeddable":true,"href":"https:\/\/soldodubai.com\/pt\/wp-json\/wp\/v2\/product_brand?post=2036749"},{"taxonomy":"product_cat","embeddable":true,"href":"https:\/\/soldodubai.com\/pt\/wp-json\/wp\/v2\/product_cat?post=2036749"},{"taxonomy":"product_tag","embeddable":true,"href":"https:\/\/soldodubai.com\/pt\/wp-json\/wp\/v2\/product_tag?post=2036749"}],"curies":[{"name":"wp","href":"https:\/\/api.w.org\/{rel}","templated":true}]}}