{"id":2036763,"date":"2022-08-18T17:29:00","date_gmt":"2022-08-18T16:29:00","guid":{"rendered":"http:\/\/13.36.131.153\/?post_type=product&#038;p=2036763"},"modified":"2025-01-22T16:35:51","modified_gmt":"2025-01-22T15:35:51","slug":"vistodeturista","status":"publish","type":"product","link":"https:\/\/soldodubai.com\/pt\/p\/vistodeturista\/","title":{"rendered":"VISTO DE TURISTA PARA OS EMIRADOS"},"content":{"rendered":"<p>Este servi\u00e7o est\u00e1 dispon\u00edvel para os viajantes que necessitam de um visto de turista para entrar nos Emirados \u00c1rabes Unidos.<br \/>\nO visto de entrada \u00fanica destina-se aos viajantes que pretendam permanecer apenas nos Emirados \u00c1rabes Unidos (Dubai, Abu Dhabi, Sharjah, Ras Al Khaimah, Fujairah, Umm Al Quwaim).<\/p>\n<p>O visto de entradas m\u00faltiplas destina-se aos viajantes que tencionam fazer excurs\u00f5es fora dos Emirados, mas que t\u00eam de regressar aos Emirados no final da viagem, por exemplo, num cruzeiro para Om\u00e3.<\/p>\n<p>Entrega do visto no prazo de 2 dias \u00fateis<br \/>\nO documento deve ser impresso e apresentado no embarque.<\/p>\n<p>Requisitos de visto :<br \/>\nTer um passaporte com validade de pelo menos 6 meses<br \/>\nUma fotografia tipo passe a cores (fundo branco, com os ombros cobertos, sem decote, sem \u00f3culos de sol, sem chap\u00e9us, bon\u00e9s ou bonecas, rosto n\u00edtido, sem sorrir)<br \/>\nPossuir um bilhete de identidade, um cart\u00e3o de residente ou um recibo<br \/>\nOs menores de idade devem igualmente enviar o passaporte de um dos pais.<br \/>\nO visto \u00e9 v\u00e1lido a partir da data de in\u00edcio que indicou e expira no final do per\u00edodo que escolheu.<br \/>\nO visto pode ser recusado por qualquer motivo pelas autoridades dos Emirados ou se tiver antecedentes de envolvimento com o sistema judicial dos Emirados.<br \/>\nO visto est\u00e1 sujeito \u00e0 aceita\u00e7\u00e3o pelas autoridades competentes.<br \/>\nOs titulares de documentos de viagem para refugiados ou de passaportes diplom\u00e1ticos n\u00e3o podem requerer um visto para o Dubai.<br \/>\n<strong>IMPORTANTE:<\/strong> Se o visto for recusado, as despesas efectuadas n\u00e3o ser\u00e3o reembolsadas.<\/p>","protected":false},"excerpt":{"rendered":"<p class=\"p1\"><span class=\"s1\">Descubra o Dubai com o servi\u00e7o de vistos Sol do Dubai.\u00a0<\/span><\/p>","protected":false},"featured_media":2036766,"template":"","meta":[],"product_brand":[],"product_cat":[140,437,150,138],"product_tag":[],"class_list":{"0":"post-2036763","1":"product","2":"type-product","3":"status-publish","4":"has-post-thumbnail","6":"product_cat-activites","7":"product_cat-activites-dans-le-desert-activites","8":"product_cat-parc-dattractions-aquatiques","9":"product_cat-activites-en-ville-parcs-dattractions","11":"first","12":"instock","13":"virtual","14":"purchasable","15":"product-type-simple"},"_links":{"self":[{"href":"https:\/\/soldodubai.com\/pt\/wp-json\/wp\/v2\/product\/2036763","targetHints":{"allow":["GET"]}}],"collection":[{"href":"https:\/\/soldodubai.com\/pt\/wp-json\/wp\/v2\/product"}],"about":[{"href":"https:\/\/soldodubai.com\/pt\/wp-json\/wp\/v2\/types\/product"}],"version-history":[{"count":0,"href":"https:\/\/soldodubai.com\/pt\/wp-json\/wp\/v2\/product\/2036763\/revisions"}],"wp:featuredmedia":[{"embeddable":true,"href":"https:\/\/soldodubai.com\/pt\/wp-json\/wp\/v2\/media\/2036766"}],"wp:attachment":[{"href":"https:\/\/soldodubai.com\/pt\/wp-json\/wp\/v2\/media?parent=2036763"}],"wp:term":[{"taxonomy":"product_brand","embeddable":true,"href":"https:\/\/soldodubai.com\/pt\/wp-json\/wp\/v2\/product_brand?post=2036763"},{"taxonomy":"product_cat","embeddable":true,"href":"https:\/\/soldodubai.com\/pt\/wp-json\/wp\/v2\/product_cat?post=2036763"},{"taxonomy":"product_tag","embeddable":true,"href":"https:\/\/soldodubai.com\/pt\/wp-json\/wp\/v2\/product_tag?post=2036763"}],"curies":[{"name":"wp","href":"https:\/\/api.w.org\/{rel}","templated":true}]}}