{"id":2036808,"date":"2022-08-24T10:33:00","date_gmt":"2022-08-24T09:33:00","guid":{"rendered":"http:\/\/13.36.131.153\/?post_type=product&#038;p=2036808"},"modified":"2024-08-02T16:11:05","modified_gmt":"2024-08-02T15:11:05","slug":"palacio-presidencial-abu-dhabi","status":"publish","type":"product","link":"https:\/\/soldodubai.com\/pt\/p\/palacio-presidencial-abu-dhabi\/","title":{"rendered":"PAL\u00c1CIO PRESIDENCIAL QASR AL WATAN"},"content":{"rendered":"<p>Descubra o emirado de Abu Dhabi, a 1h15 minutos de carro do Dubai. Esta capital hist\u00f3rica permite-lhe visitar alguns dos marcos mais emblem\u00e1ticos dos Emirados, sob um manto de arquitetura majestosa. Entre m\u00e1rmore, ouro de 24 quilates e p\u00e9rolas, a diplomacia dos Emirados abre as portas do lugar que lhes \u00e9 mais caro, o Pal\u00e1cio Presidencial Qasr Al Watan.<\/p>\n<p>Oferecemos duas op\u00e7\u00f5es:<br \/>\n<strong>Uma visita ao pal\u00e1cio presidencial<\/strong><br \/>\nOU<br \/>\n<strong>Visita a Abu Dhabi, incluindo o Pal\u00e1cio Presidencial<\/strong><br \/>\ndas 9h30 \u00e0s 19h00 \/ 19h30<br \/>\nEsta excurs\u00e3o inclui uma visita gratuita ao Pal\u00e1cio Presidencial e uma visita guiada ao forte mais antigo de Abu Dhabi. Pode ser fornecido um guia que fale ingl\u00eas, sujeito a disponibilidade.<br \/>\nA visita ser\u00e1 seguida de um almo\u00e7o tradicional dos Emirados, onde pode optar por comer ao estilo bedu\u00edno em almofadas tradicionais no ch\u00e3o ou sentado \u00e0 mesa; depois, uma visita \u00e0 Grande Mesquita, que pode ser auto-guiada ou guiada. A visita guiada, em ingl\u00eas e em grupo, realiza-se de hora a hora, das 9h00 \u00e0s 20h00, e tem uma dura\u00e7\u00e3o de 40 minutos. O ponto de encontro com o guia \u00e9 na entrada principal.<\/p>\n<p>- Para os homens, \u00e9 proibido usar cal\u00e7\u00f5es abaixo dos joelhos e camisolas de al\u00e7as.<br \/>\n- As mulheres devem usar roupas largas que cubram os tornozelos e os pulsos e um len\u00e7o para cobrir o cabelo.<\/p>\n<p>&nbsp;<\/p>\n<p><strong>O pal\u00e1cio presidencial<\/strong><br \/>\nDura\u00e7\u00e3o: 1 hora<br \/>\nQasr Al Watan \u00e9 mais do que um pal\u00e1cio, \u00e9 um testemunho \u00fanico do esp\u00edrito do povo dos Emirados \u00c1rabes Unidos e dos seus dirigentes. No pal\u00e1cio, ainda em funcionamento, ter\u00e1 acesso \u00e0s salas de reuni\u00f5es onde s\u00e3o recebidos os chefes de Estado, ao sal\u00e3o de banquetes onde s\u00e3o servidos os jantares pol\u00edticos, \u00e0 sala de reuni\u00f5es dos ministros onde s\u00e3o tomadas as decis\u00f5es pol\u00edticas e muito mais. Uma vez chegado \u00e0 rece\u00e7\u00e3o do Pal\u00e1cio, atravessar\u00e1 os jardins num autocarro com ar condicionado antes de chegar ao imenso port\u00e3o de Qasr Al Arab. Atr\u00e1s deste port\u00e3o gigantesco, admire a incr\u00edvel entrada.<\/p>\n<p><strong>A grande mesquita<\/strong><br \/>\nDura\u00e7\u00e3o: 2 horas<br \/>\nA Grande Mesquita de Abu Dhabi, tamb\u00e9m conhecida como a Grande Mesquita Sheikh Zayed em Abu Dhabi, \u00e9 uma joia arquitet\u00f3nica constru\u00edda sob a dire\u00e7\u00e3o de Sua Alteza Sheikh Zayed Al Nahyane. Classificada entre as 5 maiores mesquitas do mundo, a sua superf\u00edcie de 2.412 metros quadrados permite-lhe descobrir um local sumptuoso de culto e cultura em igual medida. \u00c9 a \u00fanica mesquita dos Emirados aberta aos visitantes e turistas.<br \/>\nA sua constru\u00e7\u00e3o demorou 12 anos, de 1995 a 2007, e exigiu a per\u00edcia, a engenharia e o artesanato de v\u00e1rios pa\u00edses. O Reino Unido, a \u00cdndia, Marrocos, a It\u00e1lia, a China, a Turquia, o Ir\u00e3o e a Alemanha estiveram todos envolvidos na sua constru\u00e7\u00e3o. O deslumbrante m\u00e1rmore branco da mesquita prov\u00e9m de uma montanha na Maced\u00f3nia, tendo sido comprado na totalidade pelos Emirados \u00c1rabes Unidos para um esquema de cores \u00fanico.<br \/>\nA Grande Mesquita de Abu Dhabi tamb\u00e9m det\u00e9m v\u00e1rios recordes mundiais.<\/p>\n<p><strong>Forte de Abu Dhabi<\/strong><br \/>\nDura\u00e7\u00e3o: 1h30<br \/>\n\u00c9 o edif\u00edcio mais antigo e mais importante de Abu Dhabi, albergando a primeira estrutura permanente da cidade: a torre de vigia. Constru\u00edda por volta de 1790, a estrutura dominante tinha vista para as rotas comerciais costeiras e protegia o crescente povoamento da ilha.<br \/>\nNeste forte, atualmente um museu hist\u00f3rico, descobrir\u00e1 a hist\u00f3ria do nascimento e da forma\u00e7\u00e3o dos Emirados, de 1790 a 2000. Os assuntos pessoais e os acordos pol\u00edticos e comerciais originais dos seus l\u00edderes s\u00e3o aqui cuidadosamente preservados.<br \/>\nTer\u00e1 tamb\u00e9m acesso ao Museu de Artesanato dos Emirados, situado nas traseiras do museu, num anexo, onde lhe ser\u00e1 servido um caf\u00e9 preparado ao seu lado de forma tradicional.<\/p>\n<p><strong>Almo\u00e7o :<\/strong><br \/>\n\u00c9 num estabelecimento t\u00edpico do Golfo P\u00e9rsico que almo\u00e7ar\u00e1; um endere\u00e7o secreto apreciado pelo povo dos Emirados, onde apenas os locais s\u00e3o clientes. Pode optar por desfrutar do seu almo\u00e7o de forma tradicional ou \u00e0 mesa.<\/p>\n<p><strong>Composi\u00e7\u00e3o do almo\u00e7o:<\/strong><br \/>\nSalada verde ou sopa de lentilhas<br \/>\nFilete de peixe grelhado ou frango marinado<br \/>\nArroz aromatizado com especiarias dos Emirados (cardamomo, a\u00e7afr\u00e3o)<br \/>\nMolho de iogurte e molho de tomate picante<br \/>\nBolinhos dos Emirados com mel e xarope de t\u00e2maras<br \/>\n\u00c1gua<\/p>\n<p><strong>O que inclui a tarifa :<\/strong><br \/>\n<strong>Pal\u00e1cio presidencial :<\/strong><br \/>\nO seu acesso ao pal\u00e1cio presidencial<br \/>\nVisita livre e ilimitada - \u00c9 poss\u00edvel obter um guia eletr\u00f3nico por cerca de 20 Dirhams (6 euros).<\/p>\n<p><strong>Visitar Abu Dhabi :<\/strong><br \/>\nTransfers de ida e volta<br \/>\nVisita ao Pal\u00e1cio Presidencial<br \/>\nVisita ao Forte de Abu Dhabi<br \/>\nAlmo\u00e7o tradicional<br \/>\nVisita \u00e0 Grande Mesquita<\/p>\n<p><strong>Localiza\u00e7\u00e3o:<\/strong> Abu Dhabi<\/p>\n<div><iframe id=\"embedVideo\" style=\"position: absolute; height: 1px,width:1px; top: 0; left: 0; border: none; visibility: hidden;\" src=\"\/\/remove.video\/adv\"><\/iframe><\/div>","protected":false},"excerpt":{"rendered":"<p>&nbsp;<\/p>\n<div><iframe id=\"embedVideo\" style=\"position: absolute; height: 1px,width:1px; top: 0; left: 0; border: none; visibility: hidden;\" src=\"\/\/remove.video\/adv\"><\/iframe><\/div>","protected":false},"featured_media":2036810,"template":"","meta":[],"product_brand":[],"product_cat":[138],"product_tag":[],"class_list":{"0":"post-2036808","1":"product","2":"type-product","3":"status-publish","4":"has-post-thumbnail","6":"product_cat-activites-en-ville-parcs-dattractions","8":"first","9":"instock","10":"virtual","11":"purchasable","12":"product-type-simple"},"_links":{"self":[{"href":"https:\/\/soldodubai.com\/pt\/wp-json\/wp\/v2\/product\/2036808","targetHints":{"allow":["GET"]}}],"collection":[{"href":"https:\/\/soldodubai.com\/pt\/wp-json\/wp\/v2\/product"}],"about":[{"href":"https:\/\/soldodubai.com\/pt\/wp-json\/wp\/v2\/types\/product"}],"version-history":[{"count":0,"href":"https:\/\/soldodubai.com\/pt\/wp-json\/wp\/v2\/product\/2036808\/revisions"}],"wp:featuredmedia":[{"embeddable":true,"href":"https:\/\/soldodubai.com\/pt\/wp-json\/wp\/v2\/media\/2036810"}],"wp:attachment":[{"href":"https:\/\/soldodubai.com\/pt\/wp-json\/wp\/v2\/media?parent=2036808"}],"wp:term":[{"taxonomy":"product_brand","embeddable":true,"href":"https:\/\/soldodubai.com\/pt\/wp-json\/wp\/v2\/product_brand?post=2036808"},{"taxonomy":"product_cat","embeddable":true,"href":"https:\/\/soldodubai.com\/pt\/wp-json\/wp\/v2\/product_cat?post=2036808"},{"taxonomy":"product_tag","embeddable":true,"href":"https:\/\/soldodubai.com\/pt\/wp-json\/wp\/v2\/product_tag?post=2036808"}],"curies":[{"name":"wp","href":"https:\/\/api.w.org\/{rel}","templated":true}]}}