{"id":2038366,"date":"2022-12-15T11:24:00","date_gmt":"2022-12-15T10:24:00","guid":{"rendered":"http:\/\/13.36.131.153\/?post_type=product&#038;p=2038366"},"modified":"2024-08-02T16:10:24","modified_gmt":"2024-08-02T15:10:24","slug":"marvelparcimgworld","status":"publish","type":"product","link":"https:\/\/soldodubai.com\/pt\/p\/marvelparcimgworld\/","title":{"rendered":"MARVEL PARK IMG WORLD, DUBAI"},"content":{"rendered":"<p>O IMG Worlds of Adventure \u00e9 o maior parque tem\u00e1tico coberto do mundo, com mais de 20 passeios e atrac\u00e7\u00f5es, bem como a montanha-russa mais longa e mais r\u00e1pida do Dubai. O parque est\u00e1 dividido em quatro zonas diferentes, cada uma com o seu pr\u00f3prio tema e conjunto de atrac\u00e7\u00f5es. A zona Lost Valley - Dinosaur Adventure apresenta uma s\u00e9rie de dinossauros animatr\u00f3nicos, bem como v\u00e1rios passeios. A Marvel Zone oferece atrac\u00e7\u00f5es baseadas em personagens populares da Marvel, como o Homem-Aranha e os Vingadores. A Cartoon Network Zone oferece atrac\u00e7\u00f5es baseadas em programas populares da Cartoon Network, como The Powerpuff Girls e Ben 10, enquanto a IMG Boulevard Zone oferece uma variedade de op\u00e7\u00f5es de restaura\u00e7\u00e3o e compras.<br \/>\nO IMG Worlds of Adventure \u00e9 para todas as idades; n\u00e3o \u00e9 apenas para as crian\u00e7as, h\u00e1 muitos passeios emocionantes para o manter entretido.<\/p>\n<p>Hor\u00e1rio de abertura do parque :<br \/>\nDomingo a sexta-feira: 12h00 - 22h00 (pode variar consoante a \u00e9poca)<br \/>\nS\u00e1bado: 12h00 - 23h00 (pode variar consoante a \u00e9poca)<\/p>\n<p><strong>O que inclui a tarifa :<\/strong><br \/>\nEntrada ilimitada no parque e nas atrac\u00e7\u00f5es, sujeita aos regulamentos do parque (altura, peso, etc.)<\/p>\n<p><strong>Localiza\u00e7\u00e3o:<\/strong> Cidade da Ar\u00e1bia<\/p>","protected":false},"excerpt":{"rendered":"<p>O IMG Worlds of Adventure \u00e9 o maior parque tem\u00e1tico coberto do mundo, com mais de 20 passeios e atrac\u00e7\u00f5es, bem como a montanha-russa mais longa e mais r\u00e1pida do Dubai. O parque est\u00e1 dividido em quatro zonas diferentes, cada uma com a sua pr\u00f3pria...<\/p>","protected":false},"featured_media":2038368,"template":"","meta":[],"product_brand":[],"product_cat":[138],"product_tag":[],"class_list":{"0":"post-2038366","1":"product","2":"type-product","3":"status-publish","4":"has-post-thumbnail","6":"product_cat-activites-en-ville-parcs-dattractions","8":"first","9":"instock","10":"virtual","11":"purchasable","12":"product-type-simple"},"_links":{"self":[{"href":"https:\/\/soldodubai.com\/pt\/wp-json\/wp\/v2\/product\/2038366","targetHints":{"allow":["GET"]}}],"collection":[{"href":"https:\/\/soldodubai.com\/pt\/wp-json\/wp\/v2\/product"}],"about":[{"href":"https:\/\/soldodubai.com\/pt\/wp-json\/wp\/v2\/types\/product"}],"version-history":[{"count":0,"href":"https:\/\/soldodubai.com\/pt\/wp-json\/wp\/v2\/product\/2038366\/revisions"}],"wp:featuredmedia":[{"embeddable":true,"href":"https:\/\/soldodubai.com\/pt\/wp-json\/wp\/v2\/media\/2038368"}],"wp:attachment":[{"href":"https:\/\/soldodubai.com\/pt\/wp-json\/wp\/v2\/media?parent=2038366"}],"wp:term":[{"taxonomy":"product_brand","embeddable":true,"href":"https:\/\/soldodubai.com\/pt\/wp-json\/wp\/v2\/product_brand?post=2038366"},{"taxonomy":"product_cat","embeddable":true,"href":"https:\/\/soldodubai.com\/pt\/wp-json\/wp\/v2\/product_cat?post=2038366"},{"taxonomy":"product_tag","embeddable":true,"href":"https:\/\/soldodubai.com\/pt\/wp-json\/wp\/v2\/product_tag?post=2038366"}],"curies":[{"name":"wp","href":"https:\/\/api.w.org\/{rel}","templated":true}]}}