{"id":2039669,"date":"2019-12-25T08:32:00","date_gmt":"2019-12-25T07:32:00","guid":{"rendered":"http:\/\/13.36.131.153\/?post_type=product&#038;p=2039669"},"modified":"2025-01-27T03:43:02","modified_gmt":"2025-01-27T02:43:02","slug":"paraquedismosobrepalmjumeirah","status":"publish","type":"product","link":"https:\/\/soldodubai.com\/pt\/p\/paraquedismosobrepalmjumeirah\/","title":{"rendered":"PARAQUEDISMO SOBRE PALM BEACH, DUBAI"},"content":{"rendered":"<p>Saltar de para-quedas sobre a famosa Palmeira \u00e9 uma das actividades mais populares da cidade. Um primeiro voo inesquec\u00edvel acompanhado por uma equipa profissional e internacional de homens e mulheres. Situado no cora\u00e7\u00e3o da Marina do Dubai, a experi\u00eancia come\u00e7a logo \u00e0 chegada, onde ser\u00e1 recebido pela equipa de acolhimento que verificar\u00e1 novamente o seu IMC. Ser\u00e1 ent\u00e3o convidado a aguardar a sua vez, a hora que escolheu no formul\u00e1rio de reserva \u00e9 a hora de chegada \u00e0 Skydive e n\u00e3o a hora do salto. A hora do salto ser\u00e1 definida de acordo com as condi\u00e7\u00f5es climat\u00e9ricas, que s\u00e3o monitorizadas minuto a minuto atrav\u00e9s do equipamento de \u00faltima gera\u00e7\u00e3o da Skydive Dubai. O seu nome e a hora do seu salto aparecer\u00e3o num ecr\u00e3.<\/p>\n<p>- Aberto todos os dias das 07:00 \u00e0s 17:00 (os hor\u00e1rios variam consoante a \u00e9poca)<br \/>\n- Proibido para menores de 18 anos<br \/>\n- Proibido para mulheres com um IMC igual ou superior a 27<br \/>\n- Proibido para homens com um IMC igual ou superior a 29<br \/>\n- Proibido a pessoas com mais de 69 anos<br \/>\n- N\u00e3o \u00e9 indicado para mulheres gr\u00e1vidas<br \/>\n- N\u00e3o \u00e9 permitido a pessoas com epilepsia, diabetes, tonturas, hipertens\u00e3o arterial ou problemas card\u00edacos, les\u00f5es graves ou uma luxa\u00e7\u00e3o recente do ombro, toxicodepend\u00eancia ou alcoolismo, ou que n\u00e3o estejam fisicamente aptas para participar na atividade. N\u00e3o autorizado para pessoas com mobilidade reduzida.<br \/>\n- Proibido a qualquer pessoa que tenha feito mergulho nas 24 horas anteriores \u00e0 atividade.<\/p>\n<p><strong>O que inclui a tarifa:<\/strong><br \/>\nO seu salto de para-quedas, acompanhado por um profissional<br \/>\nO seu v\u00eddeo e a sua fotografia de recorda\u00e7\u00e3o entregues no local numa chave USB<\/p>\n<p><strong>Localiza\u00e7\u00e3o:<\/strong> Marina do Dubai<\/p>","protected":false},"excerpt":{"rendered":"<p>Saltar de para-quedas sobre a famosa Palmeira \u00e9 uma das actividades mais populares da cidade. Um primeiro voo inesquec\u00edvel acompanhado por uma equipa profissional e internacional de homens e mulheres.<\/p>","protected":false},"featured_media":2039671,"template":"","meta":[],"product_brand":[],"product_cat":[138],"product_tag":[],"class_list":{"0":"post-2039669","1":"product","2":"type-product","3":"status-publish","4":"has-post-thumbnail","6":"product_cat-activites-en-ville-parcs-dattractions","8":"first","9":"instock","10":"featured","11":"shipping-taxable","12":"purchasable","13":"product-type-simple"},"_links":{"self":[{"href":"https:\/\/soldodubai.com\/pt\/wp-json\/wp\/v2\/product\/2039669","targetHints":{"allow":["GET"]}}],"collection":[{"href":"https:\/\/soldodubai.com\/pt\/wp-json\/wp\/v2\/product"}],"about":[{"href":"https:\/\/soldodubai.com\/pt\/wp-json\/wp\/v2\/types\/product"}],"version-history":[{"count":0,"href":"https:\/\/soldodubai.com\/pt\/wp-json\/wp\/v2\/product\/2039669\/revisions"}],"wp:featuredmedia":[{"embeddable":true,"href":"https:\/\/soldodubai.com\/pt\/wp-json\/wp\/v2\/media\/2039671"}],"wp:attachment":[{"href":"https:\/\/soldodubai.com\/pt\/wp-json\/wp\/v2\/media?parent=2039669"}],"wp:term":[{"taxonomy":"product_brand","embeddable":true,"href":"https:\/\/soldodubai.com\/pt\/wp-json\/wp\/v2\/product_brand?post=2039669"},{"taxonomy":"product_cat","embeddable":true,"href":"https:\/\/soldodubai.com\/pt\/wp-json\/wp\/v2\/product_cat?post=2039669"},{"taxonomy":"product_tag","embeddable":true,"href":"https:\/\/soldodubai.com\/pt\/wp-json\/wp\/v2\/product_tag?post=2039669"}],"curies":[{"name":"wp","href":"https:\/\/api.w.org\/{rel}","templated":true}]}}