{"id":2039676,"date":"2023-03-15T09:46:00","date_gmt":"2023-03-15T08:46:00","guid":{"rendered":"http:\/\/13.36.131.153\/?post_type=product&#038;p=2039676"},"modified":"2024-08-02T16:09:23","modified_gmt":"2024-08-02T15:09:23","slug":"dubaisafaripark","status":"publish","type":"product","link":"https:\/\/soldodubai.com\/pt\/p\/dubaisafaripark\/","title":{"rendered":"DUBAI SAFARI ZOO"},"content":{"rendered":"<p>O Zoo Dubai \u00e9 um grande parque de animais constru\u00eddo em v\u00e1rios hectares e dividido em v\u00e1rias aldeias, cada uma das quais alberga animais de uma regi\u00e3o diferente do mundo. \u00c9 poss\u00edvel visitar as aldeias africanas, asi\u00e1ticas e do M\u00e9dio Oriente. Por exemplo, ao percorrer a parte do parque que representa \u00c1frica, poder\u00e1 admirar todos os animais que poder\u00e1 encontrar na savana, como le\u00f5es, hipop\u00f3tamos, chitas, hienas e muito mais. A vegeta\u00e7\u00e3o de cada uma destas aldeias \u00e9 semelhante \u00e0 que se encontra no habitat natural dos animais, seja em \u00c1frica ou na \u00c1sia.<\/p>\n<p>A excurs\u00e3o tem lugar a bordo de pequenos autocarros seguros que podem acomodar at\u00e9 15 pessoas. O autocarro passa por v\u00e1rias aldeias, bem como por locais com \u00e1gua, como os recintos dos hipop\u00f3tamos e dos crocodilos. A visita \u00e9 guiada por um int\u00e9rprete de l\u00edngua inglesa, que o ajudar\u00e1 a observar os animais e a saber mais sobre eles. A visita dura cerca de 35 minutos, por vezes mais, especialmente se um animal decidir dormir a sesta durante o percurso do autocarro. \u00c9 uma experi\u00eancia gratificante para jovens e adultos. Em todo o parque, h\u00e1 v\u00e1rios pontos de refrescamento onde se pode fazer uma pausa entre as visitas.<\/p>\n<p>Hor\u00e1rio de abertura do parque :<br \/>\nDiariamente: das 9h00 \u00e0s 17h00 (\u00faltima entrada \u00e0s 15h30)<br \/>\nOs hor\u00e1rios podem variar consoante a esta\u00e7\u00e3o do ano<\/p>\n<p><strong>O que inclui a tarifa :<\/strong><br \/>\nA sua entrada no parque dos animais<br \/>\nSafari de autocarro<\/p>\n<p><strong>Localiza\u00e7\u00e3o:<\/strong> Dubai Safari Zoo<\/p>","protected":false},"excerpt":{"rendered":"<p>O Safari Dubai \u00e9 um grande parque de animais constru\u00eddo em v\u00e1rios hectares e dividido em v\u00e1rias aldeias, cada uma das quais alberga animais de uma regi\u00e3o diferente do mundo. Entre estas aldeias, \u00e9 poss\u00edvel visitar as de \u00c1frica, da \u00c1sia e do M\u00e9dio Oriente.<\/p>","protected":false},"featured_media":2039678,"template":"","meta":[],"product_brand":[],"product_cat":[138,552],"product_tag":[],"class_list":{"0":"post-2039676","1":"product","2":"type-product","3":"status-publish","4":"has-post-thumbnail","6":"product_cat-activites-en-ville-parcs-dattractions","7":"product_cat-activite-enfant","9":"first","10":"instock","11":"virtual","12":"purchasable","13":"product-type-simple"},"_links":{"self":[{"href":"https:\/\/soldodubai.com\/pt\/wp-json\/wp\/v2\/product\/2039676","targetHints":{"allow":["GET"]}}],"collection":[{"href":"https:\/\/soldodubai.com\/pt\/wp-json\/wp\/v2\/product"}],"about":[{"href":"https:\/\/soldodubai.com\/pt\/wp-json\/wp\/v2\/types\/product"}],"version-history":[{"count":0,"href":"https:\/\/soldodubai.com\/pt\/wp-json\/wp\/v2\/product\/2039676\/revisions"}],"wp:featuredmedia":[{"embeddable":true,"href":"https:\/\/soldodubai.com\/pt\/wp-json\/wp\/v2\/media\/2039678"}],"wp:attachment":[{"href":"https:\/\/soldodubai.com\/pt\/wp-json\/wp\/v2\/media?parent=2039676"}],"wp:term":[{"taxonomy":"product_brand","embeddable":true,"href":"https:\/\/soldodubai.com\/pt\/wp-json\/wp\/v2\/product_brand?post=2039676"},{"taxonomy":"product_cat","embeddable":true,"href":"https:\/\/soldodubai.com\/pt\/wp-json\/wp\/v2\/product_cat?post=2039676"},{"taxonomy":"product_tag","embeddable":true,"href":"https:\/\/soldodubai.com\/pt\/wp-json\/wp\/v2\/product_tag?post=2039676"}],"curies":[{"name":"wp","href":"https:\/\/api.w.org\/{rel}","templated":true}]}}