{"id":2039682,"date":"2015-01-01T19:00:00","date_gmt":"2015-01-01T18:00:00","guid":{"rendered":"http:\/\/13.36.131.153\/?post_type=product&#038;p=2039682"},"modified":"2025-01-23T12:01:01","modified_gmt":"2025-01-23T11:01:01","slug":"jardim-milagroso-2","status":"publish","type":"product","link":"https:\/\/soldodubai.com\/pt\/p\/jardim-milagroso-2\/","title":{"rendered":"MIRACLE GARDEN"},"content":{"rendered":"<p>O parque tem casas, avi\u00f5es em tamanho real feitos de arranjos florais e uma s\u00e9rie de outros elementos arquitect\u00f3nicos, incluindo uma miniatura do Burj Khalifa em flor. Este jardim est\u00e1 ligado ao borbolet\u00e1rio, onde s\u00e3o criados todos os tipos de borboletas de todas as cores e tamanhos. As borboletas voam \u00e0 sua volta e pousam na sua m\u00e3o, o momento \u00e9 m\u00e1gico.<\/p>\n<p>Hor\u00e1rio de abertura do parque :<br \/>\nDiariamente: das 10h00 \u00e0s 21h00 (\u00faltima entrada \u00e0s 20h00)<br \/>\nOs hor\u00e1rios podem variar consoante a esta\u00e7\u00e3o do ano<\/p>\n<p><strong>O que inclui a tarifa :<\/strong><br \/>\nA sua entrada no Miracle Garden e no jardim das borboletas, se for escolhido<\/p>\n<p><strong>Localiza\u00e7\u00e3o:<\/strong> Dubail\u00e2ndia<\/p>","protected":false},"excerpt":{"rendered":"<p>O parque tem casas, avi\u00f5es em tamanho real feitos de arranjos florais e uma s\u00e9rie de outros elementos arquitect\u00f3nicos, incluindo uma miniatura do Burj Khalifa em flor.<\/p>","protected":false},"featured_media":2039684,"template":"","meta":[],"product_brand":[],"product_cat":[138,553,552],"product_tag":[],"class_list":{"0":"post-2039682","1":"product","2":"type-product","3":"status-publish","4":"has-post-thumbnail","6":"product_cat-activites-en-ville-parcs-dattractions","7":"product_cat-activite-couple","8":"product_cat-activite-enfant","10":"first","11":"instock","12":"virtual","13":"purchasable","14":"product-type-simple"},"_links":{"self":[{"href":"https:\/\/soldodubai.com\/pt\/wp-json\/wp\/v2\/product\/2039682","targetHints":{"allow":["GET"]}}],"collection":[{"href":"https:\/\/soldodubai.com\/pt\/wp-json\/wp\/v2\/product"}],"about":[{"href":"https:\/\/soldodubai.com\/pt\/wp-json\/wp\/v2\/types\/product"}],"version-history":[{"count":0,"href":"https:\/\/soldodubai.com\/pt\/wp-json\/wp\/v2\/product\/2039682\/revisions"}],"wp:featuredmedia":[{"embeddable":true,"href":"https:\/\/soldodubai.com\/pt\/wp-json\/wp\/v2\/media\/2039684"}],"wp:attachment":[{"href":"https:\/\/soldodubai.com\/pt\/wp-json\/wp\/v2\/media?parent=2039682"}],"wp:term":[{"taxonomy":"product_brand","embeddable":true,"href":"https:\/\/soldodubai.com\/pt\/wp-json\/wp\/v2\/product_brand?post=2039682"},{"taxonomy":"product_cat","embeddable":true,"href":"https:\/\/soldodubai.com\/pt\/wp-json\/wp\/v2\/product_cat?post=2039682"},{"taxonomy":"product_tag","embeddable":true,"href":"https:\/\/soldodubai.com\/pt\/wp-json\/wp\/v2\/product_tag?post=2039682"}],"curies":[{"name":"wp","href":"https:\/\/api.w.org\/{rel}","templated":true}]}}