{"id":2039688,"date":"2023-03-15T10:18:00","date_gmt":"2023-03-15T09:18:00","guid":{"rendered":"http:\/\/13.36.131.153\/?post_type=product&#038;p=2039688"},"modified":"2024-02-07T18:15:21","modified_gmt":"2024-02-07T17:15:21","slug":"aldeia-global-2","status":"publish","type":"product","link":"https:\/\/soldodubai.com\/pt\/p\/aldeia-global-2\/","title":{"rendered":"GLOBAL VILLAGE"},"content":{"rendered":"<p>Esta feira \u00e9 um evento cultural, de descoberta e de entretenimento. \u00c9 composta por pavilh\u00f5es gigantes, cada um representando um pa\u00eds diferente do mundo. A sua arquitetura \u00e9 inspirada no pa\u00eds representado e, no interior de cada pavilh\u00e3o, encontrar\u00e1 os produtos, as roupas e os sabores do pa\u00eds que o acolhe (n\u00e3o hesite em negociar os pre\u00e7os, faz parte do jogo entre vendedor e cliente). Os pavilh\u00f5es s\u00e3o tamb\u00e9m animados por can\u00e7\u00f5es e dan\u00e7as representativas da na\u00e7\u00e3o em causa. H\u00e1 muito ambiente nos pavilh\u00f5es de Marrocos, da \u00cdndia, da S\u00edria, da Ar\u00e1bia Saudita e do Egipto. Os pavilh\u00f5es mais impressionantes em termos de decora\u00e7\u00e3o e arquitetura s\u00e3o os da \u00cdndia, China, Ir\u00e3o, Tail\u00e2ndia e Egipto.<\/p>\n<p style=\"text-align: justify;\">A feira \u00e9 complementada por uma s\u00e9rie de caf\u00e9s, restaurantes, lojas de fast-food, vendedores ambulantes e um canto dedicado a atrac\u00e7\u00f5es, cada uma mais vertiginosa e sensacional do que a outra. Um rio artificial atravessa uma das principais vias da Global Village, com restaurantes flutuantes nas suas margens.<\/p>\n<p style=\"text-align: justify;\">Por \u00faltimo, existem v\u00e1rias \u00e1reas na Global Village dedicadas ao entretenimento ao vivo, incluindo o grande palco central.<\/p>\n<p>Gratuito para crian\u00e7as com menos de 3 anos, pessoas com defici\u00eancia e pessoas com mais de 65 anos.<br \/>\nRecomenda-se vestu\u00e1rio modesto<\/p>\n<p>Hor\u00e1rio de abertura :<br \/>\nTodos os dias: das 16h \u00e0 meia-noite (1h em certos fins-de-semana)<\/p>\n<p><strong>O que inclui a tarifa :<\/strong><br \/>\nA sua entrada na Global Villagel<\/p>\n<p><strong>Localiza\u00e7\u00e3o:<\/strong> Dubail\u00e2ndia<\/p>","protected":false},"excerpt":{"rendered":"<p>Esta feira \u00e9 um evento cultural, de descoberta e de entretenimento. \u00c9 composta por pavilh\u00f5es gigantes, cada um representando um pa\u00eds de todo o mundo.<\/p>","protected":false},"featured_media":2039690,"template":"","meta":[],"product_brand":[],"product_cat":[138,552],"product_tag":[],"class_list":{"0":"post-2039688","1":"product","2":"type-product","3":"status-publish","4":"has-post-thumbnail","6":"product_cat-activites-en-ville-parcs-dattractions","7":"product_cat-activite-enfant","9":"first","10":"instock","11":"virtual","12":"purchasable","13":"product-type-simple"},"_links":{"self":[{"href":"https:\/\/soldodubai.com\/pt\/wp-json\/wp\/v2\/product\/2039688","targetHints":{"allow":["GET"]}}],"collection":[{"href":"https:\/\/soldodubai.com\/pt\/wp-json\/wp\/v2\/product"}],"about":[{"href":"https:\/\/soldodubai.com\/pt\/wp-json\/wp\/v2\/types\/product"}],"version-history":[{"count":0,"href":"https:\/\/soldodubai.com\/pt\/wp-json\/wp\/v2\/product\/2039688\/revisions"}],"wp:featuredmedia":[{"embeddable":true,"href":"https:\/\/soldodubai.com\/pt\/wp-json\/wp\/v2\/media\/2039690"}],"wp:attachment":[{"href":"https:\/\/soldodubai.com\/pt\/wp-json\/wp\/v2\/media?parent=2039688"}],"wp:term":[{"taxonomy":"product_brand","embeddable":true,"href":"https:\/\/soldodubai.com\/pt\/wp-json\/wp\/v2\/product_brand?post=2039688"},{"taxonomy":"product_cat","embeddable":true,"href":"https:\/\/soldodubai.com\/pt\/wp-json\/wp\/v2\/product_cat?post=2039688"},{"taxonomy":"product_tag","embeddable":true,"href":"https:\/\/soldodubai.com\/pt\/wp-json\/wp\/v2\/product_tag?post=2039688"}],"curies":[{"name":"wp","href":"https:\/\/api.w.org\/{rel}","templated":true}]}}