{"id":2039693,"date":"2023-03-15T13:32:00","date_gmt":"2023-03-15T12:32:00","guid":{"rendered":"http:\/\/13.36.131.153\/?post_type=product&#038;p=2039693"},"modified":"2025-01-23T11:31:43","modified_gmt":"2025-01-23T10:31:43","slug":"the-view-palm-jumeirah","status":"publish","type":"product","link":"https:\/\/soldodubai.com\/pt\/p\/the-view-palm-jumeirah\/","title":{"rendered":"A VISTA DA PALM JUMEIRAH"},"content":{"rendered":"<p>Palm Jumeirah \u00e9 um dos marcos mais emblem\u00e1ticos do Dubai. Conhecida como a maior ilha artificial do mundo, Palm Jumeirah tem a forma de uma palmeira. Cada um dos 16 ramos da ilha alberga hot\u00e9is de luxo, belas moradias, boutiques e centros comerciais topo de gama, praias excepcionais e muito mais. O hotel Atlantis the Palm coroa a ilha. At\u00e9 agora, a \u00fanica forma de apreciar a vista a\u00e9rea da ilha era fazer um passeio de helic\u00f3ptero ou optar por uma experi\u00eancia de para-quedismo. No entanto, com a abertura do The View, a vista a\u00e9rea de Palm Jumeirah tornou-se uma das atrac\u00e7\u00f5es mais populares da cidade.<\/p>\n<p>O The View \u00e9 um miradouro situado no 52\u00ba andar da Palm Tower, junto ao centro comercial Nakheel. A entrada do edif\u00edcio situa-se no cora\u00e7\u00e3o do centro comercial, de onde se apanha o elevador para o miradouro, 240 metros acima de Palm Jumeirah. Antes de chegar ao observat\u00f3rio, pode visitar o museu interativo e a galeria, que conta a hist\u00f3ria da cria\u00e7\u00e3o de Palm Jumeirah. Uma vez no observat\u00f3rio, ter\u00e1 uma vista de 360\u00b0 da Palm Jumeirah, do horizonte do Dubai e do Golfo P\u00e9rsico.<\/p>\n<p>O The View tem sec\u00e7\u00f5es de observa\u00e7\u00e3o abertas e fechadas que oferecem vistas panor\u00e2micas de Palm Jumeirah. Tem tamb\u00e9m uma sala VIP, um caf\u00e9 e uma loja onde pode comprar lembran\u00e7as para a fam\u00edlia e amigos.<\/p>\n<p>Hor\u00e1rio de abertura :<br \/>\nDiariamente: das 9h \u00e0s 23h (\u00faltima entrada \u00e0s 21h)<br \/>\nPode visit\u00e1-lo sempre que quiser durante o seu hor\u00e1rio de funcionamento.<br \/>\nOs hor\u00e1rios podem variar consoante a esta\u00e7\u00e3o do ano<\/p>\n<p><strong>The View Palm, O que a tarifa inclui :<\/strong><br \/>\nA sua entrada no The view<\/p>\n<p><strong>Cheers At the View, O que inclui a tarifa:<\/strong><br \/>\nA sua entrada no The View<br \/>\nAcesso \u00e0 sala VIP<br \/>\nAcesso ao n\u00edvel 52<br \/>\n2 bebidas<br \/>\n<strong>Localiza\u00e7\u00e3o:<\/strong> Palm Jumeirah<\/p>","protected":false},"excerpt":{"rendered":"<p>The View \u00e9 uma plataforma de observa\u00e7\u00e3o situada no 52\u00ba andar da Palm Tower, junto ao centro comercial Nakheel.<\/p>","protected":false},"featured_media":2039695,"template":"","meta":[],"product_brand":[],"product_cat":[138],"product_tag":[],"class_list":{"0":"post-2039693","1":"product","2":"type-product","3":"status-publish","4":"has-post-thumbnail","6":"product_cat-activites-en-ville-parcs-dattractions","8":"first","9":"instock","10":"virtual","11":"purchasable","12":"product-type-simple"},"_links":{"self":[{"href":"https:\/\/soldodubai.com\/pt\/wp-json\/wp\/v2\/product\/2039693","targetHints":{"allow":["GET"]}}],"collection":[{"href":"https:\/\/soldodubai.com\/pt\/wp-json\/wp\/v2\/product"}],"about":[{"href":"https:\/\/soldodubai.com\/pt\/wp-json\/wp\/v2\/types\/product"}],"version-history":[{"count":0,"href":"https:\/\/soldodubai.com\/pt\/wp-json\/wp\/v2\/product\/2039693\/revisions"}],"wp:featuredmedia":[{"embeddable":true,"href":"https:\/\/soldodubai.com\/pt\/wp-json\/wp\/v2\/media\/2039695"}],"wp:attachment":[{"href":"https:\/\/soldodubai.com\/pt\/wp-json\/wp\/v2\/media?parent=2039693"}],"wp:term":[{"taxonomy":"product_brand","embeddable":true,"href":"https:\/\/soldodubai.com\/pt\/wp-json\/wp\/v2\/product_brand?post=2039693"},{"taxonomy":"product_cat","embeddable":true,"href":"https:\/\/soldodubai.com\/pt\/wp-json\/wp\/v2\/product_cat?post=2039693"},{"taxonomy":"product_tag","embeddable":true,"href":"https:\/\/soldodubai.com\/pt\/wp-json\/wp\/v2\/product_tag?post=2039693"}],"curies":[{"name":"wp","href":"https:\/\/api.w.org\/{rel}","templated":true}]}}