{"id":2039701,"date":"2023-03-15T15:05:00","date_gmt":"2023-03-15T14:05:00","guid":{"rendered":"http:\/\/13.36.131.153\/?post_type=product&#038;p=2039701"},"modified":"2024-08-02T16:08:48","modified_gmt":"2024-08-02T15:08:48","slug":"passeio-de-barco-fontes-musicais-2","status":"publish","type":"product","link":"https:\/\/soldodubai.com\/pt\/p\/passeio-de-barco-fontes-musicais-2\/","title":{"rendered":"PASSEIO DE BARCO \u00c0 VOLTA DAS FONTES MUSICAIS DO BURJ KHALIFA"},"content":{"rendered":"<p>O Dubai \u00e9 o lar de muitas maravilhas, incluindo as famosas fontes musicais. Localizadas no exterior do Dubai Mall, as fontes musicais do Dubai det\u00eam o recorde das maiores fontes do mundo. A partir do p\u00f4r do sol, por volta das 18h00, as fontes musicais iluminam-se para um espet\u00e1culo de luzes e m\u00fasica de 30 em 30 minutos. A beleza desta atra\u00e7\u00e3o ir\u00e1 cativ\u00e1-lo.<\/p>\n<p>O espet\u00e1culo \u00e9 gratuito e pode ser visto quantas vezes quiser. No entanto, se quiser ver as fontes de perto, oferecemos-lhe a possibilidade de se aproximar delas em pequenos barcos que o levam \u00e0 volta do Lago das Fontes Musicais ou atrav\u00e9s da ponte flutuante.<\/p>\n<p>O espet\u00e1culo das fontes do Dubai e o passeio do lago s\u00e3o imperd\u00edveis durante a sua estadia no Dubai.<\/p>\n<p>Hor\u00e1rio de abertura :<br \/>\nTodos os dias: das 19h45 \u00e0s 22h45<\/p>\n<p><strong>O que inclui a tarifa :<\/strong><br \/>\nO seu passeio de barco de 20 minutos (se escolhido no formul\u00e1rio)<br \/>\nA travessia da ponte de 20 minutos (se selecionada no formul\u00e1rio)<\/p>\n<p><strong>Localiza\u00e7\u00e3o:<\/strong> Dubai mall, centro do Dubai<\/p>","protected":false},"excerpt":{"rendered":"<p>O espet\u00e1culo \u00e9 gratuito e pode ser visto quantas vezes quiser. No entanto, se quiser ver as fontes de perto, oferecemos-lhe a possibilidade de se aproximar delas em pequenos barcos que o levam \u00e0 volta do Lago das Fontes Musicais ou atrav\u00e9s da ponte flutuante.<\/p>","protected":false},"featured_media":2039703,"template":"","meta":[],"product_brand":[],"product_cat":[138],"product_tag":[],"class_list":{"0":"post-2039701","1":"product","2":"type-product","3":"status-publish","4":"has-post-thumbnail","6":"product_cat-activites-en-ville-parcs-dattractions","8":"first","9":"instock","10":"virtual","11":"purchasable","12":"product-type-simple"},"_links":{"self":[{"href":"https:\/\/soldodubai.com\/pt\/wp-json\/wp\/v2\/product\/2039701","targetHints":{"allow":["GET"]}}],"collection":[{"href":"https:\/\/soldodubai.com\/pt\/wp-json\/wp\/v2\/product"}],"about":[{"href":"https:\/\/soldodubai.com\/pt\/wp-json\/wp\/v2\/types\/product"}],"version-history":[{"count":0,"href":"https:\/\/soldodubai.com\/pt\/wp-json\/wp\/v2\/product\/2039701\/revisions"}],"wp:featuredmedia":[{"embeddable":true,"href":"https:\/\/soldodubai.com\/pt\/wp-json\/wp\/v2\/media\/2039703"}],"wp:attachment":[{"href":"https:\/\/soldodubai.com\/pt\/wp-json\/wp\/v2\/media?parent=2039701"}],"wp:term":[{"taxonomy":"product_brand","embeddable":true,"href":"https:\/\/soldodubai.com\/pt\/wp-json\/wp\/v2\/product_brand?post=2039701"},{"taxonomy":"product_cat","embeddable":true,"href":"https:\/\/soldodubai.com\/pt\/wp-json\/wp\/v2\/product_cat?post=2039701"},{"taxonomy":"product_tag","embeddable":true,"href":"https:\/\/soldodubai.com\/pt\/wp-json\/wp\/v2\/product_tag?post=2039701"}],"curies":[{"name":"wp","href":"https:\/\/api.w.org\/{rel}","templated":true}]}}