{"id":2039706,"date":"2023-03-15T15:21:00","date_gmt":"2023-03-15T14:21:00","guid":{"rendered":"http:\/\/13.36.131.153\/?post_type=product&#038;p=2039706"},"modified":"2024-01-27T12:15:04","modified_gmt":"2024-01-27T11:15:04","slug":"dubai-frame-2","status":"publish","type":"product","link":"https:\/\/soldodubai.com\/pt\/p\/dubai-frame-2\/","title":{"rendered":"DUBAI FRAME"},"content":{"rendered":"<p>O Dubai Frame \u00e9 uma joia arquitet\u00f3nica de que a cidade se orgulha. Composto por duas torres verticais de 150 metros de altura ligadas por uma ponte de 100 metros quadrados, o Dubai Frame \u00e9 um destaque na linha do horizonte do Dubai.<\/p>\n<p>O Dubai Frame tem um museu e uma galeria onde se pode ver o crescimento do Dubai de uma simples aldeia piscat\u00f3ria para a cidade ultra-moderna que \u00e9 hoje, atrav\u00e9s da utiliza\u00e7\u00e3o de fotografia e tecnologia de ponta. Depois de visitar o museu, apanhe o elevador at\u00e9 \u00e0 ponte para ter uma vis\u00e3o fascinante da cidade. De um lado, o encantador Dubai antigo e, do outro, o moderno Dubai novo. Tamb\u00e9m pode ver a bela cidade enquanto saboreia uma deliciosa ch\u00e1vena de caf\u00e9 no Bridge Caf\u00e9.<\/p>\n<p>Hor\u00e1rio de abertura :<br \/>\nDiariamente: das 9h00 \u00e0s 21h00 (\u00faltima entrada \u00e0s 19h00)<br \/>\nPode visit\u00e1-lo sempre que quiser durante o seu hor\u00e1rio de funcionamento.<br \/>\nGratuito para crian\u00e7as com menos de 3 anos e pessoas com defici\u00eancia<\/p>\n<p><strong>O que inclui a tarifa :<\/strong><br \/>\nA sua entrada no The Frame<\/p>\n<p><strong>Localiza\u00e7\u00e3o:<\/strong> Karama<\/p>","protected":false},"excerpt":{"rendered":"<p>O Dubai Frame \u00e9 uma joia arquitet\u00f3nica de que a cidade se orgulha. Composto por duas torres verticais de 150 metros de altura ligadas por uma ponte de 100 metros quadrados, o Dubai Frame \u00e9 um destaque na linha do horizonte do Dubai.<\/p>","protected":false},"featured_media":2039708,"template":"","meta":[],"product_brand":[],"product_cat":[138],"product_tag":[],"class_list":{"0":"post-2039706","1":"product","2":"type-product","3":"status-publish","4":"has-post-thumbnail","6":"product_cat-activites-en-ville-parcs-dattractions","8":"first","9":"instock","10":"virtual","11":"purchasable","12":"product-type-simple"},"_links":{"self":[{"href":"https:\/\/soldodubai.com\/pt\/wp-json\/wp\/v2\/product\/2039706","targetHints":{"allow":["GET"]}}],"collection":[{"href":"https:\/\/soldodubai.com\/pt\/wp-json\/wp\/v2\/product"}],"about":[{"href":"https:\/\/soldodubai.com\/pt\/wp-json\/wp\/v2\/types\/product"}],"version-history":[{"count":0,"href":"https:\/\/soldodubai.com\/pt\/wp-json\/wp\/v2\/product\/2039706\/revisions"}],"wp:featuredmedia":[{"embeddable":true,"href":"https:\/\/soldodubai.com\/pt\/wp-json\/wp\/v2\/media\/2039708"}],"wp:attachment":[{"href":"https:\/\/soldodubai.com\/pt\/wp-json\/wp\/v2\/media?parent=2039706"}],"wp:term":[{"taxonomy":"product_brand","embeddable":true,"href":"https:\/\/soldodubai.com\/pt\/wp-json\/wp\/v2\/product_brand?post=2039706"},{"taxonomy":"product_cat","embeddable":true,"href":"https:\/\/soldodubai.com\/pt\/wp-json\/wp\/v2\/product_cat?post=2039706"},{"taxonomy":"product_tag","embeddable":true,"href":"https:\/\/soldodubai.com\/pt\/wp-json\/wp\/v2\/product_tag?post=2039706"}],"curies":[{"name":"wp","href":"https:\/\/api.w.org\/{rel}","templated":true}]}}