{"id":2039711,"date":"2023-03-15T15:30:00","date_gmt":"2023-03-15T14:30:00","guid":{"rendered":"http:\/\/13.36.131.153\/?post_type=product&#038;p=2039711"},"modified":"2024-08-02T16:07:46","modified_gmt":"2024-08-02T15:07:46","slug":"madametussaudsmuseu","status":"publish","type":"product","link":"https:\/\/soldodubai.com\/pt\/p\/madametussaudsmuseu\/","title":{"rendered":"MUSEU MADAME TUSSAUDS"},"content":{"rendered":"<p>O Dubai n\u00e3o \u00e9 alheio a atrac\u00e7\u00f5es surpreendentes, e o Madame Tussauds \u00e9 uma delas. Localizado na Ilha Bluewaters, perto do ic\u00f3nico Ain Dubai, o Madame Tussauds Dubai tem vindo a atrair o interesse de locais e turistas desde a sua abertura. O Madame Tussauds Dubai apresenta esculturas de uma vasta gama de celebridades.<\/p>\n<p>O Madame Tussauds Dubai est\u00e1 dividido em diferentes zonas, que incluem os mundos da m\u00fasica, moda, cinema, l\u00edderes mundiais, meios de comunica\u00e7\u00e3o social, Bollywood e desporto. Para citar apenas alguns: a Rainha de Inglaterra, Vin Diesel, Justin Bieber, Balqees, Lewis Hamilton, Virat Kohli, Victoria Beckham, Kylie Jenner e muitos mais. Encontrar\u00e1 tamb\u00e9m est\u00e1tuas de cera de pol\u00edticos como Narendra Modi, Xi Jingping, Donald Trump, etc.<\/p>\n<p>Os modelos do Madame Tussauds foram criados com as mesmas t\u00e9cnicas utilizadas pelo artista Madame Tussauds h\u00e1 cerca de 200 anos. N\u00e3o s\u00f3 poder\u00e1 ver estas figuras realistas, como tamb\u00e9m poder\u00e1 tocar-lhes e tirar fotografias com os seus modelos favoritos. Por isso, n\u00e3o se esque\u00e7a de levar a sua m\u00e1quina fotogr\u00e1fica consigo quando visitar o Madame Tussauds.<\/p>\n<p>Hor\u00e1rio de abertura :<br \/>\nDiariamente: das 11h \u00e0s 20h30 (\u00faltima entrada)<br \/>\nPode visit\u00e1-lo sempre que quiser durante o seu hor\u00e1rio de funcionamento.<br \/>\nGratuito para crian\u00e7as com menos de 3 anos<\/p>\n<p><strong>O que inclui a tarifa :<\/strong><br \/>\nA sua entrada no Madame Tussauds<\/p>\n<p><strong>Localiza\u00e7\u00e3o:<\/strong> \u00c1guas azuis<\/p>","protected":false},"excerpt":{"rendered":"<p>O Madame Tussauds Dubai est\u00e1 dividido em diferentes zonas, que incluem os mundos da m\u00fasica, da moda, do cinema, dos l\u00edderes mundiais, dos meios de comunica\u00e7\u00e3o social, de Bollywood e do desporto. Para citar apenas alguns: a Rainha de Inglaterra,<\/p>","protected":false},"featured_media":2039713,"template":"","meta":[],"product_brand":[],"product_cat":[138],"product_tag":[],"class_list":{"0":"post-2039711","1":"product","2":"type-product","3":"status-publish","4":"has-post-thumbnail","6":"product_cat-activites-en-ville-parcs-dattractions","8":"first","9":"instock","10":"virtual","11":"purchasable","12":"product-type-simple"},"_links":{"self":[{"href":"https:\/\/soldodubai.com\/pt\/wp-json\/wp\/v2\/product\/2039711","targetHints":{"allow":["GET"]}}],"collection":[{"href":"https:\/\/soldodubai.com\/pt\/wp-json\/wp\/v2\/product"}],"about":[{"href":"https:\/\/soldodubai.com\/pt\/wp-json\/wp\/v2\/types\/product"}],"version-history":[{"count":0,"href":"https:\/\/soldodubai.com\/pt\/wp-json\/wp\/v2\/product\/2039711\/revisions"}],"wp:featuredmedia":[{"embeddable":true,"href":"https:\/\/soldodubai.com\/pt\/wp-json\/wp\/v2\/media\/2039713"}],"wp:attachment":[{"href":"https:\/\/soldodubai.com\/pt\/wp-json\/wp\/v2\/media?parent=2039711"}],"wp:term":[{"taxonomy":"product_brand","embeddable":true,"href":"https:\/\/soldodubai.com\/pt\/wp-json\/wp\/v2\/product_brand?post=2039711"},{"taxonomy":"product_cat","embeddable":true,"href":"https:\/\/soldodubai.com\/pt\/wp-json\/wp\/v2\/product_cat?post=2039711"},{"taxonomy":"product_tag","embeddable":true,"href":"https:\/\/soldodubai.com\/pt\/wp-json\/wp\/v2\/product_tag?post=2039711"}],"curies":[{"name":"wp","href":"https:\/\/api.w.org\/{rel}","templated":true}]}}