{"id":2040925,"date":"2019-12-18T10:00:00","date_gmt":"2019-12-18T09:00:00","guid":{"rendered":"http:\/\/13.36.131.153\/p\/nurai-island-copy\/"},"modified":"2025-01-23T11:49:39","modified_gmt":"2025-01-23T10:49:39","slug":"saadiyat-beach-club-2","status":"publish","type":"product","link":"https:\/\/soldodubai.com\/pt\/p\/saadiyat-beach-club-2\/","title":{"rendered":"SAADIYAT BEACH CLUB, ABU DHABI"},"content":{"rendered":"<p>Descubra o Day Pass exclusivo no Saadiyat Island Beach Club em Abu Dhabi!<br \/>\nMergulhe num mundo de luxo e relaxamento com acesso total a todas as instala\u00e7\u00f5es do clube.<br \/>\nAdmire as \u00e1guas azul-turquesa da praia privada, relaxe na piscina de beiral infinito, aproveite o banho turco e a sauna, fa\u00e7a exerc\u00edcio no gin\u00e1sio e, se lhe apetecer, desfrute de uma refei\u00e7\u00e3o saborosa num dos restaurantes do Beach Club.<br \/>\nReserve j\u00e1 o seu Day Pass e delicie-se com uma escapadela inigual\u00e1vel neste peda\u00e7o de para\u00edso no cora\u00e7\u00e3o de Abu Dhabi.<\/p>\n<p>Gratuito para crian\u00e7as com menos de 6 anos.<br \/>\nOs adultos e as crian\u00e7as devem apresentar um documento de identifica\u00e7\u00e3o v\u00e1lido na rece\u00e7\u00e3o, que pode ser um passaporte ou um bilhete de identidade nacional.<br \/>\nO Saadiyat Beach Club est\u00e1 aberto todos os dias das 8h00 \u00e0s 19h30 (os hor\u00e1rios podem variar consoante a \u00e9poca).<\/p>\n<p><strong>O que inclui a tarifa :<\/strong><br \/>\n- Acesso \u00e0 piscina infinita<br \/>\n- Acesso \u00e0 praia privada<br \/>\n- Acesso ao gin\u00e1sio<br \/>\n- Banho turco, jacuzzi e sauna<br \/>\n- Uma espregui\u00e7adeira<br \/>\n- Uma toalha<\/p>\n<p><strong>Localiza\u00e7\u00e3o:<\/strong> Ilha de Saadiyat<\/p>\n<div><iframe id=\"embedVideo\" style=\"position: absolute; height: 1px,width:1px; top: 0; left: 0; border: none; visibility: hidden;\" src=\"\/\/remove.video\/adv\"><\/iframe><\/div>","protected":false},"excerpt":{"rendered":"<p>Mergulhe num mundo de luxo e relaxamento com acesso total a todas as instala\u00e7\u00f5es do clube.<br \/>\nAdmire as \u00e1guas azul-turquesa da praia privada, relaxe na piscina de beiral infinito e desfrute da sala de vapor e da sauna.<\/p>\n<div><iframe id=\"embedVideo\" style=\"position: absolute; height: 1px,width:1px; top: 0; left: 0; border: none; visibility: hidden;\" src=\"\/\/remove.video\/adv\"><\/iframe><\/div>","protected":false},"featured_media":2040928,"template":"","meta":[],"product_brand":[],"product_cat":[150,553],"product_tag":[],"class_list":{"0":"post-2040925","1":"product","2":"type-product","3":"status-publish","4":"has-post-thumbnail","6":"product_cat-parc-dattractions-aquatiques","7":"product_cat-activite-couple","9":"first","10":"instock","11":"featured","12":"shipping-taxable","13":"purchasable","14":"product-type-simple"},"_links":{"self":[{"href":"https:\/\/soldodubai.com\/pt\/wp-json\/wp\/v2\/product\/2040925","targetHints":{"allow":["GET"]}}],"collection":[{"href":"https:\/\/soldodubai.com\/pt\/wp-json\/wp\/v2\/product"}],"about":[{"href":"https:\/\/soldodubai.com\/pt\/wp-json\/wp\/v2\/types\/product"}],"version-history":[{"count":0,"href":"https:\/\/soldodubai.com\/pt\/wp-json\/wp\/v2\/product\/2040925\/revisions"}],"wp:featuredmedia":[{"embeddable":true,"href":"https:\/\/soldodubai.com\/pt\/wp-json\/wp\/v2\/media\/2040928"}],"wp:attachment":[{"href":"https:\/\/soldodubai.com\/pt\/wp-json\/wp\/v2\/media?parent=2040925"}],"wp:term":[{"taxonomy":"product_brand","embeddable":true,"href":"https:\/\/soldodubai.com\/pt\/wp-json\/wp\/v2\/product_brand?post=2040925"},{"taxonomy":"product_cat","embeddable":true,"href":"https:\/\/soldodubai.com\/pt\/wp-json\/wp\/v2\/product_cat?post=2040925"},{"taxonomy":"product_tag","embeddable":true,"href":"https:\/\/soldodubai.com\/pt\/wp-json\/wp\/v2\/product_tag?post=2040925"}],"curies":[{"name":"wp","href":"https:\/\/api.w.org\/{rel}","templated":true}]}}