{"id":2040968,"date":"2023-07-21T16:41:00","date_gmt":"2023-07-21T15:41:00","guid":{"rendered":"http:\/\/13.36.131.153\/p\/marvelparc-copy\/"},"modified":"2025-01-22T16:37:12","modified_gmt":"2025-01-22T15:37:12","slug":"mundo-do-mar-2","status":"publish","type":"product","link":"https:\/\/soldodubai.com\/pt\/p\/mundo-do-mar-2\/","title":{"rendered":"PARQUE SEA WORLD, ABU DHABI"},"content":{"rendered":"<p>Bem-vindo ao SEAWORLD Abu Dhabi, um lugar encantador onde a magia do oceano e o fasc\u00ednio das criaturas marinhas ganham vida! Situado na magn\u00edfica cidade de Abu Dhabi, este parque tem\u00e1tico aqu\u00e1tico \u00e9 um destino obrigat\u00f3rio para mi\u00fados e gra\u00fados.<br \/>\nPrepara-te para explorar oito reinos imersivos que te levar\u00e3o numa viagem incr\u00edvel, desde o extremo norte polar at\u00e9 aos deslumbrantes tr\u00f3picos.<\/p>\n<p>O SEAWORLD oferece experi\u00eancias que s\u00e3o t\u00e3o divertidas como educativas.<br \/>\nAo longo do dia, pode desfrutar de uma variedade de espect\u00e1culos com golfinhos (muito divertidos para mi\u00fados e gra\u00fados), le\u00f5es-marinhos e outros animais marinhos talentosos para fazer as del\u00edcias de toda a fam\u00edlia.<\/p>\n<p>Os viciados em adrenalina tamb\u00e9m n\u00e3o ficar\u00e3o desiludidos!<br \/>\nO parque oferece uma s\u00e9rie de atrac\u00e7\u00f5es, incluindo uma montanha russa emocionante. \u00c9 uma experi\u00eancia \u00fanica para aqueles que gostam de combinar emo\u00e7\u00f5es com a descoberta da vida marinha.<\/p>\n<p>O parque tamb\u00e9m oferece uma variedade de restaurantes que servem especialidades locais e internacionais, bem como lojas de recorda\u00e7\u00f5es.<\/p>\n<p>O SEAWORLD Abu Dhabi \u00e9 muito mais do que um simples parque tem\u00e1tico, \u00e9 uma experi\u00eancia imersiva e cativante que despertar\u00e1 o seu amor e respeito pelas maravilhas do oceano. Uma mistura perfeita de parque tem\u00e1tico e museu.<\/p>\n<p>- Acess\u00edvel a pessoas com defici\u00eancia ou mobilidade reduzida<br \/>\n- N\u00e3o s\u00e3o permitidos alimentos ou bebidas (restaurantes dispon\u00edveis no local)<\/p>\n<p>Hor\u00e1rio de abertura do parque :<br \/>\nAberto todos os dias das : 11h00 - 19h00 (pode variar consoante a \u00e9poca e os dias de fim de semana)<\/p>\n<p><strong>O que inclui a tarifa : <\/strong><br \/>\n- acesso ilimitado durante todo o dia ao seaworld yas island, abu dhabi<br \/>\n- veja mais de 100.000 animais e desfrute de mais de 75 experi\u00eancias e atrac\u00e7\u00f5es<br \/>\n- acesso a espect\u00e1culos e eventos<br \/>\n- acesso \u00e0s atrac\u00e7\u00f5es de acordo com as regras do Sea World (altura e peso)<\/p>\n<p><strong>Localiza\u00e7\u00e3o:<\/strong> Ilha Yas, Abu Dhabi<\/p>","protected":false},"excerpt":{"rendered":"<p>O SEAWORLD oferece experi\u00eancias que s\u00e3o t\u00e3o divertidas como educativas.<br \/>\nAo longo do dia, pode desfrutar de uma variedade de espect\u00e1culos com golfinhos (muito divertidos para mi\u00fados e gra\u00fados), le\u00f5es-marinhos e outros animais marinhos talentosos para fazer as del\u00edcias de toda a fam\u00edlia.<\/p>","protected":false},"featured_media":2040970,"template":"","meta":[],"product_brand":[],"product_cat":[138,552],"product_tag":[],"class_list":{"0":"post-2040968","1":"product","2":"type-product","3":"status-publish","4":"has-post-thumbnail","6":"product_cat-activites-en-ville-parcs-dattractions","7":"product_cat-activite-enfant","9":"first","10":"instock","11":"virtual","12":"purchasable","13":"product-type-simple"},"_links":{"self":[{"href":"https:\/\/soldodubai.com\/pt\/wp-json\/wp\/v2\/product\/2040968","targetHints":{"allow":["GET"]}}],"collection":[{"href":"https:\/\/soldodubai.com\/pt\/wp-json\/wp\/v2\/product"}],"about":[{"href":"https:\/\/soldodubai.com\/pt\/wp-json\/wp\/v2\/types\/product"}],"version-history":[{"count":0,"href":"https:\/\/soldodubai.com\/pt\/wp-json\/wp\/v2\/product\/2040968\/revisions"}],"wp:featuredmedia":[{"embeddable":true,"href":"https:\/\/soldodubai.com\/pt\/wp-json\/wp\/v2\/media\/2040970"}],"wp:attachment":[{"href":"https:\/\/soldodubai.com\/pt\/wp-json\/wp\/v2\/media?parent=2040968"}],"wp:term":[{"taxonomy":"product_brand","embeddable":true,"href":"https:\/\/soldodubai.com\/pt\/wp-json\/wp\/v2\/product_brand?post=2040968"},{"taxonomy":"product_cat","embeddable":true,"href":"https:\/\/soldodubai.com\/pt\/wp-json\/wp\/v2\/product_cat?post=2040968"},{"taxonomy":"product_tag","embeddable":true,"href":"https:\/\/soldodubai.com\/pt\/wp-json\/wp\/v2\/product_tag?post=2040968"}],"curies":[{"name":"wp","href":"https:\/\/api.w.org\/{rel}","templated":true}]}}