{"id":2041484,"date":"2023-08-24T13:32:00","date_gmt":"2023-08-24T12:32:00","guid":{"rendered":"http:\/\/13.36.131.153\/p\/combo-nager-avec-les-dauphins-a-latlantis-le-parc-aquatique-dubai-copy\/"},"modified":"2025-01-27T03:35:14","modified_gmt":"2025-01-27T02:35:14","slug":"caiaque-e-paddle-boarding-com-golfinhos","status":"publish","type":"product","link":"https:\/\/soldodubai.com\/pt\/p\/caiaque-e-paddle-boarding-com-golfinhos\/","title":{"rendered":"CAIAQUE E REMO COM GOLFINHOS E PARQUE AQU\u00c1TICO, ATLANTIS"},"content":{"rendered":"<div>\n<p><b>CAIAQUE DOLPHIN :<\/b><\/p>\n<div>Descubra uma aventura inesquec\u00edvel no cora\u00e7\u00e3o do Atlantis The Palm, no Dubai, participando numa sess\u00e3o de caiaque com golfinhos. Entre num caiaque para uma experi\u00eancia \u00fanica. Deslize tranquilamente pela \u00e1gua enquanto est\u00e1 rodeado pelos golfinhos residentes do Atlantis. Desfrute do acesso ao famoso parque aqu\u00e1tico Atlantis no mesmo dia.<\/div>\n<div><\/div>\n<div>\n<div><strong>O que inclui a tarifa<\/strong><br \/>\nBriefing de seguran\u00e7a de 10 minutos com um especialista em mam\u00edferos marinhos<br \/>\n20 minutos de caiaque na \u00e1gua<br \/>\nColetes salva-vidas<br \/>\nFatos de mergulho e coletes de neoprene s\u00e3o fornecidos e opcionais para a sua experi\u00eancia<br \/>\nBalne\u00e1rios e duches<br \/>\nToalha e cacifo \u00e0 sua disposi\u00e7\u00e3o<br \/>\nAcesso gratuito no mesmo dia ao parque aqu\u00e1tico Aquaventure<\/div>\n<div><\/div>\n<div>Pol\u00edtica de idade: Adequado para todos os n\u00edveis de nata\u00e7\u00e3o, a partir dos 8 anos<br \/>\nTodas as crian\u00e7as com menos de 12 anos devem ser acompanhadas por um adulto pagante com idade igual ou superior a 18 anos.<\/div>\n<div><\/div>\n<div><b>REMO DE GOLFINHO :<\/b><\/div>\n<div>A atividade \"Paddle with the Dolphins\" no Atlantis The Palm, no Dubai, \u00e9 uma experi\u00eancia excecional que lhe permite desfrutar de um encontro memor\u00e1vel com estas fascinantes criaturas marinhas. Ter\u00e1 a oportunidade de remar nas \u00e1guas do aqu\u00e1rio Ambassador Lagoon, localizado no cora\u00e7\u00e3o do parque aqu\u00e1tico, enquanto est\u00e1 rodeado por majestosos golfinhos. Esta aventura \u00fanica oferece uma intera\u00e7\u00e3o de perto com os golfinhos num ambiente seguro e controlado, proporcionando uma experi\u00eancia inesquec\u00edvel.<\/div>\n<div><\/div>\n<div><strong>O que inclui a tarifa:<\/strong><br \/>\nBriefing de seguran\u00e7a de 10 minutos com um especialista em mam\u00edferos marinhos<br \/>\n20 minutos a remar na \u00e1gua<br \/>\nColetes salva-vidas<br \/>\nFatos de mergulho e coletes de neoprene s\u00e3o fornecidos e opcionais para a sua experi\u00eancia<br \/>\nBalne\u00e1rios e duches<br \/>\nToalha e cacifo \u00e0 sua disposi\u00e7\u00e3o<span class=\"gmail-Apple-converted-space\">\u00a0<\/span><br \/>\nAcesso gratuito no mesmo dia ao parque aqu\u00e1tico Aquaventure<\/div>\n<div><\/div>\n<div>Pol\u00edtica de idade: Adequado para todos os n\u00edveis de nata\u00e7\u00e3o, a partir dos 12 anos.<\/div>\n<\/div>\n<\/div>\n<p><strong>Localiza\u00e7\u00e3o:<\/strong> Palm Jumeirah<\/p>","protected":false},"excerpt":{"rendered":"<p>Descubra uma aventura inesquec\u00edvel no cora\u00e7\u00e3o do Atlantis The Palm, no Dubai, participando numa sess\u00e3o de caiaque com golfinhos. Embarque num caiaque para uma experi\u00eancia \u00fanica<\/p>","protected":false},"featured_media":2041487,"template":"","meta":[],"product_brand":[],"product_cat":[150,553],"product_tag":[],"class_list":{"0":"post-2041484","1":"product","2":"type-product","3":"status-publish","4":"has-post-thumbnail","6":"product_cat-parc-dattractions-aquatiques","7":"product_cat-activite-couple","9":"first","10":"instock","11":"virtual","12":"purchasable","13":"product-type-simple"},"_links":{"self":[{"href":"https:\/\/soldodubai.com\/pt\/wp-json\/wp\/v2\/product\/2041484","targetHints":{"allow":["GET"]}}],"collection":[{"href":"https:\/\/soldodubai.com\/pt\/wp-json\/wp\/v2\/product"}],"about":[{"href":"https:\/\/soldodubai.com\/pt\/wp-json\/wp\/v2\/types\/product"}],"version-history":[{"count":0,"href":"https:\/\/soldodubai.com\/pt\/wp-json\/wp\/v2\/product\/2041484\/revisions"}],"wp:featuredmedia":[{"embeddable":true,"href":"https:\/\/soldodubai.com\/pt\/wp-json\/wp\/v2\/media\/2041487"}],"wp:attachment":[{"href":"https:\/\/soldodubai.com\/pt\/wp-json\/wp\/v2\/media?parent=2041484"}],"wp:term":[{"taxonomy":"product_brand","embeddable":true,"href":"https:\/\/soldodubai.com\/pt\/wp-json\/wp\/v2\/product_brand?post=2041484"},{"taxonomy":"product_cat","embeddable":true,"href":"https:\/\/soldodubai.com\/pt\/wp-json\/wp\/v2\/product_cat?post=2041484"},{"taxonomy":"product_tag","embeddable":true,"href":"https:\/\/soldodubai.com\/pt\/wp-json\/wp\/v2\/product_tag?post=2041484"}],"curies":[{"name":"wp","href":"https:\/\/api.w.org\/{rel}","templated":true}]}}