{"id":2041490,"date":"2023-08-24T13:43:00","date_gmt":"2023-08-24T12:43:00","guid":{"rendered":"http:\/\/13.36.131.153\/p\/kayak-et-paddle-avec-les-dauphins-copy\/"},"modified":"2025-01-27T03:35:29","modified_gmt":"2025-01-27T02:35:29","slug":"nadarcomtubaresatlantis","status":"publish","type":"product","link":"https:\/\/soldodubai.com\/pt\/p\/nadarcomtubaresatlantis\/","title":{"rendered":"NADAR COM TUBAR\u00d5ES, ATLANTIS"},"content":{"rendered":"<div>\n<div><b>AQUATREK XTREME :<\/b><\/div>\n<div>O Aquatrek \u00e9 uma experi\u00eancia a n\u00e3o perder na sua lista de desejos. Gra\u00e7as aos capacetes subaqu\u00e1ticos de alta tecnologia, pode respirar debaixo de \u00e1gua e ficar rodeado por 65 000 animais marinhos, incluindo a cole\u00e7\u00e3o de tubar\u00f5es do enorme aqu\u00e1rio. A atividade tem lugar no cora\u00e7\u00e3o dos aqu\u00e1rios de Lost Chambers.<\/div>\n<div><\/div>\n<\/div>\n<div>Para maiores de 12 anos. As crian\u00e7as com menos de 13 anos devem ser acompanhadas por um adulto com um bilhete para o aqu\u00e1rio Lost Chambers.<\/div>\n<div>\n<div><\/div>\n<div><strong>O que inclui a tarifa:<\/strong><br \/>\nExperi\u00eancia subaqu\u00e1tica de 20 minutos<br \/>\nBriefing educativo<br \/>\nVisitar o Lagon Ambassadeur<br \/>\nToalha<br \/>\nCombina\u00e7\u00e3o<br \/>\nGarrafas de \u00e1gua<br \/>\nAcesso gratuito no mesmo dia aos aqu\u00e1rios The Lost Chambers<\/div>\n<div>\n<div><\/div>\n<div>\n<div><b>TUBAR\u00c3O SNORKEL<\/b><\/div>\n<div>A atividade \"Shark Snorkel\" no Atlantis The Palm, no Dubai, oferece uma experi\u00eancia \u00fanica e emocionante para os amantes da aventura aqu\u00e1tica. Os participantes t\u00eam a oportunidade de nadar num dos maiores aqu\u00e1rios marinhos do mundo, o Ambassador Lagoon, e mais especificamente com tubar\u00f5es.<br \/>\nSupervisionados por guias experientes, os participantes podem desfrutar de uma proximidade incr\u00edvel com estes magn\u00edficos animais marinhos em total seguran\u00e7a.<br \/>\n\"O Shark Snorkel no Atlantis The Palm \u00e9 uma aventura aqu\u00e1tica excecional a n\u00e3o perder durante a sua estadia no Dubai. A atividade tem lugar na lagoa do parque aqu\u00e1tico Aquaventure.<\/div>\n<\/div>\n<div><\/div>\n<div>Para crian\u00e7as a partir dos 6 anos. As crian\u00e7as com menos de 13 anos devem ser acompanhadas por um adulto com um bilhete para o parque aqu\u00e1tico Aquaventure.<\/div>\n<div>\n<div><\/div>\n<div><strong>O que inclui a tarifa:<\/strong><br \/>\n20 minutos a nadar na superf\u00edcie da lagoa dos tubar\u00f5es do Aquaventure<br \/>\nBriefing educativo<br \/>\nColetes salva-vidas<br \/>\nM\u00e1scara e snorkel<br \/>\nAcesso gratuito no mesmo dia ao parque aqu\u00e1tico Aquaventure<br \/>\nTrazer o seu pr\u00f3prio fato de banho<\/div>\n<\/div>\n<\/div>\n<\/div>\n<p><strong>Localiza\u00e7\u00e3o:<\/strong> Palm Jumeirah<\/p>","protected":false},"excerpt":{"rendered":"<p>Gra\u00e7as aos capacetes subaqu\u00e1ticos de alta tecnologia, pode respirar debaixo de \u00e1gua e estar rodeado por 65 000 animais marinhos, incluindo a cole\u00e7\u00e3o de tubar\u00f5es do enorme aqu\u00e1rio.<\/p>","protected":false},"featured_media":2041492,"template":"","meta":[],"product_brand":[],"product_cat":[150],"product_tag":[],"class_list":{"0":"post-2041490","1":"product","2":"type-product","3":"status-publish","4":"has-post-thumbnail","6":"product_cat-parc-dattractions-aquatiques","8":"first","9":"instock","10":"virtual","11":"purchasable","12":"product-type-simple"},"_links":{"self":[{"href":"https:\/\/soldodubai.com\/pt\/wp-json\/wp\/v2\/product\/2041490","targetHints":{"allow":["GET"]}}],"collection":[{"href":"https:\/\/soldodubai.com\/pt\/wp-json\/wp\/v2\/product"}],"about":[{"href":"https:\/\/soldodubai.com\/pt\/wp-json\/wp\/v2\/types\/product"}],"version-history":[{"count":0,"href":"https:\/\/soldodubai.com\/pt\/wp-json\/wp\/v2\/product\/2041490\/revisions"}],"wp:featuredmedia":[{"embeddable":true,"href":"https:\/\/soldodubai.com\/pt\/wp-json\/wp\/v2\/media\/2041492"}],"wp:attachment":[{"href":"https:\/\/soldodubai.com\/pt\/wp-json\/wp\/v2\/media?parent=2041490"}],"wp:term":[{"taxonomy":"product_brand","embeddable":true,"href":"https:\/\/soldodubai.com\/pt\/wp-json\/wp\/v2\/product_brand?post=2041490"},{"taxonomy":"product_cat","embeddable":true,"href":"https:\/\/soldodubai.com\/pt\/wp-json\/wp\/v2\/product_cat?post=2041490"},{"taxonomy":"product_tag","embeddable":true,"href":"https:\/\/soldodubai.com\/pt\/wp-json\/wp\/v2\/product_tag?post=2041490"}],"curies":[{"name":"wp","href":"https:\/\/api.w.org\/{rel}","templated":true}]}}