{"id":2041496,"date":"2023-08-24T13:54:00","date_gmt":"2023-08-24T12:54:00","guid":{"rendered":"http:\/\/13.36.131.153\/p\/nage-avec-les-requins-atlantis-copy\/"},"modified":"2025-01-27T03:38:58","modified_gmt":"2025-01-27T02:38:58","slug":"mergulhonosaquariosatlantis","status":"publish","type":"product","link":"https:\/\/soldodubai.com\/pt\/p\/mergulhonosaquariosatlantis\/","title":{"rendered":"MERGULHO NOS AQU\u00c1RIOS ATLANTIS E LOST CHAMBERS"},"content":{"rendered":"<div>\n<div>\n<div>\n<div><b>SNORKELING ULTIMATE<\/b><\/div>\n<div>A atividade \"ULTIMATE SNORKELING\" no Atlantis The Palm no Dubai oferece uma experi\u00eancia \u00fanica e emocionante para os amantes da aventura aqu\u00e1tica.<br \/>\nMunidos de equipamento, os participantes ter\u00e3o a oportunidade de explorar as \u00e1guas cristalinas povoadas por peixes tropicais coloridos, corais ex\u00f3ticos e criaturas marinhas fascinantes.<br \/>\nSupervisionados por guias experientes, os participantes podem desfrutar de uma proximidade incr\u00edvel com estes magn\u00edficos animais marinhos em total seguran\u00e7a. A atividade realiza-se no cora\u00e7\u00e3o dos aqu\u00e1rios de Lost Chambers.<\/div>\n<div><\/div>\n<\/div>\n<div>Para maiores de 6 anos. As crian\u00e7as com menos de 13 anos devem ser acompanhadas por um adulto com um bilhete para o aqu\u00e1rio Lost Chambers.<\/div>\n<div>\n<p><strong>O que inclui a tarifa:<\/strong><br \/>\n20 minutos a nadar \u00e0 superf\u00edcie da lagoa dos Embaixadores<br \/>\nBriefing educativo<br \/>\nToalha<br \/>\nCombina\u00e7\u00e3o<br \/>\nColetes salva-vidas<br \/>\nM\u00e1scara e snorkel<br \/>\nGarrafas de \u00e1gua<\/p>\n<p>Acesso gratuito no mesmo dia aos aqu\u00e1rios de Lost Chambers<\/p>\n<\/div>\n<div>\n<div><\/div>\n<div><\/div>\n<\/div>\n<\/div>\n<div>\n<div><b>DIVE EXPLORER - atividade reservada aos mergulhadores certificados, com certificado a apresentar no dia.<\/b><\/div>\n<div>A emocionante atividade Dive Explorer no Atlantis The Palm, no Dubai, \u00e9 uma aventura inesquec\u00edvel que permite aos h\u00f3spedes descobrir as maravilhas subaqu\u00e1ticas do ic\u00f3nico resort. Acompanhados por instrutores experientes, os participantes podem mergulhar equipados com equipamento de alta qualidade, dando-lhe a oportunidade de ver de perto uma incr\u00edvel variedade de criaturas marinhas, desde peixes tropicais coloridos a majestosas raias e tubar\u00f5es. Quer seja um principiante ou um mergulhador experiente, a experi\u00eancia Dive Explorer oferece uma perspetiva \u00fanica do cativante mundo subaqu\u00e1tico, tudo isto no ambiente luxuoso do Atlantis The Palm no Dubai. A atividade tem lugar no cora\u00e7\u00e3o dos aqu\u00e1rios Lost Chambers.<\/div>\n<\/div>\n<\/div>\n<div><\/div>\n<div>Para maiores de 10 anos. As crian\u00e7as com menos de 13 anos devem ser acompanhadas por um adulto com um bilhete para o aqu\u00e1rio Lost Chambers.<\/div>\n<div>\n<div><\/div>\n<div><strong>O que inclui a tarifa :<\/strong><\/div>\n<div>Experi\u00eancia subaqu\u00e1tica de 30 minutos<br \/>\nBriefing educativo<br \/>\nToalha<br \/>\nCombina\u00e7\u00e3o<br \/>\nEquipamento de mergulho<br \/>\nGarrafas de \u00e1gua<br \/>\nAcesso gratuito no mesmo dia aos aqu\u00e1rios de Lost Chambers<\/div>\n<div><\/div>\n<div><b>DIVE DISCOVERY - atividade reservada aos mergulhadores certificados, com certificado a apresentar no dia.<\/b><\/div>\n<div>\n<p>Descubra as fascinantes profundezas do Atlantis The Palm no Dubai com a atividade \"DIVE DISCOVERY\". Mergulhe numa experi\u00eancia subaqu\u00e1tica imersiva de 30 minutos que lhe permitir\u00e1 explorar o cativante mundo subaqu\u00e1tico da Ambassador Lagoon. Antes do seu mergulho, desfrute de um briefing educativo para o familiarizar com as t\u00e9cnicas de mergulho e as instru\u00e7\u00f5es de seguran\u00e7a.<\/p>\n<p>Este pacote inclui tamb\u00e9m uma sess\u00e3o de per\u00edcia subaqu\u00e1tica para garantir que se sente confort\u00e1vel debaixo de \u00e1gua, seguida de uma visita guiada \u00e0 Lagoa dos Embaixadores. Ficar\u00e1 surpreendido com a diversidade de esp\u00e9cies marinhas que vivem neste ambiente excecional. A atividade tem lugar no cora\u00e7\u00e3o dos aqu\u00e1rios Lost Chambers.<\/p>\n<p>Para maiores de 10 anos. As crian\u00e7as com menos de 13 anos devem ser acompanhadas por um adulto com um bilhete para o aqu\u00e1rio Lost Chambers.<\/p>\n<\/div>\n<div><\/div>\n<div><strong>O que inclui a tarifa :<\/strong><br \/>\nExperi\u00eancia subaqu\u00e1tica de 30 minutos<br \/>\nBriefing educativo<br \/>\nUma sess\u00e3o de habilidades subaqu\u00e1ticas e uma visita \u00e0 Lagoa dos Embaixadores<br \/>\nToalha<br \/>\nCombina\u00e7\u00e3o<br \/>\nGarrafas de \u00e1gua<br \/>\nAcesso gratuito no mesmo dia aos aqu\u00e1rios de Lost Chambers<br \/>\nAqu\u00e1rio<\/div>\n<\/div>\n<p><strong>Localiza\u00e7\u00e3o:<\/strong> Palm Jumeirah<\/p>","protected":false},"excerpt":{"rendered":"<p>Descubra as fascinantes profundezas do Atlantis The Palm no Dubai<\/p>","protected":false},"featured_media":2041498,"template":"","meta":[],"product_brand":[],"product_cat":[150],"product_tag":[],"class_list":{"0":"post-2041496","1":"product","2":"type-product","3":"status-publish","4":"has-post-thumbnail","6":"product_cat-parc-dattractions-aquatiques","8":"first","9":"instock","10":"virtual","11":"purchasable","12":"product-type-simple"},"_links":{"self":[{"href":"https:\/\/soldodubai.com\/pt\/wp-json\/wp\/v2\/product\/2041496","targetHints":{"allow":["GET"]}}],"collection":[{"href":"https:\/\/soldodubai.com\/pt\/wp-json\/wp\/v2\/product"}],"about":[{"href":"https:\/\/soldodubai.com\/pt\/wp-json\/wp\/v2\/types\/product"}],"version-history":[{"count":0,"href":"https:\/\/soldodubai.com\/pt\/wp-json\/wp\/v2\/product\/2041496\/revisions"}],"wp:featuredmedia":[{"embeddable":true,"href":"https:\/\/soldodubai.com\/pt\/wp-json\/wp\/v2\/media\/2041498"}],"wp:attachment":[{"href":"https:\/\/soldodubai.com\/pt\/wp-json\/wp\/v2\/media?parent=2041496"}],"wp:term":[{"taxonomy":"product_brand","embeddable":true,"href":"https:\/\/soldodubai.com\/pt\/wp-json\/wp\/v2\/product_brand?post=2041496"},{"taxonomy":"product_cat","embeddable":true,"href":"https:\/\/soldodubai.com\/pt\/wp-json\/wp\/v2\/product_cat?post=2041496"},{"taxonomy":"product_tag","embeddable":true,"href":"https:\/\/soldodubai.com\/pt\/wp-json\/wp\/v2\/product_tag?post=2041496"}],"curies":[{"name":"wp","href":"https:\/\/api.w.org\/{rel}","templated":true}]}}