{"id":2041894,"date":"2023-09-24T11:52:00","date_gmt":"2023-09-24T10:52:00","guid":{"rendered":"http:\/\/13.36.131.153\/p\/miracle-garden-copy\/"},"modified":"2024-07-03T16:09:49","modified_gmt":"2024-07-03T15:09:49","slug":"brilho-do-jardim","status":"publish","type":"product","link":"https:\/\/soldodubai.com\/pt\/p\/brilho-do-jardim\/","title":{"rendered":"JARDIM LUMINOSO E PARQUE DOS DINOSSAUROS"},"content":{"rendered":"<div>\n<p>O Dubai Garden Glow \u00e9 um lugar m\u00e1gico onde a arte, a luz e a criatividade se juntam para criar uma experi\u00eancia \u00fanica. Esta atra\u00e7\u00e3o ir\u00e1 agradar a mi\u00fados e gra\u00fados, e especialmente \u00e0s fam\u00edlias.<\/p>\n<p>Glow Park: (VISITAR AP\u00d3S O P\u00d4R DO SOL) Quando o sol se p\u00f5e no Dubai Garden Glow, um mundo encantado desperta no Glow Park. Este \u00e9 um lugar onde se pode mergulhar num universo luminoso onde a arte assume uma nova forma. Esculturas deslumbrantes e instala\u00e7\u00f5es de luz ganham vida. Esculturas de luz e criatividade de cortar a respira\u00e7\u00e3o transport\u00e1-lo-\u00e3o para um mundo de conto de fadas.<\/p>\n<p>Magic Park - Dubai Garden Glow O Magic Park \u00e9 um lugar onde a realidade encontra a ilus\u00e3o para criar uma experi\u00eancia extraordin\u00e1ria. Ao explorar este parque m\u00e1gico, ficar\u00e1 surpreendido com ilus\u00f5es de \u00f3tica e obras de arte que o far\u00e3o duvidar do que est\u00e1 a ver. Preparem as vossas c\u00e2maras!<\/p>\n<p>Parque dos Dinossauros - (VISITAR DE PREFER\u00caNCIA ANTES DO P\u00d4R DO SOL) Entre num mundo pr\u00e9-hist\u00f3rico no Dubai Garden Glow Dinosaur Park, esta atra\u00e7\u00e3o leva-o numa viagem no tempo, onde poder\u00e1 conhecer dinossauros em tamanho real. Estas criaturas espantosas foram recriadas, dando vida a um tempo que j\u00e1 l\u00e1 vai. Ficar\u00e1 cativado pela autenticidade de cada esp\u00e9cie, fazendo-o sentir como se tivesse viajado milh\u00f5es de anos atr\u00e1s no tempo, \u00e0 medida que caminha, pode ver alguns deles a moverem-se.<\/p>\n<p>Quer esteja em fam\u00edlia, com amigos ou a dois, este destino cativante promete momentos de fasc\u00ednio, riso e descoberta.<\/p>\n<\/div>\n<div><\/div>\n<div>Hor\u00e1rio de abertura: Domingo a sexta-feira, das 17h00 \u00e0s 23h00<br \/>\nS\u00e1bados e feriados das 17h00 \u00e0s 24h00<\/div>\n<div>Estacionamento no local: <span class=\"woocommerce-Price-amount amount\"><bdi>2.80&nbsp;<span class=\"woocommerce-Price-currencySymbol\">$<\/span><\/bdi><\/span> por hora.<\/div>\n<p><strong>O que inclui a tarifa :<\/strong><br \/>\nEntrada para o Garden Glow, o Parque dos Dinossauros e a Arte M\u00e1gica, se combinados<\/p>\n<p><strong>Localiza\u00e7\u00e3o:<\/strong> Parque Zabbel<\/p>","protected":false},"excerpt":{"rendered":"<p>O Dubai Garden Glow \u00e9 um lugar m\u00e1gico onde a arte, a luz e a criatividade se juntam para criar uma experi\u00eancia \u00fanica.<\/p>","protected":false},"featured_media":2041897,"template":"","meta":[],"product_brand":[],"product_cat":[138,552],"product_tag":[],"class_list":{"0":"post-2041894","1":"product","2":"type-product","3":"status-publish","4":"has-post-thumbnail","6":"product_cat-activites-en-ville-parcs-dattractions","7":"product_cat-activite-enfant","9":"first","10":"instock","11":"virtual","12":"purchasable","13":"product-type-simple"},"_links":{"self":[{"href":"https:\/\/soldodubai.com\/pt\/wp-json\/wp\/v2\/product\/2041894","targetHints":{"allow":["GET"]}}],"collection":[{"href":"https:\/\/soldodubai.com\/pt\/wp-json\/wp\/v2\/product"}],"about":[{"href":"https:\/\/soldodubai.com\/pt\/wp-json\/wp\/v2\/types\/product"}],"version-history":[{"count":0,"href":"https:\/\/soldodubai.com\/pt\/wp-json\/wp\/v2\/product\/2041894\/revisions"}],"wp:featuredmedia":[{"embeddable":true,"href":"https:\/\/soldodubai.com\/pt\/wp-json\/wp\/v2\/media\/2041897"}],"wp:attachment":[{"href":"https:\/\/soldodubai.com\/pt\/wp-json\/wp\/v2\/media?parent=2041894"}],"wp:term":[{"taxonomy":"product_brand","embeddable":true,"href":"https:\/\/soldodubai.com\/pt\/wp-json\/wp\/v2\/product_brand?post=2041894"},{"taxonomy":"product_cat","embeddable":true,"href":"https:\/\/soldodubai.com\/pt\/wp-json\/wp\/v2\/product_cat?post=2041894"},{"taxonomy":"product_tag","embeddable":true,"href":"https:\/\/soldodubai.com\/pt\/wp-json\/wp\/v2\/product_tag?post=2041894"}],"curies":[{"name":"wp","href":"https:\/\/api.w.org\/{rel}","templated":true}]}}