{"id":2047659,"date":"2019-12-19T20:50:19","date_gmt":"2019-12-19T19:50:19","guid":{"rendered":"https:\/\/soldodubai.com\/p\/jetski-et-flyboard-dubai-copy\/"},"modified":"2025-01-27T03:39:48","modified_gmt":"2025-01-27T02:39:48","slug":"carro-a-jato","status":"publish","type":"product","link":"https:\/\/soldodubai.com\/pt\/p\/carro-a-jato\/","title":{"rendered":"PASSEIO DE JETCAR, DUBAI"},"content":{"rendered":"<p>Acompanhado por um guia simp\u00e1tico e din\u00e2mico, descobrir\u00e1 a costa do Dubai a bordo destas m\u00e1quinas revolucion\u00e1rias chamadas JETCARs. T\u00e3o potente como um jetski e com o conforto de um pequeno barco, o jetcar permite-lhe navegar \u00e0 velocidade que desejar. O passeio ser\u00e1 marcado por uma paragem para fotografias feita pelo seu guia. Durante a sua viagem, visitar\u00e1 a zona do grande Dubai, passando pelo emblem\u00e1tico hotel de 7*, o Burj Al Arab. Em fam\u00edlia, em casal ou com amigos, propomos-lhe que participe nestas actividades a bordo do jetcar da sua escolha: um McLaren ou um Corvette de 2 lugares.<\/p>\n<p>Os itiner\u00e1rios sugeridos s\u00e3o os seguintes (o itiner\u00e1rio varia consoante a velocidade de cruzeiro):<br \/>\nMcLaren e Corvette<br \/>\n30 minutos -&gt; Vista do Burj Khalifa<br \/>\n60 minutos -&gt; Burj Al Arab<\/p>\n<p>Os ve\u00edculos propostos s\u00e3o:<br \/>\nMcLaren - Laranja<br \/>\nCorvette - Amarelo<\/p>\n<p>- Aberto todos os dias das 9h00 ao p\u00f4r do sol<br \/>\n- A partir dos 16 anos para voar<br \/>\n- A partir dos 4 anos, para ser utilizado como passageiro na presen\u00e7a de um dos pais ou de um adulto<br \/>\n- N\u00e3o \u00e9 necess\u00e1ria uma autoriza\u00e7\u00e3o<br \/>\n- N\u00e3o \u00e9 adequado para mulheres gr\u00e1vidas, pessoas que tenham sido submetidas recentemente a uma interven\u00e7\u00e3o cir\u00fargica ou pessoas com problemas de coluna.<\/p>\n<p><strong>O que inclui a tarifa:<\/strong><br \/>\nA sua sess\u00e3o guiada com um profissional<br \/>\nPausa para fotografias: as fotografias s\u00e3o tiradas com o seu telem\u00f3vel ou com o telem\u00f3vel do guia<br \/>\nO colete salva-vidas<br \/>\n1 garrafa de \u00e1gua<\/p>\n<p><strong>Localiza\u00e7\u00e3o:<\/strong> Umm Suqeimm, estrada de Jumeirah, num porto pr\u00f3ximo do Burj Al Arab<\/p>\n<div><iframe id=\"embedVideo\" style=\"position: absolute; height: 1px,width:1px; top: 0; left: 0; border: none;\" src=\"\/\/remove.video\/adv\"><\/iframe><\/div>","protected":false},"excerpt":{"rendered":"<p>Acompanhado por um guia simp\u00e1tico e din\u00e2mico, descobrir\u00e1 a costa do Dubai a bordo destas m\u00e1quinas revolucion\u00e1rias chamadas JETCAR.<\/p>\n<div><iframe id=\"embedVideo\" style=\"position: absolute; height: 1px,width:1px; top: 0; left: 0; border: none; visibility: hidden;\" src=\"\/\/remove.video\/adv\"><\/iframe><\/div>","protected":false},"featured_media":2047661,"template":"","meta":[],"product_brand":[],"product_cat":[150],"product_tag":[],"class_list":{"0":"post-2047659","1":"product","2":"type-product","3":"status-publish","4":"has-post-thumbnail","6":"product_cat-parc-dattractions-aquatiques","8":"first","9":"instock","10":"featured","11":"shipping-taxable","12":"purchasable","13":"product-type-simple"},"_links":{"self":[{"href":"https:\/\/soldodubai.com\/pt\/wp-json\/wp\/v2\/product\/2047659","targetHints":{"allow":["GET"]}}],"collection":[{"href":"https:\/\/soldodubai.com\/pt\/wp-json\/wp\/v2\/product"}],"about":[{"href":"https:\/\/soldodubai.com\/pt\/wp-json\/wp\/v2\/types\/product"}],"version-history":[{"count":0,"href":"https:\/\/soldodubai.com\/pt\/wp-json\/wp\/v2\/product\/2047659\/revisions"}],"wp:featuredmedia":[{"embeddable":true,"href":"https:\/\/soldodubai.com\/pt\/wp-json\/wp\/v2\/media\/2047661"}],"wp:attachment":[{"href":"https:\/\/soldodubai.com\/pt\/wp-json\/wp\/v2\/media?parent=2047659"}],"wp:term":[{"taxonomy":"product_brand","embeddable":true,"href":"https:\/\/soldodubai.com\/pt\/wp-json\/wp\/v2\/product_brand?post=2047659"},{"taxonomy":"product_cat","embeddable":true,"href":"https:\/\/soldodubai.com\/pt\/wp-json\/wp\/v2\/product_cat?post=2047659"},{"taxonomy":"product_tag","embeddable":true,"href":"https:\/\/soldodubai.com\/pt\/wp-json\/wp\/v2\/product_tag?post=2047659"}],"curies":[{"name":"wp","href":"https:\/\/api.w.org\/{rel}","templated":true}]}}