{"id":2047829,"date":"2019-08-05T05:05:29","date_gmt":"2019-08-05T04:05:29","guid":{"rendered":"https:\/\/soldodubai.com\/?post_type=product&#038;p=2047829"},"modified":"2025-01-26T14:43:25","modified_gmt":"2025-01-26T13:43:25","slug":"proposta","status":"publish","type":"product","link":"https:\/\/soldodubai.com\/pt\/p\/proposta\/","title":{"rendered":"PROPOSTA DE CASAMENTO"},"content":{"rendered":"<p>Experimente um pedido de casamento inesquec\u00edvel e luxuoso. Escolha a partir de uma sele\u00e7\u00e3o exclusiva de locais e cen\u00e1rios rom\u00e2nticos para criar a noite perfeita de acordo com a sua disposi\u00e7\u00e3o e or\u00e7amento. Quer pretenda um ambiente \u00edntimo na praia, vistas deslumbrantes do Burj Khalifa ou uma experi\u00eancia luxuosa no Hotel Atlantis The Palm, as nossas op\u00e7\u00f5es de pacotes satisfazem todos os seus desejos. Cada op\u00e7\u00e3o inclui elementos cuidadosamente selecionados para garantir um ambiente m\u00e1gico e memor\u00e1vel.<\/p>\n<p><strong>ELEG\u00c2NCIA ETERNA<\/strong><br \/>\nLocaliza\u00e7\u00e3o: Hotel Atlantis The Palm<br \/>\nDura\u00e7\u00e3o: 3 horas a partir das 19h00<br \/>\nO que est\u00e1 inclu\u00eddo:<br \/>\nCabana privada para jantar com assentos e decora\u00e7\u00e3o rom\u00e2ntica<br \/>\nDecora\u00e7\u00e3o floral com flores frescas<br \/>\nEstrutura em forma de cora\u00e7\u00e3o gigante de flores frescas<br \/>\n6 expositores em acr\u00edlico<br \/>\n16 arranjos florais<br \/>\nCaminho de velas LED + as suas fotografias emolduradas<br \/>\nJantar de descoberta de 5 pratos com refrigerantes e \u00e1gua (bife t\u00e1rtaro com mostarda de trufas, bolo de caranguejo, carpaccio de tomate, filet mignon, cheesecake de manteiga com sal)<br \/>\nBouquet de flores mistas - cerca de 12 rosas<br \/>\nM\u00fasica rom\u00e2ntica<br \/>\n2 jactos artificiais de palco<br \/>\nEmpregado de mesa e concierge privado<\/p>\n<p><strong>ROSAS \u00c0 BEIRA-MAR<\/strong><br \/>\nLocaliza\u00e7\u00e3o: Sunrise ou Mercato beach<br \/>\nDura\u00e7\u00e3o: 3 horas<br \/>\nO que est\u00e1 inclu\u00eddo:<br \/>\nLetras gigantes iluminadas MARRY ME<br \/>\n800 rosas vermelhas<br \/>\nBofetada Bluetooth<br \/>\nBouquet de flores mistas - cerca de 12 rosas<br \/>\nChampanhe de uva sem \u00e1lcool<br \/>\nCadeira rom\u00e2ntica para 2 pessoas<\/p>\n<p><strong>DIAMANTES E P\u00c9TALAS<\/strong><br \/>\nLocaliza\u00e7\u00e3o: Hotel Atlantis The Palm<br \/>\nDura\u00e7\u00e3o: 3 horas a partir das 19h00<br \/>\nO que est\u00e1 inclu\u00eddo:<br \/>\nCabana privada para jantar com assentos e decora\u00e7\u00e3o rom\u00e2ntica<br \/>\nExposi\u00e7\u00e3o floral de 7 metros de flores frescas<br \/>\nEstrutura em forma de cora\u00e7\u00e3o gigante de flores frescas<br \/>\nJantar de descoberta de 5 pratos com refrigerantes e \u00e1gua<br \/>\nBouquet de flores diversas<br \/>\nM\u00fasica rom\u00e2ntica<br \/>\n2 jactos artificiais de palco<br \/>\nEmpregado de mesa e concierge privado<br \/>\nDecora\u00e7\u00e3o com bal\u00f5es<\/p>\n<p><strong>BURJ KHALIFA DREAMSCAPE<\/strong><br \/>\nLocaliza\u00e7\u00e3o: Sheikh Zayed road<br \/>\nDura\u00e7\u00e3o: 3 horas, dispon\u00edvel a partir das 17h30<br \/>\nO que est\u00e1 inclu\u00eddo:<br \/>\nTerra\u00e7o privado com vistas ininterruptas para o Burj Khalifa e para os arranha-c\u00e9us da Baixa do Dubai<br \/>\nEstrutura floral com rosas vermelhas<br \/>\n\"Will you Marry Me\" em luz n\u00e9on<br \/>\nJantar de descoberta de 3 pratos (Ballotins de foie gras, borrego braseado, pur\u00e9 de trufas, tarte de lim\u00e3o merengada, tarte de chocolate branco e framboesa, mil-folhas de baunilha, petits fours e chocolate)<br \/>\nM\u00fasica rom\u00e2ntica<br \/>\nBouquet de flores mistas - cerca de 12 rosas<br \/>\nServidor privado<\/p>\n<p><strong>CHAMAS SINCERAS<\/strong><br \/>\nLocaliza\u00e7\u00e3o: Sunrise ou Mercato beach<br \/>\nDura\u00e7\u00e3o: 3 horas<br \/>\nO que est\u00e1 inclu\u00eddo:<br \/>\nEstrutura floral com rosas vermelhas<br \/>\n\"Will you Marry Me\" em luz n\u00e9on<br \/>\nVela LED de p\u00e9<br \/>\nBofetada Bluetooth<br \/>\nBouquet de rosas vermelhas frescas - aprox. 12 rosas<br \/>\nChampanhe de uva sem \u00e1lcool<\/p>\n<p><strong>FESTA DE LUXO AO P\u00d4R-DO-SOL<\/strong><br \/>\nLocaliza\u00e7\u00e3o: JBR<br \/>\nDura\u00e7\u00e3o: 3 horas, dispon\u00edvel a partir das 17h30<br \/>\nO que est\u00e1 inclu\u00eddo:<br \/>\nTerra\u00e7o semi-privado com vista para o mar<br \/>\nLetras gigantes iluminadas MARRY ME<br \/>\nArranjos florais em p\u00e9<br \/>\nComposi\u00e7\u00e3o dos bal\u00f5es<br \/>\nCaminho de p\u00e9talas de rosa<br \/>\nVelas LED<br \/>\nCr\u00e9dito de 1000 Dirham para utilizar no jantar<br \/>\nBouquet de flores diversas<\/p>\n<p><strong>ATLANTIS STAR<\/strong><br \/>\nLocaliza\u00e7\u00e3o: Palm Jumeirah<br \/>\nDura\u00e7\u00e3o: 3 horas a partir das 19h00<br \/>\nO que est\u00e1 inclu\u00eddo:<br \/>\nCabana privada para jantar com assentos e decora\u00e7\u00e3o rom\u00e2ntica<br \/>\nEstrutura em forma de cora\u00e7\u00e3o gigante de flores frescas<br \/>\n\"Will you Marry Me\" em Neon LED<br \/>\nArranjos florais em p\u00e9<br \/>\nComposi\u00e7\u00e3o dos bal\u00f5es<br \/>\nCaminho de p\u00e9talas de rosa<br \/>\nBouquet de flores diversas<br \/>\nJantar de descoberta de 5 pratos (bife t\u00e1rtaro com mostarda trufada, bolo de caranguejo, carpaccio de tomate, filet mignon, cheesecake de manteiga com sal)<br \/>\nM\u00fasica rom\u00e2ntica<br \/>\nServidor privado<\/p>\n<p><strong>SERENATA \u00c0 BEIRA-MAR<\/strong><br \/>\nLocaliza\u00e7\u00e3o: Nikki Beach<br \/>\nDura\u00e7\u00e3o: 3 horas, dispon\u00edvel a partir das 17h30<br \/>\nO que est\u00e1 inclu\u00eddo:<br \/>\nCabana privada para jantar com assentos e decora\u00e7\u00e3o rom\u00e2ntica<br \/>\nLetras gigantes iluminadas MARRY ME<br \/>\nVelas LED<br \/>\nJantar de descoberta de 3 pratos (salada de abacate, espargos, t\u00e1rtaro de atum, salm\u00e3o fresco, sashimi e sushi, bife da costela, lagosta e camar\u00f5es, fruta e uma sele\u00e7\u00e3o de sobremesas)<br \/>\nBouquet de flores mistas - cerca de 12 rosas<br \/>\nM\u00fasica rom\u00e2ntica<br \/>\nServidor privado<\/p>","protected":false},"excerpt":{"rendered":"<p>Experimente um pedido de casamento inesquec\u00edvel e luxuoso. Escolha a partir de uma sele\u00e7\u00e3o exclusiva de locais e cen\u00e1rios rom\u00e2nticos para criar a noite perfeita de acordo com a sua disposi\u00e7\u00e3o e or\u00e7amento. Quer pretenda um ambiente \u00edntimo na praia, uma vista deslumbrante sobre o mar ou uma...<\/p>","protected":false},"featured_media":2047832,"template":"","meta":[],"product_brand":[],"product_cat":[140,437,536,553],"product_tag":[],"class_list":{"0":"post-2047829","1":"product","2":"type-product","3":"status-publish","4":"has-post-thumbnail","6":"product_cat-activites","7":"product_cat-activites-dans-le-desert-activites","8":"product_cat-activites-dans-le-desert","9":"product_cat-activite-couple","11":"first","12":"instock","13":"shipping-taxable","14":"purchasable","15":"product-type-simple"},"_links":{"self":[{"href":"https:\/\/soldodubai.com\/pt\/wp-json\/wp\/v2\/product\/2047829","targetHints":{"allow":["GET"]}}],"collection":[{"href":"https:\/\/soldodubai.com\/pt\/wp-json\/wp\/v2\/product"}],"about":[{"href":"https:\/\/soldodubai.com\/pt\/wp-json\/wp\/v2\/types\/product"}],"version-history":[{"count":0,"href":"https:\/\/soldodubai.com\/pt\/wp-json\/wp\/v2\/product\/2047829\/revisions"}],"wp:featuredmedia":[{"embeddable":true,"href":"https:\/\/soldodubai.com\/pt\/wp-json\/wp\/v2\/media\/2047832"}],"wp:attachment":[{"href":"https:\/\/soldodubai.com\/pt\/wp-json\/wp\/v2\/media?parent=2047829"}],"wp:term":[{"taxonomy":"product_brand","embeddable":true,"href":"https:\/\/soldodubai.com\/pt\/wp-json\/wp\/v2\/product_brand?post=2047829"},{"taxonomy":"product_cat","embeddable":true,"href":"https:\/\/soldodubai.com\/pt\/wp-json\/wp\/v2\/product_cat?post=2047829"},{"taxonomy":"product_tag","embeddable":true,"href":"https:\/\/soldodubai.com\/pt\/wp-json\/wp\/v2\/product_tag?post=2047829"}],"curies":[{"name":"wp","href":"https:\/\/api.w.org\/{rel}","templated":true}]}}