{"id":2047862,"date":"2020-08-17T14:32:11","date_gmt":"2020-08-17T13:32:11","guid":{"rendered":"https:\/\/soldodubai.com\/p\/vistodeturista-copy\/"},"modified":"2025-01-27T03:39:33","modified_gmt":"2025-01-27T02:39:33","slug":"recepcaodoaeroporto","status":"publish","type":"product","link":"https:\/\/soldodubai.com\/pt\/p\/recepcaodoaeroporto\/","title":{"rendered":"SERVI\u00c7O DE BOAS-VINDAS VIP - AEROPORTO DE DUBAI"},"content":{"rendered":"<p>Desfrute de uma rece\u00e7\u00e3o VIP no Aeroporto Internacional do Dubai.<br \/>\n\u00c0 sua chegada ao aeroporto, um agente de assist\u00eancia em terra ir\u00e1 receb\u00ea-lo \u00e0 sa\u00edda do corredor que liga o avi\u00e3o ao aeroporto.<br \/>\nAcompanhando-o at\u00e9 \u00e0 sa\u00edda, o servi\u00e7o VIP d\u00e1-lhe a vantagem de evitar filas na alf\u00e2ndega e assist\u00eancia na recolha de bagagens.<\/p>\n<p>Este servi\u00e7o est\u00e1 dispon\u00edvel para viajantes individuais ou grupos. Por favor, selecione a op\u00e7\u00e3o que lhe conv\u00e9m no formul\u00e1rio de reserva.<\/p>","protected":false},"excerpt":{"rendered":"<p class=\"p1\"><span class=\"s1\">Descubra o Dubai com o servi\u00e7o de vistos Sol do Dubai.\u00a0<\/span><\/p>","protected":false},"featured_media":2047864,"template":"","meta":[],"product_brand":[],"product_cat":[140,138],"product_tag":[],"class_list":{"0":"post-2047862","1":"product","2":"type-product","3":"status-publish","4":"has-post-thumbnail","6":"product_cat-activites","7":"product_cat-activites-en-ville-parcs-dattractions","9":"first","10":"instock","11":"virtual","12":"purchasable","13":"product-type-simple"},"_links":{"self":[{"href":"https:\/\/soldodubai.com\/pt\/wp-json\/wp\/v2\/product\/2047862","targetHints":{"allow":["GET"]}}],"collection":[{"href":"https:\/\/soldodubai.com\/pt\/wp-json\/wp\/v2\/product"}],"about":[{"href":"https:\/\/soldodubai.com\/pt\/wp-json\/wp\/v2\/types\/product"}],"version-history":[{"count":0,"href":"https:\/\/soldodubai.com\/pt\/wp-json\/wp\/v2\/product\/2047862\/revisions"}],"wp:featuredmedia":[{"embeddable":true,"href":"https:\/\/soldodubai.com\/pt\/wp-json\/wp\/v2\/media\/2047864"}],"wp:attachment":[{"href":"https:\/\/soldodubai.com\/pt\/wp-json\/wp\/v2\/media?parent=2047862"}],"wp:term":[{"taxonomy":"product_brand","embeddable":true,"href":"https:\/\/soldodubai.com\/pt\/wp-json\/wp\/v2\/product_brand?post=2047862"},{"taxonomy":"product_cat","embeddable":true,"href":"https:\/\/soldodubai.com\/pt\/wp-json\/wp\/v2\/product_cat?post=2047862"},{"taxonomy":"product_tag","embeddable":true,"href":"https:\/\/soldodubai.com\/pt\/wp-json\/wp\/v2\/product_tag?post=2047862"}],"curies":[{"name":"wp","href":"https:\/\/api.w.org\/{rel}","templated":true}]}}