{"id":2048018,"date":"2024-08-25T14:21:00","date_gmt":"2024-08-25T13:21:00","guid":{"rendered":"https:\/\/soldodubai.com\/?post_type=product&#038;p=2048018"},"modified":"2024-09-05T16:15:01","modified_gmt":"2024-09-05T15:15:01","slug":"mercedes-v250","status":"publish","type":"product","link":"https:\/\/soldodubai.com\/pt\/p\/mercedes-v250\/","title":{"rendered":"Mercedes V250"},"content":{"rendered":"<p><strong>Descri\u00e7\u00e3o do ve\u00edculo :<\/strong> O Mercedes V250 \u00e9 um MPV elegante e vers\u00e1til, ideal para viagens em grupo ou em fam\u00edlia no Dubai. Com o seu design moderno e equipamento confort\u00e1vel, oferece uma experi\u00eancia de condu\u00e7\u00e3o c\u00f3moda e pr\u00e1tica.<\/p>\n<p>&nbsp;<\/p>\n<p><strong>Caracter\u00edsticas :<\/strong><\/p>\n<ul>\n<li><strong>Tipo de combust\u00edvel<\/strong> : Diesel<\/li>\n<li><strong>Transmiss\u00e3o<\/strong> : Autom\u00e1tico<\/li>\n<li><strong>N\u00famero de lugares<\/strong> : 7<\/li>\n<li><strong>Cor<\/strong> Preto (a cor do ve\u00edculo n\u00e3o pode ser garantida)<\/li>\n<li><strong>Ano<\/strong> : 2023\/24<\/li>\n<\/ul>\n<p><strong>O que inclui a tarifa :<\/strong><\/p>\n<ul>\n<li>Entrega e recolha gratuitas de ve\u00edculos<\/li>\n<li>Seguro global<\/li>\n<li>250 km\/dia<\/li>\n<li>Servi\u00e7o de apoio ao cliente 24\/7<\/li>\n<\/ul>\n<p><strong>Condi\u00e7\u00f5es de aluguer :<\/strong><\/p>\n<ul>\n<li><strong>Idade m\u00ednima do condutor<\/strong> Idade: 21 anos<\/li>\n<li><strong>Carta de condu\u00e7\u00e3o<\/strong> Carta de condu\u00e7\u00e3o v\u00e1lida. Para as cartas de condu\u00e7\u00e3o emitidas por um pa\u00eds africano, asi\u00e1tico ou sul-americano, \u00e9 necess\u00e1rio ter uma carta de condu\u00e7\u00e3o internacional.<\/li>\n<li><strong>Seguros<\/strong> Todos os riscos (franquia a pagar em caso de acidente da responsabilidade do condutor)<\/li>\n<li><strong>Dep\u00f3sito<\/strong> Pagamento por cart\u00e3o de cr\u00e9dito, cart\u00e3o de d\u00e9bito ou dinheiro. O dep\u00f3sito \u00e9 debitado e devolvido no prazo de 20 dias \u00fateis se n\u00e3o houver danos ou multas.<\/li>\n<li><strong>Entrega<\/strong> No endere\u00e7o indicado pelo cliente, de acordo com o hor\u00e1rio preferido (manh\u00e3, tarde, noite, madrugada).<\/li>\n<li><strong>portagem SALIK<\/strong> 5,25 Dirhams por visita, a pagar no regresso ou deduzidos do dep\u00f3sito.<\/li>\n<li><strong>Em determinadas circunst\u00e2ncias<\/strong> A cor do ve\u00edculo n\u00e3o pode ser garantida e, nesse caso, pode ser oferecida outra cor ou outro ve\u00edculo (circunst\u00e2ncias: \u00e9poca alta, per\u00edodo de reserva curto, devolu\u00e7\u00e3o tardia do ve\u00edculo pelo cliente anterior, prolongamento do per\u00edodo de aluguer pelo cliente anterior, ve\u00edculo danificado pelo cliente anterior, ve\u00edculo parado na sequ\u00eancia de uma avaria, etc.).<\/li>\n<\/ul>\n<p><strong>\u00c9 bom saber:<\/strong><\/p>\n<ul>\n<li>Os arredores do Dubai disp\u00f5em de um sistema de portagens denominado SALIK. De cada vez que se passa a portagem, o c\u00f3digo de barras colocado no para-brisas do ve\u00edculo pisca e \u00e9 debitado o montante de 5,25 Dirhams. O total do SALIK pode ser pago aquando da devolu\u00e7\u00e3o do ve\u00edculo ou debitado do dep\u00f3sito, \u00e0 escolha do cliente.<\/li>\n<\/ul>\n<p><strong>Conselhos :<\/strong><\/p>\n<ul>\n<li>Quando o ve\u00edculo for entregue, recomendamos que fa\u00e7a um v\u00eddeo com o seu telem\u00f3vel para registar o estado do ve\u00edculo. Pode guardar este v\u00eddeo at\u00e9 \u00e0 devolu\u00e7\u00e3o do dep\u00f3sito. No momento da entrega do ve\u00edculo, \u00e9 favor declarar \u00e0 empresa de aluguer o n\u00famero correto de condutores (servi\u00e7o gratuito).<\/li>\n<\/ul>\n<p><strong>Internacional :<\/strong><\/p>\n<ul>\n<li>&nbsp;Os cidad\u00e3os com cartas de condu\u00e7\u00e3o de pa\u00edses africanos, asi\u00e1ticos ou sul-americanos necessitam de uma carta de condu\u00e7\u00e3o internacional.<\/li>\n<\/ul>\n<p><strong>Franquia :<\/strong><\/p>\n<ul>\n<li>&nbsp;Em caso de acidente com danos ligeiros ou moderados, \u00e9 favor preencher um relat\u00f3rio policial atrav\u00e9s da aplica\u00e7\u00e3o da pol\u00edcia de dubai. Em caso de danos graves, contactar a pol\u00edcia atrav\u00e9s do n\u00famero 999.<\/li>\n<li>Para a Rolls Royce, o franchise \u00e9 <span class=\"woocommerce-Price-amount amount\"><bdi>4,200.00&nbsp;<span class=\"woocommerce-Price-currencySymbol\">$<\/span><\/bdi><\/span> + 15% sobre o pre\u00e7o das repara\u00e7\u00f5es<\/li>\n<li>Para os supercarros (Lamborghini, Ferrari, McLaren, Mercedes, Porsche, Bentley), o excesso \u00e9 de <span class=\"woocommerce-Price-amount amount\"><bdi>4,200.00&nbsp;<span class=\"woocommerce-Price-currencySymbol\">$<\/span><\/bdi><\/span> + 20% sobre o pre\u00e7o das repara\u00e7\u00f5es<\/li>\n<li>Para os outros autom\u00f3veis de luxo, a franquia \u00e9 de 10 000 e de + 15% sobre o custo das repara\u00e7\u00f5es.<\/li>\n<\/ul>\n<p><strong>Informa\u00e7\u00f5es :<\/strong><\/p>\n<ul>\n<li>&nbsp;\u00c9 estritamente proibido fumar nos ve\u00edculos e ser\u00e1 objeto de uma san\u00e7\u00e3o de <span class=\"woocommerce-Price-amount amount\"><bdi>420.00&nbsp;<span class=\"woocommerce-Price-currencySymbol\">$<\/span><\/bdi><\/span><\/li>\n<li>As chaves perdidas s\u00e3o cobradas \u00e0 taxa do concession\u00e1rio.<\/li>\n<\/ul>","protected":false},"excerpt":{"rendered":"<p>Desfrute do conforto e da versatilidade do Mercedes V250 Black para as suas desloca\u00e7\u00f5es no Dubai. Espa\u00e7oso, moderno e equipado para satisfazer todas as suas necessidades de transporte em grupo ou em fam\u00edlia.<\/p>","protected":false},"featured_media":2047957,"template":"","meta":[],"product_brand":[],"product_cat":[561],"product_tag":[],"class_list":{"0":"post-2048018","1":"product","2":"type-product","3":"status-publish","4":"has-post-thumbnail","6":"product_cat-location","8":"first","9":"instock","10":"virtual","11":"purchasable","12":"product-type-simple"},"_links":{"self":[{"href":"https:\/\/soldodubai.com\/pt\/wp-json\/wp\/v2\/product\/2048018","targetHints":{"allow":["GET"]}}],"collection":[{"href":"https:\/\/soldodubai.com\/pt\/wp-json\/wp\/v2\/product"}],"about":[{"href":"https:\/\/soldodubai.com\/pt\/wp-json\/wp\/v2\/types\/product"}],"version-history":[{"count":0,"href":"https:\/\/soldodubai.com\/pt\/wp-json\/wp\/v2\/product\/2048018\/revisions"}],"wp:featuredmedia":[{"embeddable":true,"href":"https:\/\/soldodubai.com\/pt\/wp-json\/wp\/v2\/media\/2047957"}],"wp:attachment":[{"href":"https:\/\/soldodubai.com\/pt\/wp-json\/wp\/v2\/media?parent=2048018"}],"wp:term":[{"taxonomy":"product_brand","embeddable":true,"href":"https:\/\/soldodubai.com\/pt\/wp-json\/wp\/v2\/product_brand?post=2048018"},{"taxonomy":"product_cat","embeddable":true,"href":"https:\/\/soldodubai.com\/pt\/wp-json\/wp\/v2\/product_cat?post=2048018"},{"taxonomy":"product_tag","embeddable":true,"href":"https:\/\/soldodubai.com\/pt\/wp-json\/wp\/v2\/product_tag?post=2048018"}],"curies":[{"name":"wp","href":"https:\/\/api.w.org\/{rel}","templated":true}]}}