{"id":2048228,"date":"2020-08-19T23:10:56","date_gmt":"2020-08-19T22:10:56","guid":{"rendered":"https:\/\/soldodubai.com\/?post_type=product&#038;p=2048228"},"modified":"2024-09-10T23:13:13","modified_gmt":"2024-09-10T22:13:13","slug":"universo-aya","status":"publish","type":"product","link":"https:\/\/soldodubai.com\/pt\/p\/universo-aya\/","title":{"rendered":"UNIVERSO AYA"},"content":{"rendered":"<p>O Universo Aya \u00e9 uma experi\u00eancia imersiva e futurista. Com 4.000 metros quadrados, esta atra\u00e7\u00e3o \u00fanica convida-o a explorar doze c\u00e2maras tem\u00e1ticas distintas, cada uma abrindo para um universo fascinante. Com temas diferentes, o Aya Universe combina tecnologia e arte para oferecer experi\u00eancias visuais e sonoras cativantes.<\/p>\n<p>Poder\u00e1 descobrir jardins luminosos, gal\u00e1xias e muito mais ao seu pr\u00f3prio ritmo, num ambiente onde a imagina\u00e7\u00e3o n\u00e3o tem limites. Perfeito para fam\u00edlias e criadores de conte\u00fados, o Aya Universe promete momentos inesquec\u00edveis num cen\u00e1rio encantador.<\/p>\n<p>A entrada \u00e9 gratuita para visitantes com defici\u00eancia e crian\u00e7as com menos de 3 anos. Est\u00e1 tamb\u00e9m dispon\u00edvel um bilhete gratuito para um adulto acompanhante. Os bilhetes para estas categorias n\u00e3o est\u00e3o dispon\u00edveis com anteced\u00eancia, mas s\u00e3o garantidos \u00e0 chegada.<\/p>\n<p><strong>DESCRI\u00c7\u00c3O DO QUARTO :<\/strong><\/p>\n<p><strong>A fonte<\/strong><br \/>\nMergulhe em piscinas infinitas sincronizadas com a m\u00fasica, passeie sob uma c\u00fapula encantada e deixe-se cativar por um espet\u00e1culo de luz e som.<\/p>\n<p><strong>Deriva<\/strong><br \/>\nDeixe-se levar entre as estrelas, numa atmosfera relaxante e serena, embalada por sons suaves.<\/p>\n<p><strong>Outland<\/strong><br \/>\nDescobre um mundo fant\u00e1stico povoado por avatares e paisagens surreais.<\/p>\n<p><strong>Luna<\/strong><br \/>\nInteraja com paisagens lunares em mudan\u00e7a que revelam novas maravilhas a cada passo.<\/p>\n<p><strong>Celestia<\/strong><br \/>\nAdmire um espet\u00e1culo c\u00f3smico onde as constela\u00e7\u00f5es e as nebulosas ganham vida \u00e0 sua volta. Este lago com bolas \u00e9 perfeito para as crian\u00e7as, permitindo-lhes brincar enquanto exploram um universo estrelado m\u00e1gico.<\/p>\n<p><strong>A piscina<\/strong><br \/>\nCaminhe numa piscina de luz onde os seus movimentos criam ondas de luz e transformam o espa\u00e7o \u00e0 sua volta.<\/p>\n<p><strong>O rio<\/strong><br \/>\nCaminhe por um rio digital que reage a cada passo seu, criando tempestades coloridas sob seus p\u00e9s.<\/p>\n<p><strong>As cataratas<\/strong><br \/>\nTestemunhe uma cascata surrealista onde a \u00e1gua desafia a gravidade e flui para cima.<\/p>\n<p><strong>Mar\u00e9s<\/strong><br \/>\nDesfrute de uma experi\u00eancia pontuada por ondas de luz e som que o envolvem em harmonia com a m\u00fasica.<\/p>\n<p><strong>Flora<\/strong><br \/>\nMergulhe num jardim digital onde as flores reagem \u00e0 sua presen\u00e7a e florescem \u00e0 medida que se aproxima.<\/p>\n<p><strong>Harmonia<\/strong><br \/>\nDescubra um espa\u00e7o relaxante onde a m\u00fasica, a luz e a natureza se combinam para criar um ambiente harmonioso.<\/p>\n<p><strong>Aurora<\/strong><br \/>\nCrie a sua pr\u00f3pria sinfonia de luz e som atrav\u00e9s dos seus movimentos, tornando-se o int\u00e9rprete de um ballet c\u00f3smico.<\/p>\n<p>Hor\u00e1rio de abertura do parque :<br \/>\nDiariamente: das 10h00 \u00e0s 22h00 (\u00faltima entrada \u00e0s 21h00)<\/p>\n<p>O que inclui a tarifa :<br \/>\nA sua entrada no Universo Aya incluindo todas as salas<\/p>\n<p>Localiza\u00e7\u00e3o : Wafi mall<\/p>","protected":false},"excerpt":{"rendered":"<p>O Universo Aya \u00e9 uma experi\u00eancia imersiva e futurista. Com 4.000 metros quadrados, esta atra\u00e7\u00e3o \u00fanica convida-o a explorar doze c\u00e2maras tem\u00e1ticas distintas, cada uma abrindo para um universo fascinante. Com diferentes temas, o Aya Universe combina tecnologia e arte para oferecer experi\u00eancias visuais e sonoras...<\/p>","protected":false},"featured_media":2047878,"template":"","meta":[],"product_brand":[],"product_cat":[140,138,552],"product_tag":[],"class_list":{"0":"post-2048228","1":"product","2":"type-product","3":"status-publish","4":"has-post-thumbnail","6":"product_cat-activites","7":"product_cat-activites-en-ville-parcs-dattractions","8":"product_cat-activite-enfant","10":"first","11":"instock","12":"shipping-taxable","13":"purchasable","14":"product-type-simple"},"_links":{"self":[{"href":"https:\/\/soldodubai.com\/pt\/wp-json\/wp\/v2\/product\/2048228","targetHints":{"allow":["GET"]}}],"collection":[{"href":"https:\/\/soldodubai.com\/pt\/wp-json\/wp\/v2\/product"}],"about":[{"href":"https:\/\/soldodubai.com\/pt\/wp-json\/wp\/v2\/types\/product"}],"version-history":[{"count":0,"href":"https:\/\/soldodubai.com\/pt\/wp-json\/wp\/v2\/product\/2048228\/revisions"}],"wp:featuredmedia":[{"embeddable":true,"href":"https:\/\/soldodubai.com\/pt\/wp-json\/wp\/v2\/media\/2047878"}],"wp:attachment":[{"href":"https:\/\/soldodubai.com\/pt\/wp-json\/wp\/v2\/media?parent=2048228"}],"wp:term":[{"taxonomy":"product_brand","embeddable":true,"href":"https:\/\/soldodubai.com\/pt\/wp-json\/wp\/v2\/product_brand?post=2048228"},{"taxonomy":"product_cat","embeddable":true,"href":"https:\/\/soldodubai.com\/pt\/wp-json\/wp\/v2\/product_cat?post=2048228"},{"taxonomy":"product_tag","embeddable":true,"href":"https:\/\/soldodubai.com\/pt\/wp-json\/wp\/v2\/product_tag?post=2048228"}],"curies":[{"name":"wp","href":"https:\/\/api.w.org\/{rel}","templated":true}]}}