{"id":2048260,"date":"2018-10-17T13:16:37","date_gmt":"2018-10-17T12:16:37","guid":{"rendered":"https:\/\/soldodubai.com\/?post_type=product&#038;p=2048260"},"modified":"2024-12-21T01:06:03","modified_gmt":"2024-12-21T00:06:03","slug":"refeicao-mista-de-viagem-de-iate-2","status":"publish","type":"product","link":"https:\/\/soldodubai.com\/pt\/p\/refeicao-mista-de-viagem-de-iate-2\/","title":{"rendered":"FESTA DO IATE"},"content":{"rendered":"<p><strong><span style=\"font-size: 14pt;\">Passeio de iate sem nadar<\/span> <\/strong><br \/>\nDesfrute de uma viagem num super iate e combine a festa com a descoberta da costa do Dubai. Durante este passeio de barco, pode desfrutar de um saboroso churrasco preparado ao vivo no barco, bem como de hamb\u00fargueres americanos e outros aperitivos. Um DJ no conv\u00e9s incendiar\u00e1 a pista de dan\u00e7a do barco e far\u00e1 com que se divirta enquanto desfruta de uma vista incr\u00edvel dos arranha-c\u00e9us da Marina do Dubai, da Ba\u00eda de JBR e da Ponte Palm Jumeirah antes de chegar ao Burj Al Arab (o itiner\u00e1rio pode ser modificado em caso de mau tempo, mas o prestador de servi\u00e7os inform\u00e1-lo-\u00e1 quando chegar ao barco).<\/p>\n<p>-Reservado para adultos com mais de 21 anos<br \/>\n-Das 21h00 \u00e0 01h00<br \/>\n-Capacidade do barco 25 e 45 pessoas consoante o modelo. O barco \u00e9 adaptado em fun\u00e7\u00e3o do n\u00famero de participantes.<br \/>\n-C\u00f3digo de vestu\u00e1rio: chique e informal<\/p>\n<p><strong>Composi\u00e7\u00e3o do churrasco:<\/strong><br \/>\nEspetadas de carne de vaca e de frango<br \/>\nHamb\u00farguer de carne de vaca<br \/>\nrefrigerantes e \u00e1gua<\/p>\n<p><strong>O que inclui a tarifa:<\/strong><br \/>\nA visita de 4 horas<br \/>\nChurrasco \u00e0 discri\u00e7\u00e3o<br \/>\nBebidas alco\u00f3licas e n\u00e3o alco\u00f3licas ilimitadas<br \/>\nA tripula\u00e7\u00e3o a bordo<\/p>\n<p><strong>Localiza\u00e7\u00e3o:<\/strong> Marina do Dubai<\/p>","protected":false},"excerpt":{"rendered":"<p>Desfrute de uma viagem num super iate e combine a festa com a descoberta da costa do Dubai. Durante este passeio de barco, pode desfrutar de um saboroso churrasco preparado ao vivo no barco, bem como de hamb\u00fargueres americanos e outros aperitivos.<\/p>","protected":false},"featured_media":2048261,"template":"","meta":[],"product_brand":[],"product_cat":[150,553],"product_tag":[],"class_list":{"0":"post-2048260","1":"product","2":"type-product","3":"status-publish","4":"has-post-thumbnail","6":"product_cat-parc-dattractions-aquatiques","7":"product_cat-activite-couple","9":"first","10":"instock","11":"shipping-taxable","12":"purchasable","13":"product-type-simple"},"_links":{"self":[{"href":"https:\/\/soldodubai.com\/pt\/wp-json\/wp\/v2\/product\/2048260","targetHints":{"allow":["GET"]}}],"collection":[{"href":"https:\/\/soldodubai.com\/pt\/wp-json\/wp\/v2\/product"}],"about":[{"href":"https:\/\/soldodubai.com\/pt\/wp-json\/wp\/v2\/types\/product"}],"version-history":[{"count":0,"href":"https:\/\/soldodubai.com\/pt\/wp-json\/wp\/v2\/product\/2048260\/revisions"}],"wp:featuredmedia":[{"embeddable":true,"href":"https:\/\/soldodubai.com\/pt\/wp-json\/wp\/v2\/media\/2048261"}],"wp:attachment":[{"href":"https:\/\/soldodubai.com\/pt\/wp-json\/wp\/v2\/media?parent=2048260"}],"wp:term":[{"taxonomy":"product_brand","embeddable":true,"href":"https:\/\/soldodubai.com\/pt\/wp-json\/wp\/v2\/product_brand?post=2048260"},{"taxonomy":"product_cat","embeddable":true,"href":"https:\/\/soldodubai.com\/pt\/wp-json\/wp\/v2\/product_cat?post=2048260"},{"taxonomy":"product_tag","embeddable":true,"href":"https:\/\/soldodubai.com\/pt\/wp-json\/wp\/v2\/product_tag?post=2048260"}],"curies":[{"name":"wp","href":"https:\/\/api.w.org\/{rel}","templated":true}]}}