{"id":2048277,"date":"2015-01-01T15:00:18","date_gmt":"2015-01-01T14:00:18","guid":{"rendered":"https:\/\/soldodubai.com\/?post_type=product&#038;p=2048277"},"modified":"2025-01-27T03:40:35","modified_gmt":"2025-01-27T02:40:35","slug":"tour-com-guia","status":"publish","type":"product","link":"https:\/\/soldodubai.com\/pt\/p\/tour-com-guia\/","title":{"rendered":"Tour com Guia em Dubai"},"content":{"rendered":"<div class=\"page\" title=\"P\u00e1gina 1\">\n<div class=\"layoutArea\">\n<div class=\"column\">\n<p><strong>EXCURS\u00c3O DE DIA COMPLETO EM DUBAI (08 HORAS)<\/strong><\/p>\n<p>Descubra o encanto de Dubai emuma excurs\u00e3o de 8 a 9 horas que explora tanto a parte antiga quanto a nova da cidade. Esta jornada proporciona uma vis\u00e3o \u00fanica do passado, presente e futuro de um dos destinos mais emblem\u00e1ticos do mundo.<\/p>\n<p><strong>DUBAI ANTIGO:<\/strong><\/p>\n<p>A come\u00e7a adventura com a sa\u00edda do hotel, com uma parada para fotos no Zabeel Palace, a resid\u00eancia oficial de Sua Alteza Sheikh Mohammed bin Rashid Al Maktoum, o governante de Dubai.<\/p>\n<p>Em seguida, visitaremos o bairro hist\u00f3rico de Al Fahidi, o mais antigo de Dubai. Aqui, voc\u00ea ter\u00e1 um vislumbre de como era a vida na cidade antes da descoberta do petr\u00f3leo, com sua humilde origem como um porto de pescadores e comerciantes de p\u00e9rolas. Passeie pelas intermin\u00e1veis ru\u00ednas e absorva a atmosfera aut\u00eantica deste bairro hist\u00f3rico.<\/p>\n<p>Continuando a jornada pelo passado, voc\u00ea caminhar\u00e1 pelos mercados tradicionais, conhecidos como souks, onde poder\u00e1 encontrar uma variedade de artigos t\u00edpicos e experimentar a arte da negocia\u00e7\u00e3o ao estilo \u00e1rabe. Entre os mercados visitados est\u00e3o o Mercado dos T\u00eaxteis (Textile Souk), o Mercado das Especiarias (Spice Souk) e o famoso Mercado do Ouro (Gold Souk), onde voc\u00ea poder\u00e1 ver o maior anel de ouro do mundo, o Najmat Taiba, que det\u00e9m o recorde no Guinness.<\/p>\n<p>Entre as visitas aos mercados, voc\u00ea far\u00e1 um passeio em um abra, o barco tradicional Emirati, cruzando o Dubai Creek, um bra\u00e7o de mar natural do Golfo Ar\u00e1bico que corta a cidade ao meio. Essa travessia oferece uma experi\u00eancia aut\u00eantica e uma vis\u00e3o diferente da cidade.<\/p>\n<p>Antes de regressar ao hotel, faremos uma parada para fotos na Jumeirah Mosque, uma das mesquitas mais emblem\u00e1ticas de Dubai, constru\u00edda no estilo tradicional Fat\u00edmida e inaugurada em 1979.<\/p>\n<p><strong>DUBAI NOVO:<\/strong><\/p>\n<p>Depois de passarmos pela cidade antiga do Dubai, continu\u00e1mos a explorar o lado moderno e inovador da cidade. A primeira paragem \u00e9 em Dubai Marina, um dos distritos mais impressionantes, lar de uma das maiores marinas artificiais do mundo. Aqui, as \u00e1guas do Golfo Ar\u00e1bico voltam a entrar na cidade, criando uma nova orla rodeada de edif\u00edcios ic\u00f3nicos como a famosa Torre Cayan, conhecida pela sua tocha \u00fanica.<\/p>\n<p>Em seguida, visitamos a rec\u00e9m-inaugurada Bluewaters Island, uma ilha artificial que abriga \u00e1reas residenciais, de lazer,<\/p>\n<\/div>\n<\/div>\n<\/div>\n<div class=\"page\" title=\"P\u00e1gina 2\">\n<div class=\"layoutArea\">\n<div class=\"column\">\n<p>entretenimento e hot\u00e9is. Aqui, voc\u00ea encontra a Ain Dubai, ou Dubai Eye, a maior roda-gigante do mundo, com 250 metros de altura. Vamos tirar algumas fotos, embora a roda ainda n\u00e3o tenha sido inaugurada.<\/p>\n<p>Seguimos para a famosa Palm Jumeirah, uma ilha artificial em forma de palmeira, onde faremos uma parada para fotos em The Pointe, um novo centro de lazer da cidade, com vistas deslumbrantes para o Hotel Atlantis The Palm.<\/p>\n<p>Nossa pr\u00f3xima parada \u00e9 no Souq Madinat Jumeirah, um dos locais mais charmosos de Dubai, conhecido por sua arquitetura e decora\u00e7\u00e3o que misturam a heran\u00e7a \u00e1rabe com toques modernos. Parte do resort Madinat Jumeirah, este souk oferece vistas espectaculares sobre o ic\u00f3nico Burj Al Arab.<\/p>\n<p>Finalmente, conclu\u00edmos o passeio com uma parada para fotos junto ao Burj Al Arab, o famoso hotel de sete estrelas inaugurado em 1999. Com sua silhueta distinta em forma de vela de dhow \u00e1rabe, o Burj Al Arab \u00e9 um s\u00edmbolo do Dubai moderno. Erguendo-se numa ilha artificial a 280 metros da costa de Jumeirah, o hotel chega a uma altura impressionante de 321 metros, dominando a paisagem.<\/p>\n<p>Ap\u00f3s um dia repleto de descobertas e experi\u00eancias inesquec\u00edveis, voltamos ao seu hotel.<\/p>\n<\/div>\n<\/div>\n<\/div>","protected":false},"excerpt":{"rendered":"<p>EXCURS\u00c3O DE DIA COMPLETO EM DUBAI (08 HORAS) Descubra o encanto de Dubai emuma excurs\u00e3o de 8 a 9 horas que explora tanto a parte antiga quanto a nova da cidade. Esta jornada proporciona uma vis\u00e3o \u00fanica do passado, presente e futuro de um...<\/p>","protected":false},"featured_media":2048296,"template":"","meta":[],"product_brand":[],"product_cat":[140,138,449,457],"product_tag":[],"class_list":{"0":"post-2048277","1":"product","2":"type-product","3":"status-publish","4":"has-post-thumbnail","6":"product_cat-activites","7":"product_cat-activites-en-ville-parcs-dattractions","8":"product_cat-activities","9":"product_cat-city-activities-amusement-parks","11":"first","12":"instock","13":"shipping-taxable","14":"purchasable","15":"product-type-simple"},"_links":{"self":[{"href":"https:\/\/soldodubai.com\/pt\/wp-json\/wp\/v2\/product\/2048277","targetHints":{"allow":["GET"]}}],"collection":[{"href":"https:\/\/soldodubai.com\/pt\/wp-json\/wp\/v2\/product"}],"about":[{"href":"https:\/\/soldodubai.com\/pt\/wp-json\/wp\/v2\/types\/product"}],"version-history":[{"count":0,"href":"https:\/\/soldodubai.com\/pt\/wp-json\/wp\/v2\/product\/2048277\/revisions"}],"wp:featuredmedia":[{"embeddable":true,"href":"https:\/\/soldodubai.com\/pt\/wp-json\/wp\/v2\/media\/2048296"}],"wp:attachment":[{"href":"https:\/\/soldodubai.com\/pt\/wp-json\/wp\/v2\/media?parent=2048277"}],"wp:term":[{"taxonomy":"product_brand","embeddable":true,"href":"https:\/\/soldodubai.com\/pt\/wp-json\/wp\/v2\/product_brand?post=2048277"},{"taxonomy":"product_cat","embeddable":true,"href":"https:\/\/soldodubai.com\/pt\/wp-json\/wp\/v2\/product_cat?post=2048277"},{"taxonomy":"product_tag","embeddable":true,"href":"https:\/\/soldodubai.com\/pt\/wp-json\/wp\/v2\/product_tag?post=2048277"}],"curies":[{"name":"wp","href":"https:\/\/api.w.org\/{rel}","templated":true}]}}