{"id":2048291,"date":"2024-12-20T02:41:03","date_gmt":"2024-12-20T01:41:03","guid":{"rendered":"https:\/\/soldodubai.com\/?post_type=product&#038;p=2048291"},"modified":"2025-01-27T03:40:13","modified_gmt":"2025-01-27T02:40:13","slug":"tour-com-guia-em-abu-dhabi","status":"publish","type":"product","link":"https:\/\/soldodubai.com\/pt\/p\/tour-com-guia-em-abu-dhabi\/","title":{"rendered":"Tour com Guia em Abu Dhabi"},"content":{"rendered":"<div class=\"page\" title=\"P\u00e1gina 1\">\n<div class=\"layoutArea\">\n<div class=\"column\">\n<p><strong>EXCURS\u00c3O DE DIA COMPLETO EM ABU DHABI (08 HORAS) com guia em portugu\u00eas<\/strong><\/p>\n<p>Explore o passado rico, o presente vibrante e o futuro emocionante de Abu Dhabi em uma excurs\u00e3o de 8 a 9 horas pelo maior emirado dos Emirados \u00c1rabes Unidos. Depois de embarcar no seu hotel no Dubai, viajar\u00e1 ao longo da Costa do Golfo at\u00e9 Abu Dhabi, onde ouvir\u00e1 hist\u00f3rias fascinantes sobre uma das cidades mais bonitas do mundo.<\/p>\n<p>A primeira parada ser\u00e1 na majestosa Grande Mesquita Sheikh Zayed, um dos marcos mais ic\u00f4nicos de Abu Dhabi. Admire a impressionante estrutura de alvenaria branca da mesquita, que possui 82 luzes, lustres magn\u00edficos e intrincadas exibi\u00e7\u00f5es florais. N\u00e3o perca a oportunidade de ver a maior fita persa do mundo, que adorna o interior da mesquita.<\/p>\n<p>De seguida, faremos um passeio pela Corniche de Abu Dhabi, onde poder\u00e1 desfrutar de vistas panor\u00e2micas sobre o Golfo de Peresico e admirar as \u00e1guas cristalinas do porto. O passeio continua em dire\u00e7\u00e3o ao luxuoso Pal\u00e1cio dos Emirados, o pal\u00e1cio oficial do governo de Abu Dhabi. Em seguida, visitaremos outro marco da cidade, as Torres Etihad, famosas por sua arquitetura marcante. Se voc\u00ea assistiu ao filme 'Furious 7', vai reconhecer as torres imediatamente.<\/p>\n<p>A parada seguinte ser\u00e1 para o almo\u00e7o (n\u00e3o inclu\u00eddo no valor do tour) em um restaurante a definir em Abu Dhabi.<\/p>\n<p>Depois do almo\u00e7o, visitaremos o Heritage Village, onde voc\u00ea ser\u00e1 transportado de volta no tempo para explorar o engenhoso estilo de vida bedu\u00edno e a rica hist\u00f3ria dos Emirados \u00c1rabes Unidos. Este vilarejo tradicional oferece um vislumbre de como era a vida nos Emirados antes do boom do petr\u00f3leo, com suas cabanas de pedra, tendas bedu\u00ednas e casas feitas de folhas de palmeira. Na Aldeia do Patrim\u00f3nio, poder\u00e1 descobrir os trajes e tradi\u00e7\u00f5es antigas do pa\u00eds, bem como as particularidades das suas casas antigas, artesanatos e habita\u00e7\u00f5es.<\/p>\n<p>Ap\u00f3s esta rica experi\u00eancia cultural, iniciaremos a viagem de regresso ao Dubai.<\/p>\n<\/div>\n<\/div>\n<\/div>","protected":false},"excerpt":{"rendered":"<p>EXCURS\u00c3O DE DIA COMPLETO EM ABU DHABI (08 HORAS) com guia em portugu\u00eas Explore o passado rico, o presente vibrante e o futuro emocionante de Abu Dhabi em uma excurs\u00e3o de 8 a 9 horas pelo maior emirado dos Emirados \u00c1rabes Unidos. Ap\u00f3s o embarque...<\/p>","protected":false},"featured_media":2048297,"template":"","meta":[],"product_brand":[],"product_cat":[140,138,553,449,457],"product_tag":[],"class_list":{"0":"post-2048291","1":"product","2":"type-product","3":"status-publish","4":"has-post-thumbnail","6":"product_cat-activites","7":"product_cat-activites-en-ville-parcs-dattractions","8":"product_cat-activite-couple","9":"product_cat-activities","10":"product_cat-city-activities-amusement-parks","12":"first","13":"instock","14":"shipping-taxable","15":"purchasable","16":"product-type-simple"},"_links":{"self":[{"href":"https:\/\/soldodubai.com\/pt\/wp-json\/wp\/v2\/product\/2048291","targetHints":{"allow":["GET"]}}],"collection":[{"href":"https:\/\/soldodubai.com\/pt\/wp-json\/wp\/v2\/product"}],"about":[{"href":"https:\/\/soldodubai.com\/pt\/wp-json\/wp\/v2\/types\/product"}],"version-history":[{"count":0,"href":"https:\/\/soldodubai.com\/pt\/wp-json\/wp\/v2\/product\/2048291\/revisions"}],"wp:featuredmedia":[{"embeddable":true,"href":"https:\/\/soldodubai.com\/pt\/wp-json\/wp\/v2\/media\/2048297"}],"wp:attachment":[{"href":"https:\/\/soldodubai.com\/pt\/wp-json\/wp\/v2\/media?parent=2048291"}],"wp:term":[{"taxonomy":"product_brand","embeddable":true,"href":"https:\/\/soldodubai.com\/pt\/wp-json\/wp\/v2\/product_brand?post=2048291"},{"taxonomy":"product_cat","embeddable":true,"href":"https:\/\/soldodubai.com\/pt\/wp-json\/wp\/v2\/product_cat?post=2048291"},{"taxonomy":"product_tag","embeddable":true,"href":"https:\/\/soldodubai.com\/pt\/wp-json\/wp\/v2\/product_tag?post=2048291"}],"curies":[{"name":"wp","href":"https:\/\/api.w.org\/{rel}","templated":true}]}}