{"id":23303,"date":"2019-12-29T18:21:00","date_gmt":"2019-12-29T17:21:00","guid":{"rendered":"http:\/\/13.36.35.205\/?post_type=product&#038;p=23303"},"modified":"2024-08-02T16:41:29","modified_gmt":"2024-08-02T15:41:29","slug":"sessaofotograficaflyingdress","status":"publish","type":"product","link":"https:\/\/soldodubai.com\/pt\/p\/sessaofotograficaflyingdress\/","title":{"rendered":"SESS\u00c3O FOTOGR\u00c1FICA FLYING DRESS"},"content":{"rendered":"<p style=\"text-align: justify;\">Imortalize e desfrute de um momento maravilhoso no cora\u00e7\u00e3o do deserto, no centro da cidade com vista para o Burj Khalifa ou na praia.  Tamb\u00e9m pode escolher outro local se tiver autoriza\u00e7\u00e3o. Fique no seu melhor com um dos Flying Dresses na cor da sua escolha. Uma experi\u00eancia \u00fanica no deserto para viver sozinha, em casal, com a fam\u00edlia ou amigos, rodeado por uma equipa feminina 100% para seu conforto.<\/p>\n<p>Se escolher a op\u00e7\u00e3o de maquilhagem e penteado, este servi\u00e7o ter\u00e1 lugar no seu quarto de hotel ou apartamento. Este servi\u00e7o realizar-se-\u00e1 entre 2 e 2,5 horas antes da hora da sess\u00e3o fotogr\u00e1fica.<\/p>\n<p style=\"text-align: justify;\">O pacote individual, m\u00e3e\/filha e casal inclui fotografias individuais e de duo\/casal:<\/p>\n<ul>\n<li style=\"text-align: justify;\">O t\u00e1xi de buggy para a duna<\/li>\n<li>O vestido \u00e0 sua escolha, OU 1 vestido de adulto e 1 vestido de crian\u00e7a at\u00e9 aos 12 anos para o pacote m\u00e3e\/filha<\/li>\n<li>1 kandura de homem com keffiyeh (n\u00e3o obrigat\u00f3rio)<\/li>\n<li>A sess\u00e3o fotogr\u00e1fica de 1 hora<\/li>\n<li>Todas as fotografias tiradas<\/li>\n<li>10 fotografias retocadas<\/li>\n<\/ul>\n<p style=\"text-align: justify;\">O pacote duo inclui fotografias individuais e duplas:<\/p>\n<ul>\n<li style=\"text-align: justify;\">O t\u00e1xi de buggy para a duna<\/li>\n<li>2 vestidos \u00e0 sua escolha<\/li>\n<li>A sess\u00e3o fotogr\u00e1fica de 1 hora<\/li>\n<li>Todas as fotografias tiradas<\/li>\n<li>14 fotografias retocadas<\/li>\n<\/ul>\n<p style=\"text-align: justify;\">O pack para 3 pessoas inclui fotografias individuais e de grupo:<\/p>\n<ul>\n<li style=\"text-align: justify;\">O t\u00e1xi de buggy para a duna<\/li>\n<li>O vestido da sua escolha<\/li>\n<li>A sess\u00e3o fotogr\u00e1fica de uma hora e meia<\/li>\n<li>Todas as fotografias tiradas<\/li>\n<li>18 fotografias retocadas<\/li>\n<\/ul>\n<p style=\"text-align: justify;\">Cores de vestidos dispon\u00edveis :<\/p>\n<ul>\n<li>Rosa f\u00facsia<\/li>\n<li>Vermelho<\/li>\n<li>Amarelo<\/li>\n<li>Azul turquesa<\/li>\n<li>Azul turquesa metalizado<\/li>\n<li>Blanche<\/li>\n<li>Ouro rosa<\/li>\n<li>Violeta<\/li>\n<li>Verde-esmeralda<\/li>\n<li>Azul real<\/li>\n<li>Azul Royal Met\u00e1lico<\/li>\n<li>Bi-cor rosa p\u00f3 e azul c\u00e9u<\/li>\n<li>Laranja<\/li>\n<li>Preto<\/li>\n<\/ul>\n<p>Os tamanhos s\u00e3o ajust\u00e1veis de XS a XXXL.<\/p>\n<p>&nbsp;<\/p>\n<div id=\"ypm-extension\" class=\"ypm-extension\"><\/div>","protected":false},"excerpt":{"rendered":"<p>&nbsp;<\/p>\n<div id=\"ypm-extension\" class=\"ypm-extension\"><\/div>\n<div id=\"ypm-extension\" class=\"ypm-extension\"><\/div>\n<div id=\"ypm-extension\" class=\"ypm-extension\"><\/div>\n<div id=\"ypm-extension\" class=\"ypm-extension\"><\/div>","protected":false},"featured_media":2026864,"template":"","meta":[],"product_brand":[],"product_cat":[140,437,536,553],"product_tag":[],"class_list":{"0":"post-23303","1":"product","2":"type-product","3":"status-publish","4":"has-post-thumbnail","6":"product_cat-activites","7":"product_cat-activites-dans-le-desert-activites","8":"product_cat-activites-dans-le-desert","9":"product_cat-activite-couple","11":"first","12":"instock","13":"virtual","14":"purchasable","15":"product-type-simple"},"_links":{"self":[{"href":"https:\/\/soldodubai.com\/pt\/wp-json\/wp\/v2\/product\/23303","targetHints":{"allow":["GET"]}}],"collection":[{"href":"https:\/\/soldodubai.com\/pt\/wp-json\/wp\/v2\/product"}],"about":[{"href":"https:\/\/soldodubai.com\/pt\/wp-json\/wp\/v2\/types\/product"}],"version-history":[{"count":0,"href":"https:\/\/soldodubai.com\/pt\/wp-json\/wp\/v2\/product\/23303\/revisions"}],"wp:featuredmedia":[{"embeddable":true,"href":"https:\/\/soldodubai.com\/pt\/wp-json\/wp\/v2\/media\/2026864"}],"wp:attachment":[{"href":"https:\/\/soldodubai.com\/pt\/wp-json\/wp\/v2\/media?parent=23303"}],"wp:term":[{"taxonomy":"product_brand","embeddable":true,"href":"https:\/\/soldodubai.com\/pt\/wp-json\/wp\/v2\/product_brand?post=23303"},{"taxonomy":"product_cat","embeddable":true,"href":"https:\/\/soldodubai.com\/pt\/wp-json\/wp\/v2\/product_cat?post=23303"},{"taxonomy":"product_tag","embeddable":true,"href":"https:\/\/soldodubai.com\/pt\/wp-json\/wp\/v2\/product_tag?post=23303"}],"curies":[{"name":"wp","href":"https:\/\/api.w.org\/{rel}","templated":true}]}}